{"id":1011,"date":"2025-01-10T21:03:52","date_gmt":"2025-01-10T18:03:52","guid":{"rendered":"https:\/\/royalgardenbeach.com\/?page_id=1011"},"modified":"2025-01-25T01:05:09","modified_gmt":"2025-01-24T22:05:09","slug":"hakkimizda","status":"publish","type":"page","link":"https:\/\/royalgardenbeach.com\/de\/hakkimizda\/","title":{"rendered":"Hakk\u0131mizda"},"content":{"rendered":"<div data-elementor-type=\"wp-page\" data-elementor-id=\"1011\" class=\"elementor elementor-1011\">\n\t\t\t\t<div class=\"elementor-element elementor-element-2d10376 e-flex e-con-boxed e-con e-parent\" data-id=\"2d10376\" data-element_type=\"container\" data-settings=\"{&quot;background_background&quot;:&quot;classic&quot;,&quot;jet_parallax_layout_list&quot;:[]}\">\n\t\t\t\t\t<div class=\"e-con-inner\">\n\t\t\t\t<div class=\"elementor-element elementor-element-4a19c55 elementor-widget elementor-widget-heading\" data-id=\"4a19c55\" data-element_type=\"widget\" data-widget_type=\"heading.default\">\n\t\t\t\t<div class=\"elementor-widget-container\">\n\t\t\t\t\t<h2 class=\"elementor-heading-title elementor-size-default\">\u00dcber uns<\/h2>\t\t\t\t<\/div>\n\t\t\t\t<\/div>\n\t\t\t\t\t<\/div>\n\t\t\t\t<\/div>\n\t\t<div class=\"elementor-element elementor-element-0a33436 e-flex e-con-boxed e-con e-parent\" data-id=\"0a33436\" data-element_type=\"container\" data-settings=\"{&quot;jet_parallax_layout_list&quot;:[]}\">\n\t\t\t\t\t<div class=\"e-con-inner\">\n\t\t<div class=\"elementor-element elementor-element-3d81e71 e-con-full e-flex elementor-invisible e-con e-child\" data-id=\"3d81e71\" data-element_type=\"container\" data-settings=\"{&quot;jet_parallax_layout_list&quot;:[],&quot;animation&quot;:&quot;fadeInLeft&quot;}\">\n\t\t\t\t<div class=\"elementor-element elementor-element-62086ea elementor-widget elementor-widget-image\" data-id=\"62086ea\" data-element_type=\"widget\" data-widget_type=\"image.default\">\n\t\t\t\t<div class=\"elementor-widget-container\">\n\t\t\t\t\t\t\t\t\t\t\t\t\t\t\t<img fetchpriority=\"high\" decoding=\"async\" width=\"1024\" height=\"682\" src=\"https:\/\/royalgardenbeach.com\/wp-content\/uploads\/2025\/01\/Havuzlar-6-1024x682.webp\" class=\"attachment-large size-large wp-image-919\" alt=\"\" srcset=\"https:\/\/royalgardenbeach.com\/wp-content\/uploads\/2025\/01\/Havuzlar-6-1024x682.webp 1024w, https:\/\/royalgardenbeach.com\/wp-content\/uploads\/2025\/01\/Havuzlar-6-300x200.webp 300w, https:\/\/royalgardenbeach.com\/wp-content\/uploads\/2025\/01\/Havuzlar-6-768x512.webp 768w, https:\/\/royalgardenbeach.com\/wp-content\/uploads\/2025\/01\/Havuzlar-6-1536x1024.webp 1536w, https:\/\/royalgardenbeach.com\/wp-content\/uploads\/2025\/01\/Havuzlar-6-2048x1365.webp 2048w, https:\/\/royalgardenbeach.com\/wp-content\/uploads\/2025\/01\/Havuzlar-6-18x12.webp 18w\" sizes=\"(max-width: 1024px) 100vw, 1024px\" \/>\t\t\t\t\t\t\t\t\t\t\t\t\t\t\t<\/div>\n\t\t\t\t<\/div>\n\t\t\t\t<\/div>\n\t\t<div class=\"elementor-element elementor-element-bceac40 e-con-full e-flex elementor-invisible e-con e-child\" data-id=\"bceac40\" data-element_type=\"container\" data-settings=\"{&quot;jet_parallax_layout_list&quot;:[],&quot;animation&quot;:&quot;fadeInRight&quot;}\">\n\t\t\t\t<div class=\"elementor-element elementor-element-3346fe1 elementor-drop-cap-yes elementor-drop-cap-view-default elementor-widget elementor-widget-text-editor\" data-id=\"3346fe1\" data-element_type=\"widget\" data-settings=\"{&quot;drop_cap&quot;:&quot;yes&quot;}\" data-widget_type=\"text-editor.default\">\n\t\t\t\t<div class=\"elementor-widget-container\">\n\t\t\t\t\t\t\t\t\t<p>Das Royal Garden Beach Hotel liegt in Konakl\u0131, Alanya, eingebettet zwischen dem Taurusgebirge und der einzigartigen Mittelmeerk\u00fcste. Mit seiner Lage direkt am Strand und zahlreichen Annehmlichkeiten bietet es seinen G\u00e4sten ein unvergessliches Urlaubserlebnis.<\/p><p>Unser Hotel verf\u00fcgt \u00fcber Zimmer mit moderner Einrichtung und sorgf\u00e4ltig ausgew\u00e4hltem Mobiliar, die h\u00f6chsten Komfort bieten. Mit verschiedenen Zimmeroptionen, die ideal f\u00fcr Familienurlaube oder Flitterwochen sind, erf\u00fcllen wir die Erwartungen aller unserer G\u00e4ste.<\/p><div class=\"relative inline-flex items-center\"><p>Im Rahmen unseres Ultra-All-Inclusive-Konzepts bereiten unsere Meisterk\u00f6che t\u00fcrkische und internationale Gerichte zu, die Ihren Gaumen zu jeder Tageszeit erfreuen. Genie\u00dfen Sie angenehme Momente mit unserer reichhaltigen Getr\u00e4nkekarte, die von erfahrenen Barkeepern zusammengestellt wurde.<\/p><div class=\"relative inline-flex items-center\">\u00a0<\/div><\/div>\t\t\t\t\t\t\t\t<\/div>\n\t\t\t\t<\/div>\n\t\t\t\t<\/div>\n\t\t\t\t\t<\/div>\n\t\t\t\t<\/div>\n\t\t<div class=\"elementor-element elementor-element-6d9f177 e-flex e-con-boxed e-con e-parent\" data-id=\"6d9f177\" data-element_type=\"container\" data-settings=\"{&quot;jet_parallax_layout_list&quot;:[]}\">\n\t\t\t\t\t<div class=\"e-con-inner\">\n\t\t<div class=\"elementor-element elementor-element-1100a86 e-con-full e-flex elementor-invisible e-con e-child\" data-id=\"1100a86\" data-element_type=\"container\" data-settings=\"{&quot;jet_parallax_layout_list&quot;:[],&quot;animation&quot;:&quot;fadeInLeft&quot;}\">\n\t\t\t\t<div class=\"elementor-element elementor-element-b325bd1 elementor-align-left elementor-widget elementor-widget-raven-heading\" data-id=\"b325bd1\" data-element_type=\"widget\" data-widget_type=\"raven-heading.default\">\n\t\t\t\t<div class=\"elementor-widget-container\">\n\t\t\t\t\t\t\t<div class=\"raven-widget-wrapper\"><h2 class=\"raven-heading raven-heading-h2\"><span class=\"raven-heading-title\">Unsere Mission<\/span><\/h2><\/div>\r\n\t\t\t\t\t\t<\/div>\n\t\t\t\t<\/div>\n\t\t\t\t<div class=\"elementor-element elementor-element-5ae9e72 elementor-drop-cap-yes elementor-drop-cap-view-default elementor-widget elementor-widget-text-editor\" data-id=\"5ae9e72\" data-element_type=\"widget\" data-settings=\"{&quot;drop_cap&quot;:&quot;yes&quot;}\" data-widget_type=\"text-editor.default\">\n\t\t\t\t<div class=\"elementor-widget-container\">\n\t\t\t\t\t\t\t\t\t<p>Wir m\u00f6chten unseren G\u00e4sten ein unvergessliches Urlaubserlebnis an den bezaubernden K\u00fcsten des Mittelmeers bieten. Wir bieten au\u00dfergew\u00f6hnliche Unterk\u00fcnfte, reichhaltige kulinarische Gen\u00fcsse und einen tadellosen Service, der auf die Bed\u00fcrfnisse von G\u00e4sten aller Altersgruppen und Vorlieben zugeschnitten ist. Wir sind bestrebt, maximale G\u00e4stezufriedenheit zu gew\u00e4hrleisten und Momente der Freude, des Friedens und wertvoller Erinnerungen zu schaffen.<\/p>\t\t\t\t\t\t\t\t<\/div>\n\t\t\t\t<\/div>\n\t\t\t\t<\/div>\n\t\t<div class=\"elementor-element elementor-element-e91c842 e-con-full e-flex elementor-invisible e-con e-child\" data-id=\"e91c842\" data-element_type=\"container\" data-settings=\"{&quot;jet_parallax_layout_list&quot;:[],&quot;animation&quot;:&quot;fadeInRight&quot;}\">\n\t\t\t\t<div class=\"elementor-element elementor-element-8d456da elementor-align-left elementor-widget elementor-widget-raven-heading\" data-id=\"8d456da\" data-element_type=\"widget\" data-widget_type=\"raven-heading.default\">\n\t\t\t\t<div class=\"elementor-widget-container\">\n\t\t\t\t\t\t\t<div class=\"raven-widget-wrapper\"><h2 class=\"raven-heading raven-heading-h2\"><span class=\"raven-heading-title\">Unsere Vision<\/span><\/h2><\/div>\r\n\t\t\t\t\t\t<\/div>\n\t\t\t\t<\/div>\n\t\t\t\t<div class=\"elementor-element elementor-element-750f2e7 elementor-drop-cap-yes elementor-drop-cap-view-default elementor-widget elementor-widget-text-editor\" data-id=\"750f2e7\" data-element_type=\"widget\" data-settings=\"{&quot;drop_cap&quot;:&quot;yes&quot;}\" data-widget_type=\"text-editor.default\">\n\t\t\t\t<div class=\"elementor-widget-container\">\n\t\t\t\t\t\t\t\t\t<p>Im Royal Garden Beach Hotel streben wir danach, eines der renommiertesten Urlaubsziele an der t\u00fcrkischen Riviera zu sein. Wir m\u00f6chten mit unserem Engagement f\u00fcr hervorragende Gastfreundschaft die Branche anf\u00fchren und eine Marke werden, die f\u00fcr Qualit\u00e4t und Einzigartigkeit steht. Durch unseren umweltbewussten Ansatz streben wir danach, den G\u00e4sten von heute und den Reisenden von morgen ein einmaliges Erlebnis zu bieten.<\/p>\t\t\t\t\t\t\t\t<\/div>\n\t\t\t\t<\/div>\n\t\t\t\t<\/div>\n\t\t\t\t\t<\/div>\n\t\t\t\t<\/div>\n\t\t<div class=\"elementor-element elementor-element-af9250e e-flex e-con-boxed e-con e-parent\" data-id=\"af9250e\" data-element_type=\"container\" data-settings=\"{&quot;jet_parallax_layout_list&quot;:[]}\">\n\t\t\t\t\t<div class=\"e-con-inner\">\n\t\t<div class=\"elementor-element elementor-element-058334d e-con-full e-flex elementor-invisible e-con e-child\" data-id=\"058334d\" data-element_type=\"container\" data-settings=\"{&quot;jet_parallax_layout_list&quot;:[],&quot;animation&quot;:&quot;fadeInLeft&quot;}\">\n\t\t\t\t<div class=\"elementor-element elementor-element-06bf0da elementor-align-left elementor-widget elementor-widget-raven-heading\" data-id=\"06bf0da\" data-element_type=\"widget\" data-widget_type=\"raven-heading.default\">\n\t\t\t\t<div class=\"elementor-widget-container\">\n\t\t\t\t\t\t\t<div class=\"raven-widget-wrapper\"><h2 class=\"raven-heading raven-heading-h2\"><span class=\"raven-heading-title\">Unsere Werte<\/span><\/h2><\/div>\r\n\t\t\t\t\t\t<\/div>\n\t\t\t\t<\/div>\n\t\t\t\t<div class=\"elementor-element elementor-element-f6cdddb elementor-drop-cap-yes elementor-drop-cap-view-default elementor-widget elementor-widget-text-editor\" data-id=\"f6cdddb\" data-element_type=\"widget\" data-settings=\"{&quot;drop_cap&quot;:&quot;yes&quot;}\" data-widget_type=\"text-editor.default\">\n\t\t\t\t<div class=\"elementor-widget-container\">\n\t\t\t\t\t\t\t\t\t<p>Das Gl\u00fcck und der Komfort unserer G\u00e4ste stehen im Mittelpunkt unseres Handelns. Wir sind bestrebt, ihnen einen hochwertigen und au\u00dfergew\u00f6hnlichen Service zu bieten. Indem wir die h\u00f6chsten Standards bei unseren Dienstleistungen einhalten und auf jedes Detail achten, m\u00f6chten wir ein einwandfreies Erlebnis bieten. Mit unserer herzlichen, aufrichtigen und echten Gastfreundschaft sorgen wir daf\u00fcr, dass sich unsere G\u00e4ste wie zu Hause f\u00fchlen. Eine unserer obersten Priorit\u00e4ten ist es, die Erwartungen von G\u00e4sten aus verschiedenen Kulturen zu verstehen und ma\u00dfgeschneiderte L\u00f6sungen anzubieten, die ihren Bed\u00fcrfnissen gerecht werden. Mit einem umweltbewussten Ansatz handeln wir im Bewusstsein der Erhaltung nat\u00fcrlicher Ressourcen und integrieren Nachhaltigkeit in jeden Aspekt unserer Gesch\u00e4ftst\u00e4tigkeit. Um sicherzustellen, dass wir immer die besten und innovativsten Erlebnisse bieten, entwickeln wir kontinuierlich neue L\u00f6sungen und streben nach st\u00e4ndiger Verbesserung.<\/p>\t\t\t\t\t\t\t\t<\/div>\n\t\t\t\t<\/div>\n\t\t\t\t<\/div>\n\t\t<div class=\"elementor-element elementor-element-e2b8576 e-con-full e-flex elementor-invisible e-con e-child\" data-id=\"e2b8576\" data-element_type=\"container\" data-settings=\"{&quot;jet_parallax_layout_list&quot;:[],&quot;animation&quot;:&quot;fadeInRight&quot;}\">\n\t\t\t\t<div class=\"elementor-element elementor-element-7137bd3 raven-player-style1 elementor-widget elementor-widget-raven-video\" data-id=\"7137bd3\" data-element_type=\"widget\" data-settings=\"{&quot;video_type&quot;:&quot;vimeo&quot;,&quot;progress_bar&quot;:&quot;yes&quot;,&quot;current_time&quot;:&quot;yes&quot;,&quot;fullscreen&quot;:&quot;yes&quot;,&quot;rewind&quot;:&quot;yes&quot;,&quot;fast_forward&quot;:&quot;yes&quot;}\" data-widget_type=\"raven-video.default\">\n\t\t\t\t<div class=\"elementor-widget-container\">\n\t\t\t\t\t\t\t<div class=\"raven-widget-wrapper sticky-close raven-video-mejs-player\">\r\n\t\t\t\r\n\t\t\t\r\n\t\t\t\t\t\t\r\n\t\t\t\t\t<div class=\"raven-video raven-video-inline\">\r\n\t\t\t\t\t\t<iframe class=\"raven-video-mejs-player\" allowfullscreen allow=\"autoplay\" title=\"Vimeo Video Player\" src=\"https:\/\/player.vimeo.com\/video\/901115757?autoplay=0&amp;loop=0&amp;title=1&amp;portrait=1&amp;byline=1&amp;mute=0&amp;color&amp;autopause=0&amp;controls=0&amp;muted=0#t=\"><\/iframe>\t\t\t\t\t<\/div>\r\n\r\n\t\t\t\t\t<\/div>\r\n\t\t\t\t\t\t<\/div>\n\t\t\t\t<\/div>\n\t\t\t\t<\/div>\n\t\t\t\t\t<\/div>\n\t\t\t\t<\/div>\n\t\t\t\t<\/div>","protected":false},"excerpt":{"rendered":"<p>\u00dcber uns Das Royal Garden Beach Hotel liegt in Konakl\u0131, Alanya, eingebettet zwischen dem Taurusgebirge und der einzigartigen Mittelmeerk\u00fcste. Dank seiner Lage direkt am Strand und der umfangreichen Ausstattung bietet es seinen G\u00e4sten ein unvergessliches Urlaubserlebnis. Unser Hotel bietet modern eingerichtete Zimmer mit sorgf\u00e4ltig ausgew\u00e4hlter Ausstattung f\u00fcr h\u00f6chsten Komfort. Mit verschiedenen Zimmeroptionen [\u2026]<\/p>","protected":false},"author":1,"featured_media":0,"parent":0,"menu_order":0,"comment_status":"closed","ping_status":"closed","template":"elementor_header_footer","meta":{"_acf_changed":false,"footnotes":""},"class_list":["post-1011","page","type-page","status-publish","hentry"],"acf":[],"_links":{"self":[{"href":"https:\/\/royalgardenbeach.com\/de\/wp-json\/wp\/v2\/pages\/1011","targetHints":{"allow":["GET"]}}],"collection":[{"href":"https:\/\/royalgardenbeach.com\/de\/wp-json\/wp\/v2\/pages"}],"about":[{"href":"https:\/\/royalgardenbeach.com\/de\/wp-json\/wp\/v2\/types\/page"}],"author":[{"embeddable":true,"href":"https:\/\/royalgardenbeach.com\/de\/wp-json\/wp\/v2\/users\/1"}],"replies":[{"embeddable":true,"href":"https:\/\/royalgardenbeach.com\/de\/wp-json\/wp\/v2\/comments?post=1011"}],"version-history":[{"count":9,"href":"https:\/\/royalgardenbeach.com\/de\/wp-json\/wp\/v2\/pages\/1011\/revisions"}],"predecessor-version":[{"id":1602,"href":"https:\/\/royalgardenbeach.com\/de\/wp-json\/wp\/v2\/pages\/1011\/revisions\/1602"}],"wp:attachment":[{"href":"https:\/\/royalgardenbeach.com\/de\/wp-json\/wp\/v2\/media?parent=1011"}],"curies":[{"name":"wp","href":"https:\/\/api.w.org\/{rel}","templated":true}]}}