{"id":1115,"date":"2025-01-10T23:03:32","date_gmt":"2025-01-10T20:03:32","guid":{"rendered":"https:\/\/royalgardenbeach.com\/?page_id=1115"},"modified":"2025-01-25T17:31:26","modified_gmt":"2025-01-25T14:31:26","slug":"pool-beach","status":"publish","type":"page","link":"https:\/\/royalgardenbeach.com\/de\/pool-beach\/","title":{"rendered":"Pool und Strand"},"content":{"rendered":"<div data-elementor-type=\"wp-page\" data-elementor-id=\"1115\" class=\"elementor elementor-1115\">\n\t\t\t\t<div class=\"elementor-element elementor-element-0417725 e-flex e-con-boxed e-con e-parent\" data-id=\"0417725\" data-element_type=\"container\" data-settings=\"{&quot;background_background&quot;:&quot;classic&quot;,&quot;jet_parallax_layout_list&quot;:[]}\">\n\t\t\t\t\t<div class=\"e-con-inner\">\n\t\t\t\t<div class=\"elementor-element elementor-element-b4d7c74 elementor-widget elementor-widget-heading\" data-id=\"b4d7c74\" data-element_type=\"widget\" data-widget_type=\"heading.default\">\n\t\t\t\t<div class=\"elementor-widget-container\">\n\t\t\t\t\t<h2 class=\"elementor-heading-title elementor-size-default\">Pool und Strand<\/h2>\t\t\t\t<\/div>\n\t\t\t\t<\/div>\n\t\t\t\t\t<\/div>\n\t\t\t\t<\/div>\n\t\t<div class=\"elementor-element elementor-element-8734a8b e-flex e-con-boxed elementor-invisible e-con e-parent\" data-id=\"8734a8b\" data-element_type=\"container\" data-settings=\"{&quot;jet_parallax_layout_list&quot;:[],&quot;animation&quot;:&quot;fadeInUp&quot;}\">\n\t\t\t\t\t<div class=\"e-con-inner\">\n\t\t\t\t<div class=\"elementor-element elementor-element-d3f8a07 elementor-widget elementor-widget-jet-animated-text\" data-id=\"d3f8a07\" data-element_type=\"widget\" data-widget_type=\"jet-animated-text.default\">\n\t\t\t\t<div class=\"elementor-widget-container\">\n\t\t\t\t\t<div class=\"elementor-jet-animated-text jet-elements\">\n<div class=\"jet-animated-text jet-animated-text--effect-fx11\" data-settings='{\"effect\":\"fx11\",\"delay\":3000}'>\n\t<div class=\"jet-animated-text__before-text\">\n\t<span>A<\/span>&nbsp;<\/div>\n\t<div class=\"jet-animated-text__animated-text\">\n<div class=\"jet-animated-text__animated-text-item active visible\" dir=\"ltr\">\n\t<span>Leinwand<\/span>&nbsp;<\/div>\n<div class=\"jet-animated-text__animated-text-item\" dir=\"ltr\">\n\t<span>Tanzen<\/span>&nbsp;<span><\/span>&nbsp;<\/div>\n<div class=\"jet-animated-text__animated-text-item\" dir=\"ltr\">\n\t<span>Brise<\/span>&nbsp;<span><\/span>&nbsp;<\/div>\n<div class=\"jet-animated-text__animated-text-item\" dir=\"ltr\">\n\t<span>Gl\u00fchen<\/span>&nbsp;<span><\/span>&nbsp;<\/div>\n<div class=\"jet-animated-text__animated-text-item\" dir=\"ltr\">\n\t<span>Traum<\/span>&nbsp;<span><\/span>&nbsp;<\/div>\n<\/div>\t<div class=\"jet-animated-text__after-text\">\n\t<span>von<\/span>&nbsp;<span>Blau<\/span><\/div><\/div><\/div>\t\t\t\t<\/div>\n\t\t\t\t<\/div>\n\t\t\t\t\t<\/div>\n\t\t\t\t<\/div>\n\t\t<div class=\"elementor-element elementor-element-ed3cab9 e-flex e-con-boxed e-con e-parent\" data-id=\"ed3cab9\" data-element_type=\"container\" data-settings=\"{&quot;jet_parallax_layout_list&quot;:[]}\">\n\t\t\t\t\t<div class=\"e-con-inner\">\n\t\t<div class=\"elementor-element elementor-element-282b926 e-con-full e-flex elementor-invisible e-con e-child\" data-id=\"282b926\" data-element_type=\"container\" data-settings=\"{&quot;jet_parallax_layout_list&quot;:[],&quot;animation&quot;:&quot;fadeInLeft&quot;}\">\n\t\t\t\t<div class=\"elementor-element elementor-element-21d359c elementor-align-left elementor-widget elementor-widget-raven-heading\" data-id=\"21d359c\" data-element_type=\"widget\" data-widget_type=\"raven-heading.default\">\n\t\t\t\t<div class=\"elementor-widget-container\">\n\t\t\t\t\t\t\t<div class=\"raven-widget-wrapper\"><h2 class=\"raven-heading raven-heading-h2\"><span class=\"raven-heading-title\">Pools &amp; Str\u00e4nde<\/span><\/h2><\/div>\r\n\t\t\t\t\t\t<\/div>\n\t\t\t\t<\/div>\n\t\t\t\t<div class=\"elementor-element elementor-element-9a4d6b2 elementor-drop-cap-yes elementor-drop-cap-view-default elementor-widget elementor-widget-text-editor\" data-id=\"9a4d6b2\" data-element_type=\"widget\" data-settings=\"{&quot;drop_cap&quot;:&quot;yes&quot;}\" data-widget_type=\"text-editor.default\">\n\t\t\t\t<div class=\"elementor-widget-container\">\n\t\t\t\t\t\t\t\t\t<p>Ein Paradies am Wasser erwartet Sie \u2013 Genie\u00dfen Sie die Sch\u00f6nheit des Meeres und die Freude am Wasser im Royal Garden Beach Hotel, wo jedes Element darauf ausgelegt ist, einen unvergesslichen R\u00fcckzugsort am Meer zu schaffen. Genie\u00dfen Sie die goldenen Strahlen an unserem unber\u00fchrten Strand, nehmen Sie ein erfrischendes Bad in unseren Innen- oder Au\u00dfenpools oder erleben Sie den Nervenkitzel unserer aufregenden Wasserrutschen. Unsere Annehmlichkeiten am Wasser sind darauf ausgelegt, Entspannung und Aufregung in Einklang zu bringen und bieten jedem Gast die perfekte Mischung aus Ruhe und Spa\u00df.<\/p>\t\t\t\t\t\t\t\t<\/div>\n\t\t\t\t<\/div>\n\t\t\t\t<\/div>\n\t\t<div class=\"elementor-element elementor-element-045ea57 e-con-full e-flex elementor-invisible e-con e-child\" data-id=\"045ea57\" data-element_type=\"container\" data-settings=\"{&quot;jet_parallax_layout_list&quot;:[],&quot;animation&quot;:&quot;fadeInRight&quot;}\">\n\t\t\t\t<div class=\"elementor-element elementor-element-8c3b8fc elementor-widget elementor-widget-image\" data-id=\"8c3b8fc\" data-element_type=\"widget\" data-widget_type=\"image.default\">\n\t\t\t\t<div class=\"elementor-widget-container\">\n\t\t\t\t\t\t\t\t\t\t\t\t\t\t\t<img fetchpriority=\"high\" decoding=\"async\" width=\"1024\" height=\"683\" src=\"https:\/\/royalgardenbeach.com\/wp-content\/uploads\/2025\/01\/Sahil-05-Orta_Boyut-1024x683.webp\" class=\"attachment-large size-large wp-image-1128\" alt=\"\" srcset=\"https:\/\/royalgardenbeach.com\/wp-content\/uploads\/2025\/01\/Sahil-05-Orta_Boyut-1024x683.webp 1024w, https:\/\/royalgardenbeach.com\/wp-content\/uploads\/2025\/01\/Sahil-05-Orta_Boyut-300x200.webp 300w, https:\/\/royalgardenbeach.com\/wp-content\/uploads\/2025\/01\/Sahil-05-Orta_Boyut-768x512.webp 768w, https:\/\/royalgardenbeach.com\/wp-content\/uploads\/2025\/01\/Sahil-05-Orta_Boyut-1536x1024.webp 1536w, https:\/\/royalgardenbeach.com\/wp-content\/uploads\/2025\/01\/Sahil-05-Orta_Boyut-2048x1366.webp 2048w, https:\/\/royalgardenbeach.com\/wp-content\/uploads\/2025\/01\/Sahil-05-Orta_Boyut-18x12.webp 18w\" sizes=\"(max-width: 1024px) 100vw, 1024px\" \/>\t\t\t\t\t\t\t\t\t\t\t\t\t\t\t<\/div>\n\t\t\t\t<\/div>\n\t\t\t\t<\/div>\n\t\t\t\t\t<\/div>\n\t\t\t\t<\/div>\n\t\t<div class=\"elementor-element elementor-element-35a1c53 e-flex e-con-boxed e-con e-parent\" data-id=\"35a1c53\" data-element_type=\"container\" data-settings=\"{&quot;jet_parallax_layout_list&quot;:[]}\">\n\t\t\t\t\t<div class=\"e-con-inner\">\n\t\t<div class=\"elementor-element elementor-element-965640d e-con-full e-flex elementor-invisible e-con e-child\" data-id=\"965640d\" data-element_type=\"container\" data-settings=\"{&quot;jet_parallax_layout_list&quot;:[],&quot;animation&quot;:&quot;fadeInLeft&quot;}\">\n\t\t\t\t<div class=\"elementor-element elementor-element-0c18155 elementor-widget elementor-widget-image\" data-id=\"0c18155\" data-element_type=\"widget\" data-widget_type=\"image.default\">\n\t\t\t\t<div class=\"elementor-widget-container\">\n\t\t\t\t\t\t\t\t\t\t\t\t\t\t\t<img decoding=\"async\" width=\"1024\" height=\"575\" src=\"https:\/\/royalgardenbeach.com\/wp-content\/uploads\/2025\/01\/WhatsApp-Image-2025-01-24-at-12.49.37-1024x575.jpeg\" class=\"attachment-large size-large wp-image-1586\" alt=\"\" srcset=\"https:\/\/royalgardenbeach.com\/wp-content\/uploads\/2025\/01\/WhatsApp-Image-2025-01-24-at-12.49.37-1024x575.jpeg 1024w, https:\/\/royalgardenbeach.com\/wp-content\/uploads\/2025\/01\/WhatsApp-Image-2025-01-24-at-12.49.37-300x168.jpeg 300w, https:\/\/royalgardenbeach.com\/wp-content\/uploads\/2025\/01\/WhatsApp-Image-2025-01-24-at-12.49.37-768x431.jpeg 768w, https:\/\/royalgardenbeach.com\/wp-content\/uploads\/2025\/01\/WhatsApp-Image-2025-01-24-at-12.49.37-1536x862.jpeg 1536w, https:\/\/royalgardenbeach.com\/wp-content\/uploads\/2025\/01\/WhatsApp-Image-2025-01-24-at-12.49.37-18x10.jpeg 18w, https:\/\/royalgardenbeach.com\/wp-content\/uploads\/2025\/01\/WhatsApp-Image-2025-01-24-at-12.49.37.jpeg 1600w\" sizes=\"(max-width: 1024px) 100vw, 1024px\" \/>\t\t\t\t\t\t\t\t\t\t\t\t\t\t\t<\/div>\n\t\t\t\t<\/div>\n\t\t\t\t<\/div>\n\t\t<div class=\"elementor-element elementor-element-9fb0560 e-con-full e-flex elementor-invisible e-con e-child\" data-id=\"9fb0560\" data-element_type=\"container\" data-settings=\"{&quot;jet_parallax_layout_list&quot;:[],&quot;animation&quot;:&quot;fadeInRight&quot;}\">\n\t\t\t\t<div class=\"elementor-element elementor-element-bc6a665 elementor-align-left elementor-widget elementor-widget-raven-heading\" data-id=\"bc6a665\" data-element_type=\"widget\" data-widget_type=\"raven-heading.default\">\n\t\t\t\t<div class=\"elementor-widget-container\">\n\t\t\t\t\t\t\t<div class=\"raven-widget-wrapper\"><h2 class=\"raven-heading raven-heading-h2\"><span class=\"raven-heading-title\">Seaside Serenity \u2013 Luxuri\u00f6se Pool- und Stranderlebnisse\n\n<\/span><\/h2><\/div>\r\n\t\t\t\t\t\t<\/div>\n\t\t\t\t<\/div>\n\t\t\t\t<div class=\"elementor-element elementor-element-6f256a9 elementor-drop-cap-yes elementor-drop-cap-view-default elementor-widget elementor-widget-text-editor\" data-id=\"6f256a9\" data-element_type=\"widget\" data-settings=\"{&quot;drop_cap&quot;:&quot;yes&quot;}\" data-widget_type=\"text-editor.default\">\n\t\t\t\t<div class=\"elementor-widget-container\">\n\t\t\t\t\t\t\t\t\t<p>Sp\u00fcren Sie die sanfte Liebkosung der Sommerbrise, atmen Sie tief die frische Luft ein und geben Sie sich der atemberaubenden Aussicht auf das Mittelmeer hin. Im Royal Garden Beach Hotel laden wir Sie ein, ein unvergleichliches Pool- und Stranderlebnis zu genie\u00dfen, das f\u00fcr diejenigen konzipiert wurde, die die perfekte Balance zwischen Schwimmen, Sonnenbaden und dem Eintauchen in die nat\u00fcrliche Sch\u00f6nheit der K\u00fcste suchen.<\/p>\t\t\t\t\t\t\t\t<\/div>\n\t\t\t\t<\/div>\n\t\t\t\t<\/div>\n\t\t\t\t\t<\/div>\n\t\t\t\t<\/div>\n\t\t<div class=\"elementor-element elementor-element-ab25517 e-flex e-con-boxed e-con e-parent\" data-id=\"ab25517\" data-element_type=\"container\" data-settings=\"{&quot;jet_parallax_layout_list&quot;:[]}\">\n\t\t\t\t\t<div class=\"e-con-inner\">\n\t\t<div class=\"elementor-element elementor-element-1a21139 e-con-full e-flex elementor-invisible e-con e-child\" data-id=\"1a21139\" data-element_type=\"container\" data-settings=\"{&quot;jet_parallax_layout_list&quot;:[],&quot;animation&quot;:&quot;fadeInLeft&quot;}\">\n\t\t\t\t<div class=\"elementor-element elementor-element-f547788 elementor-align-left elementor-widget elementor-widget-raven-heading\" data-id=\"f547788\" data-element_type=\"widget\" data-widget_type=\"raven-heading.default\">\n\t\t\t\t<div class=\"elementor-widget-container\">\n\t\t\t\t\t\t\t<div class=\"raven-widget-wrapper\"><h2 class=\"raven-heading raven-heading-h2\"><span class=\"raven-heading-title\">Pools \u2013 Eine Oase der Entspannung und Erholung\n\n<\/span><\/h2><\/div>\r\n\t\t\t\t\t\t<\/div>\n\t\t\t\t<\/div>\n\t\t\t\t<div class=\"elementor-element elementor-element-c6c2ae5 elementor-drop-cap-yes elementor-drop-cap-view-default elementor-widget elementor-widget-text-editor\" data-id=\"c6c2ae5\" data-element_type=\"widget\" data-settings=\"{&quot;drop_cap&quot;:&quot;yes&quot;}\" data-widget_type=\"text-editor.default\">\n\t\t\t\t<div class=\"elementor-widget-container\">\n\t\t\t\t\t\t\t\t\t<p>Egal, ob Sie sich entspannen oder einen Aktivurlaub genie\u00dfen m\u00f6chten, unsere Pools sind f\u00fcr G\u00e4ste jeden Alters geeignet. Mit zwei Au\u00dfenpools, die sich perfekt zum Sonnenbaden eignen, einem beheizten Innenpool zum Schwimmen das ganze Jahr \u00fcber und einem speziellen Kinderbecken f\u00fcr sicheres und spielerisches Planschen bietet das Royal Garden Beach Hotel insgesamt acht sorgf\u00e4ltig gestaltete Pools. Jeder Bereich ist darauf ausgelegt, Momente der Entspannung, Spannung und des Familienspa\u00dfes zu bieten.<\/p><p>\u00a0<\/p>\t\t\t\t\t\t\t\t<\/div>\n\t\t\t\t<\/div>\n\t\t\t\t<\/div>\n\t\t<div class=\"elementor-element elementor-element-452340e e-con-full e-flex elementor-invisible e-con e-child\" data-id=\"452340e\" data-element_type=\"container\" data-settings=\"{&quot;jet_parallax_layout_list&quot;:[],&quot;animation&quot;:&quot;fadeInRight&quot;}\">\n\t\t\t\t<div class=\"elementor-element elementor-element-54baeda elementor-widget elementor-widget-image\" data-id=\"54baeda\" data-element_type=\"widget\" data-widget_type=\"image.default\">\n\t\t\t\t<div class=\"elementor-widget-container\">\n\t\t\t\t\t\t\t\t\t\t\t\t\t\t\t<img decoding=\"async\" width=\"1024\" height=\"683\" src=\"https:\/\/royalgardenbeach.com\/wp-content\/uploads\/2025\/01\/Kapali-Havuz-02-Orta_Boyut-1024x683.webp\" class=\"attachment-large size-large wp-image-1127\" alt=\"\" srcset=\"https:\/\/royalgardenbeach.com\/wp-content\/uploads\/2025\/01\/Kapali-Havuz-02-Orta_Boyut-1024x683.webp 1024w, https:\/\/royalgardenbeach.com\/wp-content\/uploads\/2025\/01\/Kapali-Havuz-02-Orta_Boyut-300x200.webp 300w, https:\/\/royalgardenbeach.com\/wp-content\/uploads\/2025\/01\/Kapali-Havuz-02-Orta_Boyut-768x512.webp 768w, https:\/\/royalgardenbeach.com\/wp-content\/uploads\/2025\/01\/Kapali-Havuz-02-Orta_Boyut-1536x1024.webp 1536w, https:\/\/royalgardenbeach.com\/wp-content\/uploads\/2025\/01\/Kapali-Havuz-02-Orta_Boyut-2048x1366.webp 2048w, https:\/\/royalgardenbeach.com\/wp-content\/uploads\/2025\/01\/Kapali-Havuz-02-Orta_Boyut-18x12.webp 18w\" sizes=\"(max-width: 1024px) 100vw, 1024px\" \/>\t\t\t\t\t\t\t\t\t\t\t\t\t\t\t<\/div>\n\t\t\t\t<\/div>\n\t\t\t\t<\/div>\n\t\t\t\t\t<\/div>\n\t\t\t\t<\/div>\n\t\t<div class=\"elementor-element elementor-element-1282153 e-flex e-con-boxed e-con e-parent\" data-id=\"1282153\" data-element_type=\"container\" data-settings=\"{&quot;jet_parallax_layout_list&quot;:[]}\">\n\t\t\t\t\t<div class=\"e-con-inner\">\n\t\t<div class=\"elementor-element elementor-element-8fad1e8 e-con-full e-flex elementor-invisible e-con e-child\" data-id=\"8fad1e8\" data-element_type=\"container\" data-settings=\"{&quot;jet_parallax_layout_list&quot;:[],&quot;animation&quot;:&quot;fadeInLeft&quot;}\">\n\t\t\t\t<div class=\"elementor-element elementor-element-b997764 elementor-widget elementor-widget-image\" data-id=\"b997764\" data-element_type=\"widget\" data-widget_type=\"image.default\">\n\t\t\t\t<div class=\"elementor-widget-container\">\n\t\t\t\t\t\t\t\t\t\t\t\t\t\t\t<img loading=\"lazy\" decoding=\"async\" width=\"1024\" height=\"683\" src=\"https:\/\/royalgardenbeach.com\/wp-content\/uploads\/2025\/01\/Sahil-07-Edit-Orta_Boyut-1024x683.webp\" class=\"attachment-large size-large wp-image-1130\" alt=\"\" srcset=\"https:\/\/royalgardenbeach.com\/wp-content\/uploads\/2025\/01\/Sahil-07-Edit-Orta_Boyut-1024x683.webp 1024w, https:\/\/royalgardenbeach.com\/wp-content\/uploads\/2025\/01\/Sahil-07-Edit-Orta_Boyut-300x200.webp 300w, https:\/\/royalgardenbeach.com\/wp-content\/uploads\/2025\/01\/Sahil-07-Edit-Orta_Boyut-768x512.webp 768w, https:\/\/royalgardenbeach.com\/wp-content\/uploads\/2025\/01\/Sahil-07-Edit-Orta_Boyut-1536x1024.webp 1536w, https:\/\/royalgardenbeach.com\/wp-content\/uploads\/2025\/01\/Sahil-07-Edit-Orta_Boyut-2048x1366.webp 2048w, https:\/\/royalgardenbeach.com\/wp-content\/uploads\/2025\/01\/Sahil-07-Edit-Orta_Boyut-18x12.webp 18w\" sizes=\"(max-width: 1024px) 100vw, 1024px\" \/>\t\t\t\t\t\t\t\t\t\t\t\t\t\t\t<\/div>\n\t\t\t\t<\/div>\n\t\t\t\t<\/div>\n\t\t<div class=\"elementor-element elementor-element-b10e6f0 e-con-full e-flex elementor-invisible e-con e-child\" data-id=\"b10e6f0\" data-element_type=\"container\" data-settings=\"{&quot;jet_parallax_layout_list&quot;:[],&quot;animation&quot;:&quot;fadeInRight&quot;}\">\n\t\t\t\t<div class=\"elementor-element elementor-element-4f49368 elementor-align-left elementor-widget elementor-widget-raven-heading\" data-id=\"4f49368\" data-element_type=\"widget\" data-widget_type=\"raven-heading.default\">\n\t\t\t\t<div class=\"elementor-widget-container\">\n\t\t\t\t\t\t\t<div class=\"raven-widget-wrapper\"><h2 class=\"raven-heading raven-heading-h2\"><span class=\"raven-heading-title\">Str\u00e4nde \u2013 Wo Natur auf Komfort trifft\n\n<\/span><\/h2><\/div>\r\n\t\t\t\t\t\t<\/div>\n\t\t\t\t<\/div>\n\t\t\t\t<div class=\"elementor-element elementor-element-50919b5 elementor-drop-cap-yes elementor-drop-cap-view-default elementor-widget elementor-widget-text-editor\" data-id=\"50919b5\" data-element_type=\"widget\" data-settings=\"{&quot;drop_cap&quot;:&quot;yes&quot;}\" data-widget_type=\"text-editor.default\">\n\t\t\t\t<div class=\"elementor-widget-container\">\n\t\t\t\t\t\t\t\t\t<p>Erleben Sie die perfekte Harmonie von Natur und Luxus an unserem ruhigen Strand. Ob Sie lieber im kristallklaren Wasser schwelgen oder an unseren unber\u00fchrten Str\u00e4nden faulenzen, das Royal Garden Beach Hotel bietet Ihnen ein St\u00fcck Paradies zum Entspannen und Genie\u00dfen. Mit privaten Sonnenliegen, Sonnenschirmen und Strandt\u00fcchern zu Ihrer Verf\u00fcgung ist jedes Detail darauf ausgelegt, Ihr Stranderlebnis ebenso luxuri\u00f6s wie unvergesslich zu machen.<\/p><p>\u00a0<\/p>\t\t\t\t\t\t\t\t<\/div>\n\t\t\t\t<\/div>\n\t\t\t\t<\/div>\n\t\t\t\t\t<\/div>\n\t\t\t\t<\/div>\n\t\t<div class=\"elementor-element elementor-element-8687852 e-flex e-con-boxed e-con e-parent\" data-id=\"8687852\" data-element_type=\"container\" data-settings=\"{&quot;jet_parallax_layout_list&quot;:[]}\">\n\t\t\t\t\t<div class=\"e-con-inner\">\n\t\t<div class=\"elementor-element elementor-element-454d4d5 e-con-full e-flex elementor-invisible e-con e-child\" data-id=\"454d4d5\" data-element_type=\"container\" data-settings=\"{&quot;jet_parallax_layout_list&quot;:[],&quot;animation&quot;:&quot;fadeInLeft&quot;}\">\n\t\t\t\t<div class=\"elementor-element elementor-element-fa99847 elementor-align-left elementor-widget elementor-widget-raven-heading\" data-id=\"fa99847\" data-element_type=\"widget\" data-widget_type=\"raven-heading.default\">\n\t\t\t\t<div class=\"elementor-widget-container\">\n\t\t\t\t\t\t\t<div class=\"raven-widget-wrapper\"><h2 class=\"raven-heading raven-heading-h2\"><span class=\"raven-heading-title\">Aquapark \u2013 Tauchen Sie ein in aufregende Wasserabenteuer\n\n<\/span><\/h2><\/div>\r\n\t\t\t\t\t\t<\/div>\n\t\t\t\t<\/div>\n\t\t\t\t<div class=\"elementor-element elementor-element-37d1c51 elementor-drop-cap-yes elementor-drop-cap-view-default elementor-widget elementor-widget-text-editor\" data-id=\"37d1c51\" data-element_type=\"widget\" data-settings=\"{&quot;drop_cap&quot;:&quot;yes&quot;}\" data-widget_type=\"text-editor.default\">\n\t\t\t\t<div class=\"elementor-widget-container\">\n\t\t\t\t\t\t\t\t\t<p>Erleben Sie den Spa\u00df auf unseren modernen, neu gestalteten Wasserrutschen, die sowohl f\u00fcr junge als auch f\u00fcr erwachsene G\u00e4ste konzipiert wurden. Der Aquapark des Royal Garden Beach Hotels verspricht Momente purer Freude mit zwei Pools mit Rutschen f\u00fcr Teenager und Erwachsene sowie zwei zus\u00e4tzlichen Pools, in denen j\u00fcngere Kinder sicher planschen und spielen k\u00f6nnen. Tauchen Sie ein in den Spa\u00df und schaffen Sie bleibende Erinnerungen mit Ihren Lieben.<\/p>\t\t\t\t\t\t\t\t<\/div>\n\t\t\t\t<\/div>\n\t\t\t\t<\/div>\n\t\t<div class=\"elementor-element elementor-element-1c0ad3a e-con-full e-flex elementor-invisible e-con e-child\" data-id=\"1c0ad3a\" data-element_type=\"container\" data-settings=\"{&quot;jet_parallax_layout_list&quot;:[],&quot;animation&quot;:&quot;fadeInRight&quot;}\">\n\t\t\t\t<div class=\"elementor-element elementor-element-7b49e8a elementor-widget elementor-widget-image\" data-id=\"7b49e8a\" data-element_type=\"widget\" data-widget_type=\"image.default\">\n\t\t\t\t<div class=\"elementor-widget-container\">\n\t\t\t\t\t\t\t\t\t\t\t\t\t\t\t<img loading=\"lazy\" decoding=\"async\" width=\"1024\" height=\"683\" src=\"https:\/\/royalgardenbeach.com\/wp-content\/uploads\/2025\/01\/Aquapark-03-Orta_Boyut-1024x683.webp\" class=\"attachment-large size-large wp-image-1120\" alt=\"\" srcset=\"https:\/\/royalgardenbeach.com\/wp-content\/uploads\/2025\/01\/Aquapark-03-Orta_Boyut-1024x683.webp 1024w, https:\/\/royalgardenbeach.com\/wp-content\/uploads\/2025\/01\/Aquapark-03-Orta_Boyut-300x200.webp 300w, https:\/\/royalgardenbeach.com\/wp-content\/uploads\/2025\/01\/Aquapark-03-Orta_Boyut-768x512.webp 768w, https:\/\/royalgardenbeach.com\/wp-content\/uploads\/2025\/01\/Aquapark-03-Orta_Boyut-1536x1024.webp 1536w, https:\/\/royalgardenbeach.com\/wp-content\/uploads\/2025\/01\/Aquapark-03-Orta_Boyut-2048x1366.webp 2048w, https:\/\/royalgardenbeach.com\/wp-content\/uploads\/2025\/01\/Aquapark-03-Orta_Boyut-18x12.webp 18w\" sizes=\"(max-width: 1024px) 100vw, 1024px\" \/>\t\t\t\t\t\t\t\t\t\t\t\t\t\t\t<\/div>\n\t\t\t\t<\/div>\n\t\t\t\t<\/div>\n\t\t\t\t\t<\/div>\n\t\t\t\t<\/div>\n\t\t\t\t<\/div>","protected":false},"excerpt":{"rendered":"<p>Pool &amp; Strand Ein Traum von blauem Wasser, ein Hauch von Tanz, ein Hauch von Brise. Ein Paradies am Wasser erwartet Sie \u2013 Genie\u00dfen Sie die Sch\u00f6nheit des Meeres und die Freude am Wasser im Royal Garden Beach Hotel, wo jedes Element darauf ausgelegt ist, einen unvergesslichen R\u00fcckzugsort am Meer zu schaffen. Genie\u00dfen Sie die goldenen Strahlen an unserem unber\u00fchrten Strand, nehmen Sie [\u2026]<\/p>","protected":false},"author":1,"featured_media":0,"parent":0,"menu_order":0,"comment_status":"closed","ping_status":"closed","template":"elementor_header_footer","meta":{"_acf_changed":false,"footnotes":""},"class_list":["post-1115","page","type-page","status-publish","hentry"],"acf":[],"_links":{"self":[{"href":"https:\/\/royalgardenbeach.com\/de\/wp-json\/wp\/v2\/pages\/1115","targetHints":{"allow":["GET"]}}],"collection":[{"href":"https:\/\/royalgardenbeach.com\/de\/wp-json\/wp\/v2\/pages"}],"about":[{"href":"https:\/\/royalgardenbeach.com\/de\/wp-json\/wp\/v2\/types\/page"}],"author":[{"embeddable":true,"href":"https:\/\/royalgardenbeach.com\/de\/wp-json\/wp\/v2\/users\/1"}],"replies":[{"embeddable":true,"href":"https:\/\/royalgardenbeach.com\/de\/wp-json\/wp\/v2\/comments?post=1115"}],"version-history":[{"count":16,"href":"https:\/\/royalgardenbeach.com\/de\/wp-json\/wp\/v2\/pages\/1115\/revisions"}],"predecessor-version":[{"id":1826,"href":"https:\/\/royalgardenbeach.com\/de\/wp-json\/wp\/v2\/pages\/1115\/revisions\/1826"}],"wp:attachment":[{"href":"https:\/\/royalgardenbeach.com\/de\/wp-json\/wp\/v2\/media?parent=1115"}],"curies":[{"name":"wp","href":"https:\/\/api.w.org\/{rel}","templated":true}]}}