{"id":1153,"date":"2025-01-10T23:23:34","date_gmt":"2025-01-10T20:23:34","guid":{"rendered":"https:\/\/royalgardenbeach.com\/?page_id=1153"},"modified":"2025-07-02T21:43:40","modified_gmt":"2025-07-02T18:43:40","slug":"activities","status":"publish","type":"page","link":"https:\/\/royalgardenbeach.com\/de\/activities\/","title":{"rendered":"Aktivit\u00e4ten"},"content":{"rendered":"<div data-elementor-type=\"wp-page\" data-elementor-id=\"1153\" class=\"elementor elementor-1153\">\n\t\t\t\t<div class=\"elementor-element elementor-element-c47ffc7 e-flex e-con-boxed e-con e-parent\" data-id=\"c47ffc7\" data-element_type=\"container\" data-settings=\"{&quot;background_background&quot;:&quot;classic&quot;,&quot;jet_parallax_layout_list&quot;:[]}\">\n\t\t\t\t\t<div class=\"e-con-inner\">\n\t\t\t\t<div class=\"elementor-element elementor-element-c1643d9 elementor-widget elementor-widget-heading\" data-id=\"c1643d9\" data-element_type=\"widget\" data-widget_type=\"heading.default\">\n\t\t\t\t<div class=\"elementor-widget-container\">\n\t\t\t\t\t<h2 class=\"elementor-heading-title elementor-size-default\">Aktivit\u00e4ten<\/h2>\t\t\t\t<\/div>\n\t\t\t\t<\/div>\n\t\t\t\t\t<\/div>\n\t\t\t\t<\/div>\n\t\t<div class=\"elementor-element elementor-element-6f70794 e-flex e-con-boxed elementor-invisible e-con e-parent\" data-id=\"6f70794\" data-element_type=\"container\" data-settings=\"{&quot;jet_parallax_layout_list&quot;:[],&quot;animation&quot;:&quot;fadeInUp&quot;}\">\n\t\t\t\t\t<div class=\"e-con-inner\">\n\t\t\t\t<div class=\"elementor-element elementor-element-b11acda elementor-widget elementor-widget-jet-animated-text\" data-id=\"b11acda\" data-element_type=\"widget\" data-widget_type=\"jet-animated-text.default\">\n\t\t\t\t<div class=\"elementor-widget-container\">\n\t\t\t\t\t<div class=\"elementor-jet-animated-text jet-elements\">\n<div class=\"jet-animated-text jet-animated-text--effect-fx11\" data-settings='{\"effect\":\"fx11\",\"delay\":3000}'>\n\t<div class=\"jet-animated-text__before-text\">\n\t<span>A<\/span>&nbsp;<\/div>\n\t<div class=\"jet-animated-text__animated-text\">\n<div class=\"jet-animated-text__animated-text-item active visible\" dir=\"ltr\">\n\t<span>Tanzen<\/span>&nbsp;<span><\/span>&nbsp;<\/div>\n<div class=\"jet-animated-text__animated-text-item\" dir=\"ltr\">\n\t<span>Fl\u00fcstern<\/span>&nbsp;<span><\/span>&nbsp;<\/div>\n<div class=\"jet-animated-text__animated-text-item\" dir=\"ltr\">\n\t<span>Reise<\/span>&nbsp;<span><\/span>&nbsp;<\/div>\n<div class=\"jet-animated-text__animated-text-item\" dir=\"ltr\">\n\t<span>Brise<\/span>&nbsp;<span><\/span>&nbsp;<\/div>\n<div class=\"jet-animated-text__animated-text-item\" dir=\"ltr\">\n\t<span>Flie\u00dfen<\/span>&nbsp;<span><\/span>&nbsp;<\/div>\n<\/div>\t<div class=\"jet-animated-text__after-text\">\n\t<span>von<\/span>&nbsp;<span>Abenteuer<\/span><\/div><\/div><\/div>\t\t\t\t<\/div>\n\t\t\t\t<\/div>\n\t\t\t\t\t<\/div>\n\t\t\t\t<\/div>\n\t\t<div class=\"elementor-element elementor-element-dee1327 e-flex e-con-boxed e-con e-parent\" data-id=\"dee1327\" data-element_type=\"container\" data-settings=\"{&quot;jet_parallax_layout_list&quot;:[]}\">\n\t\t\t\t\t<div class=\"e-con-inner\">\n\t\t<div class=\"elementor-element elementor-element-0f420d0 e-con-full e-flex elementor-invisible e-con e-child\" data-id=\"0f420d0\" data-element_type=\"container\" data-settings=\"{&quot;jet_parallax_layout_list&quot;:[],&quot;animation&quot;:&quot;fadeInLeft&quot;}\">\n\t\t\t\t<div class=\"elementor-element elementor-element-b7a5cac elementor-align-left elementor-widget elementor-widget-raven-heading\" data-id=\"b7a5cac\" data-element_type=\"widget\" data-widget_type=\"raven-heading.default\">\n\t\t\t\t<div class=\"elementor-widget-container\">\n\t\t\t\t\t\t\t<div class=\"raven-widget-wrapper\"><h2 class=\"raven-heading raven-heading-h2\"><span class=\"raven-heading-title\">Aktivit\u00e4ten \u2013 Entdecken Sie eine Welt voller Spa\u00df und Spannung\n\n<\/span><\/h2><\/div>\r\n\t\t\t\t\t\t<\/div>\n\t\t\t\t<\/div>\n\t\t\t\t<div class=\"elementor-element elementor-element-d3ae78d elementor-drop-cap-yes elementor-drop-cap-view-default elementor-widget elementor-widget-text-editor\" data-id=\"d3ae78d\" data-element_type=\"widget\" data-settings=\"{&quot;drop_cap&quot;:&quot;yes&quot;}\" data-widget_type=\"text-editor.default\">\n\t\t\t\t<div class=\"elementor-widget-container\">\n\t\t\t\t\t\t\t\t\t<p>Tauchen Sie ein in die pulsierende Welt der Aktivit\u00e4ten im Royal Garden Beach Hotel, wo es f\u00fcr G\u00e4ste jeden Alters Unterhaltung und Inspiration im \u00dcberfluss gibt. Von faszinierenden Animationen bis hin zu spektakul\u00e4ren Shows ist jede Veranstaltung darauf ausgelegt, einzigartige und unvergessliche Erinnerungen zu schaffen. Kinder k\u00f6nnen in unserem Mini Club in einem speziell daf\u00fcr vorgesehenen Bereich endlosen Spa\u00df haben, der ganz auf ihr Gl\u00fcck ausgerichtet ist. Im Royal Garden Beach Hotel ist jede Aktivit\u00e4t eine Gelegenheit, Ihrem Aufenthalt einen Hauch von Magie zu verleihen.<\/p><p>\u00a0<\/p>\t\t\t\t\t\t\t\t<\/div>\n\t\t\t\t<\/div>\n\t\t\t\t<\/div>\n\t\t<div class=\"elementor-element elementor-element-984dfbf e-con-full e-flex elementor-invisible e-con e-child\" data-id=\"984dfbf\" data-element_type=\"container\" data-settings=\"{&quot;jet_parallax_layout_list&quot;:[],&quot;animation&quot;:&quot;fadeInRight&quot;}\">\n\t\t\t\t<div class=\"elementor-element elementor-element-99b2f14 elementor-widget elementor-widget-image\" data-id=\"99b2f14\" data-element_type=\"widget\" data-widget_type=\"image.default\">\n\t\t\t\t<div class=\"elementor-widget-container\">\n\t\t\t\t\t\t\t\t\t\t\t\t\t\t\t<img fetchpriority=\"high\" decoding=\"async\" width=\"1024\" height=\"768\" src=\"https:\/\/royalgardenbeach.com\/wp-content\/uploads\/2025\/01\/WhatsApp-Image-2025-01-24-at-12.49.11-1024x768.jpeg\" class=\"attachment-large size-large wp-image-1619\" alt=\"\" srcset=\"https:\/\/royalgardenbeach.com\/wp-content\/uploads\/2025\/01\/WhatsApp-Image-2025-01-24-at-12.49.11-1024x768.jpeg 1024w, https:\/\/royalgardenbeach.com\/wp-content\/uploads\/2025\/01\/WhatsApp-Image-2025-01-24-at-12.49.11-300x225.jpeg 300w, https:\/\/royalgardenbeach.com\/wp-content\/uploads\/2025\/01\/WhatsApp-Image-2025-01-24-at-12.49.11-768x576.jpeg 768w, https:\/\/royalgardenbeach.com\/wp-content\/uploads\/2025\/01\/WhatsApp-Image-2025-01-24-at-12.49.11-1536x1152.jpeg 1536w, https:\/\/royalgardenbeach.com\/wp-content\/uploads\/2025\/01\/WhatsApp-Image-2025-01-24-at-12.49.11-2048x1536.jpeg 2048w, https:\/\/royalgardenbeach.com\/wp-content\/uploads\/2025\/01\/WhatsApp-Image-2025-01-24-at-12.49.11-16x12.jpeg 16w\" sizes=\"(max-width: 1024px) 100vw, 1024px\" \/>\t\t\t\t\t\t\t\t\t\t\t\t\t\t\t<\/div>\n\t\t\t\t<\/div>\n\t\t\t\t<\/div>\n\t\t\t\t\t<\/div>\n\t\t\t\t<\/div>\n\t\t<div class=\"elementor-element elementor-element-f901acc e-flex e-con-boxed e-con e-parent\" data-id=\"f901acc\" data-element_type=\"container\" data-settings=\"{&quot;jet_parallax_layout_list&quot;:[]}\">\n\t\t\t\t\t<div class=\"e-con-inner\">\n\t\t<div class=\"elementor-element elementor-element-3340af5 e-con-full e-flex elementor-invisible e-con e-child\" data-id=\"3340af5\" data-element_type=\"container\" data-settings=\"{&quot;jet_parallax_layout_list&quot;:[],&quot;animation&quot;:&quot;fadeInLeft&quot;}\">\n\t\t\t\t<div class=\"elementor-element elementor-element-76608d7 elementor-widget elementor-widget-image\" data-id=\"76608d7\" data-element_type=\"widget\" data-widget_type=\"image.default\">\n\t\t\t\t<div class=\"elementor-widget-container\">\n\t\t\t\t\t\t\t\t\t\t\t\t\t\t\t<img decoding=\"async\" width=\"1024\" height=\"683\" src=\"https:\/\/royalgardenbeach.com\/wp-content\/uploads\/2025\/01\/Activities9-1024x683.webp\" class=\"attachment-large size-large wp-image-1160\" alt=\"\" srcset=\"https:\/\/royalgardenbeach.com\/wp-content\/uploads\/2025\/01\/Activities9-1024x683.webp 1024w, https:\/\/royalgardenbeach.com\/wp-content\/uploads\/2025\/01\/Activities9-300x200.webp 300w, https:\/\/royalgardenbeach.com\/wp-content\/uploads\/2025\/01\/Activities9-768x512.webp 768w, https:\/\/royalgardenbeach.com\/wp-content\/uploads\/2025\/01\/Activities9-1536x1024.webp 1536w, https:\/\/royalgardenbeach.com\/wp-content\/uploads\/2025\/01\/Activities9-2048x1366.webp 2048w, https:\/\/royalgardenbeach.com\/wp-content\/uploads\/2025\/01\/Activities9-18x12.webp 18w\" sizes=\"(max-width: 1024px) 100vw, 1024px\" \/>\t\t\t\t\t\t\t\t\t\t\t\t\t\t\t<\/div>\n\t\t\t\t<\/div>\n\t\t\t\t<\/div>\n\t\t<div class=\"elementor-element elementor-element-9dec85b e-con-full e-flex elementor-invisible e-con e-child\" data-id=\"9dec85b\" data-element_type=\"container\" data-settings=\"{&quot;jet_parallax_layout_list&quot;:[],&quot;animation&quot;:&quot;fadeInRight&quot;}\">\n\t\t\t\t<div class=\"elementor-element elementor-element-5d75096 elementor-align-left elementor-widget elementor-widget-raven-heading\" data-id=\"5d75096\" data-element_type=\"widget\" data-widget_type=\"raven-heading.default\">\n\t\t\t\t<div class=\"elementor-widget-container\">\n\t\t\t\t\t\t\t<div class=\"raven-widget-wrapper\"><h2 class=\"raven-heading raven-heading-h2\"><span class=\"raven-heading-title\">Aktive Abenteuer \u2013 Ihr Tor zu einem unvergesslichen Resort-Erlebnis\n\n<\/span><\/h2><\/div>\r\n\t\t\t\t\t\t<\/div>\n\t\t\t\t<\/div>\n\t\t\t\t<div class=\"elementor-element elementor-element-45d81d0 elementor-drop-cap-yes elementor-drop-cap-view-default elementor-widget elementor-widget-text-editor\" data-id=\"45d81d0\" data-element_type=\"widget\" data-settings=\"{&quot;drop_cap&quot;:&quot;yes&quot;}\" data-widget_type=\"text-editor.default\">\n\t\t\t\t<div class=\"elementor-widget-container\">\n\t\t\t\t\t\t\t\t\t<p>Im Royal Garden Beach Hotel bieten wir eine breite Palette an Aktivit\u00e4ten, die Ihren Urlaub unvergesslich machen, egal wie alt Sie sind. Unser dynamisches Animationsprogramm ist voller Energie und Spannung und richtet sich an G\u00e4ste ab 16 Jahren. Ob Beachvolleyball, Tischtennis, Wasserball oder eine Reihe anderer spannender Aktivit\u00e4ten, Sie werden Gelegenheiten finden, neue Freundschaften zu schlie\u00dfen und bleibende Erinnerungen zu schaffen. Entspannen Sie sich nach einem ereignisreichen Tag in der ruhigen Atmosph\u00e4re unseres Hotels. Nehmen Sie an den t\u00e4glichen Veranstaltungen unserer erfahrenen Animateure teil, die Sie aktiv halten und Ihren Urlaub mit einem lebendigen Rhythmus bereichern. Unser Resort bietet eine dynamische Welt, die jeden Moment Ihres Aufenthalts bereichert.<\/p><p>\u00a0<\/p>\t\t\t\t\t\t\t\t<\/div>\n\t\t\t\t<\/div>\n\t\t\t\t<\/div>\n\t\t\t\t\t<\/div>\n\t\t\t\t<\/div>\n\t\t<div class=\"elementor-element elementor-element-fb3f4d2 e-flex e-con-boxed e-con e-parent\" data-id=\"fb3f4d2\" data-element_type=\"container\" data-settings=\"{&quot;jet_parallax_layout_list&quot;:[]}\">\n\t\t\t\t\t<div class=\"e-con-inner\">\n\t\t<div class=\"elementor-element elementor-element-fb8cb85 e-con-full e-flex elementor-invisible e-con e-child\" data-id=\"fb8cb85\" data-element_type=\"container\" data-settings=\"{&quot;jet_parallax_layout_list&quot;:[],&quot;animation&quot;:&quot;fadeInLeft&quot;}\">\n\t\t\t\t<div class=\"elementor-element elementor-element-75155ee elementor-align-left elementor-widget elementor-widget-raven-heading\" data-id=\"75155ee\" data-element_type=\"widget\" data-widget_type=\"raven-heading.default\">\n\t\t\t\t<div class=\"elementor-widget-container\">\n\t\t\t\t\t\t\t<div class=\"raven-widget-wrapper\"><h2 class=\"raven-heading raven-heading-h2\"><span class=\"raven-heading-title\">Animationen \u2013 Abende voller unvergesslicher Momente\n\n<\/span><\/h2><\/div>\r\n\t\t\t\t\t\t<\/div>\n\t\t\t\t<\/div>\n\t\t\t\t<div class=\"elementor-element elementor-element-4422119 elementor-drop-cap-yes elementor-drop-cap-view-default elementor-widget elementor-widget-text-editor\" data-id=\"4422119\" data-element_type=\"widget\" data-settings=\"{&quot;drop_cap&quot;:&quot;yes&quot;}\" data-widget_type=\"text-editor.default\">\n\t\t\t\t<div class=\"elementor-widget-container\">\n\t\t\t\t\t\t\t\t\t<p>Nach einem Tag voller Energie versprechen unsere Abende einzigartige und unvergessliche Erlebnisse. Unser herzliches und einladendes Animationsteam veranstaltet jeden Abend Shows, die von urkomischen Comedy-Shows bis hin zu beeindruckenden Darbietungen reichen und Unterhaltung f\u00fcr jeden Geschmack bieten. Themenpartys faszinieren mit ihrer eindringlichen Atmosph\u00e4re und atemberaubenden B\u00fchnenbildern, w\u00e4hrend Karaoke-Abende Sie einladen, zum Mikrofon zu greifen und Ihre Stimme mit anderen Urlaubern zu teilen.<\/p><p>\u00a0<\/p>\t\t\t\t\t\t\t\t<\/div>\n\t\t\t\t<\/div>\n\t\t\t\t<\/div>\n\t\t<div class=\"elementor-element elementor-element-832b336 e-con-full e-flex elementor-invisible e-con e-child\" data-id=\"832b336\" data-element_type=\"container\" data-settings=\"{&quot;jet_parallax_layout_list&quot;:[],&quot;animation&quot;:&quot;fadeInRight&quot;}\">\n\t\t\t\t<div class=\"elementor-element elementor-element-8d61269 elementor-widget elementor-widget-image\" data-id=\"8d61269\" data-element_type=\"widget\" data-widget_type=\"image.default\">\n\t\t\t\t<div class=\"elementor-widget-container\">\n\t\t\t\t\t\t\t\t\t\t\t\t\t\t\t<img decoding=\"async\" width=\"1024\" height=\"683\" src=\"https:\/\/royalgardenbeach.com\/wp-content\/uploads\/2025\/01\/Activities6-qzf5gza6sr7eo3l0wjy0ufqst9logx559mzhpeg6ps-1024x683.webp\" class=\"attachment-large size-large wp-image-1158\" alt=\"\" srcset=\"https:\/\/royalgardenbeach.com\/wp-content\/uploads\/2025\/01\/Activities6-qzf5gza6sr7eo3l0wjy0ufqst9logx559mzhpeg6ps-1024x683.webp 1024w, https:\/\/royalgardenbeach.com\/wp-content\/uploads\/2025\/01\/Activities6-qzf5gza6sr7eo3l0wjy0ufqst9logx559mzhpeg6ps-300x200.webp 300w, https:\/\/royalgardenbeach.com\/wp-content\/uploads\/2025\/01\/Activities6-qzf5gza6sr7eo3l0wjy0ufqst9logx559mzhpeg6ps-768x512.webp 768w, https:\/\/royalgardenbeach.com\/wp-content\/uploads\/2025\/01\/Activities6-qzf5gza6sr7eo3l0wjy0ufqst9logx559mzhpeg6ps-1536x1024.webp 1536w, https:\/\/royalgardenbeach.com\/wp-content\/uploads\/2025\/01\/Activities6-qzf5gza6sr7eo3l0wjy0ufqst9logx559mzhpeg6ps-2048x1366.webp 2048w, https:\/\/royalgardenbeach.com\/wp-content\/uploads\/2025\/01\/Activities6-qzf5gza6sr7eo3l0wjy0ufqst9logx559mzhpeg6ps-18x12.webp 18w\" sizes=\"(max-width: 1024px) 100vw, 1024px\" \/>\t\t\t\t\t\t\t\t\t\t\t\t\t\t\t<\/div>\n\t\t\t\t<\/div>\n\t\t\t\t<\/div>\n\t\t\t\t\t<\/div>\n\t\t\t\t<\/div>\n\t\t<div class=\"elementor-element elementor-element-22f5afb e-flex e-con-boxed e-con e-parent\" data-id=\"22f5afb\" data-element_type=\"container\" data-settings=\"{&quot;jet_parallax_layout_list&quot;:[]}\">\n\t\t\t\t\t<div class=\"e-con-inner\">\n\t\t<div class=\"elementor-element elementor-element-01d923f e-con-full e-flex elementor-invisible e-con e-child\" data-id=\"01d923f\" data-element_type=\"container\" data-settings=\"{&quot;jet_parallax_layout_list&quot;:[],&quot;animation&quot;:&quot;fadeInRight&quot;}\">\n\t\t\t\t<div class=\"elementor-element elementor-element-3cfa276 elementor-widget elementor-widget-image\" data-id=\"3cfa276\" data-element_type=\"widget\" data-widget_type=\"image.default\">\n\t\t\t\t<div class=\"elementor-widget-container\">\n\t\t\t\t\t\t\t\t\t\t\t\t\t\t\t<img loading=\"lazy\" decoding=\"async\" width=\"1024\" height=\"683\" src=\"https:\/\/royalgardenbeach.com\/wp-content\/uploads\/2025\/01\/Activities.2-1024x683.webp\" class=\"attachment-large size-large wp-image-1156\" alt=\"\" srcset=\"https:\/\/royalgardenbeach.com\/wp-content\/uploads\/2025\/01\/Activities.2-1024x683.webp 1024w, https:\/\/royalgardenbeach.com\/wp-content\/uploads\/2025\/01\/Activities.2-300x200.webp 300w, https:\/\/royalgardenbeach.com\/wp-content\/uploads\/2025\/01\/Activities.2-768x512.webp 768w, https:\/\/royalgardenbeach.com\/wp-content\/uploads\/2025\/01\/Activities.2-1536x1024.webp 1536w, https:\/\/royalgardenbeach.com\/wp-content\/uploads\/2025\/01\/Activities.2-2048x1366.webp 2048w, https:\/\/royalgardenbeach.com\/wp-content\/uploads\/2025\/01\/Activities.2-18x12.webp 18w\" sizes=\"(max-width: 1024px) 100vw, 1024px\" \/>\t\t\t\t\t\t\t\t\t\t\t\t\t\t\t<\/div>\n\t\t\t\t<\/div>\n\t\t\t\t<\/div>\n\t\t<div class=\"elementor-element elementor-element-b19376c e-con-full e-flex elementor-invisible e-con e-child\" data-id=\"b19376c\" data-element_type=\"container\" data-settings=\"{&quot;jet_parallax_layout_list&quot;:[],&quot;animation&quot;:&quot;fadeInLeft&quot;}\">\n\t\t\t\t<div class=\"elementor-element elementor-element-43ae67a elementor-align-left elementor-widget elementor-widget-raven-heading\" data-id=\"43ae67a\" data-element_type=\"widget\" data-widget_type=\"raven-heading.default\">\n\t\t\t\t<div class=\"elementor-widget-container\">\n\t\t\t\t\t\t\t<div class=\"raven-widget-wrapper\"><h2 class=\"raven-heading raven-heading-h2\"><span class=\"raven-heading-title\">Shows \u2013 Ein Spektakel voller Talent und Energie\n\n<\/span><\/h2><\/div>\r\n\t\t\t\t\t\t<\/div>\n\t\t\t\t<\/div>\n\t\t\t\t<div class=\"elementor-element elementor-element-8934158 elementor-drop-cap-yes elementor-drop-cap-view-default elementor-widget elementor-widget-text-editor\" data-id=\"8934158\" data-element_type=\"widget\" data-settings=\"{&quot;drop_cap&quot;:&quot;yes&quot;}\" data-widget_type=\"text-editor.default\">\n\t\t\t\t<div class=\"elementor-widget-container\">\n\t\t\t\t\t\t\t\t\t<div class=\"flex-1 overflow-hidden @container\/thread\"><div class=\"h-full\"><div class=\"react-scroll-to-bottom--css-ccvzc-79elbk h-full\"><div class=\"react-scroll-to-bottom--css-ccvzc-1n7m0yu\"><div class=\"flex flex-col text-sm md:pb-9\"><article class=\"w-full scroll-mb-[var(--thread-trailing-height,150px)] text-token-text-primary focus-visible:outline-2 focus-visible:outline-offset-[-4px]\" dir=\"auto\" data-testid=\"conversation-turn-47\" data-scroll-anchor=\"true\"><div class=\"m-auto text-base py-[18px] px-3 md:px-4 w-full md:px-5 lg:px-4 xl:px-5\"><div class=\"mx-auto flex flex-1 gap-4 text-base md:gap-5 lg:gap-6 md:max-w-3xl lg:max-w-[40rem] xl:max-w-[48rem]\"><div class=\"group\/conversation-turn relative flex w-full min-w-0 flex-col agent-turn\"><div class=\"flex-col gap-1 md:gap-3\"><div class=\"flex max-w-full flex-col flex-grow\"><div class=\"min-h-8 text-message flex w-full flex-col items-end gap-2 whitespace-normal break-words text-start [.text-message+&amp;]:mt-5\" dir=\"auto\" data-message-author-role=\"assistant\" data-message-id=\"bd0a7f4f-d2de-4999-86b0-6275bbdd9b6b\" data-message-model-slug=\"gpt-4o-canmore\"><div class=\"flex w-full flex-col gap-1 empty:hidden first:pt-[3px]\"><div class=\"markdown prose w-full break-words dark:prose-invert dark\"><p>Lassen Sie sich von professionellen Akrobatikvorf\u00fchrungen und beeindruckenden Darbietungen von K\u00f6nnen \u00fcberraschen, die der Schwerkraft trotzen. Im Laufe des Abends erstrahlen unsere talentierten T\u00e4nzer mit umwerfender Choreographie auf der B\u00fchne, w\u00e4hrend Livemusik f\u00fcr einen Hauch von Zauber sorgt. Ob Sie zum Rhythmus tanzen oder einfach die romantische Atmosph\u00e4re genie\u00dfen, die Melodien des Abends werden Ihr Herz erobern.<\/p><p>Lassen Sie den Abend mit unseren pulsierenden Disco-N\u00e4chten ausklingen, bei denen nostalgische Pop-Hits auf die neuesten Chart-Topper treffen, zusammengestellt von unserem erfahrenen DJ. Diese einzigartige Atmosph\u00e4re erwartet Sie und Ihre Lieben und \u00f6ffnet die T\u00fcren zu einem Urlaub voller Freude, Energie und wertvoller Erinnerungen.<\/p><\/div><\/div><\/div><\/div><\/div><\/div><\/div><\/div><\/article><\/div><\/div><\/div><\/div><\/div>\t\t\t\t\t\t\t\t<\/div>\n\t\t\t\t<\/div>\n\t\t\t\t<\/div>\n\t\t\t\t\t<\/div>\n\t\t\t\t<\/div>\n\t\t\t\t<\/div>","protected":false},"excerpt":{"rendered":"<p>Aktivit\u00e4ten Eine Tanz- und Fl\u00fcsterreise. Ein Hauch von Abenteuer \u2013 Entdecken Sie eine Welt voller Spa\u00df und Spannung. Tauchen Sie ein in die pulsierende Welt des Royal Garden Beach Hotels, wo Unterhaltung und Inspiration f\u00fcr G\u00e4ste jeden Alters im \u00dcberfluss vorhanden sind. Von faszinierenden Animationen bis hin zu spektakul\u00e4ren Shows \u2013 jede Veranstaltung ist darauf ausgelegt, einzigartige und unvergessliche Erinnerungen zu schaffen. [\u2026]<\/p>","protected":false},"author":1,"featured_media":0,"parent":0,"menu_order":0,"comment_status":"closed","ping_status":"closed","template":"elementor_header_footer","meta":{"_acf_changed":false,"footnotes":""},"class_list":["post-1153","page","type-page","status-publish","hentry"],"acf":[],"_links":{"self":[{"href":"https:\/\/royalgardenbeach.com\/de\/wp-json\/wp\/v2\/pages\/1153","targetHints":{"allow":["GET"]}}],"collection":[{"href":"https:\/\/royalgardenbeach.com\/de\/wp-json\/wp\/v2\/pages"}],"about":[{"href":"https:\/\/royalgardenbeach.com\/de\/wp-json\/wp\/v2\/types\/page"}],"author":[{"embeddable":true,"href":"https:\/\/royalgardenbeach.com\/de\/wp-json\/wp\/v2\/users\/1"}],"replies":[{"embeddable":true,"href":"https:\/\/royalgardenbeach.com\/de\/wp-json\/wp\/v2\/comments?post=1153"}],"version-history":[{"count":19,"href":"https:\/\/royalgardenbeach.com\/de\/wp-json\/wp\/v2\/pages\/1153\/revisions"}],"predecessor-version":[{"id":2045,"href":"https:\/\/royalgardenbeach.com\/de\/wp-json\/wp\/v2\/pages\/1153\/revisions\/2045"}],"wp:attachment":[{"href":"https:\/\/royalgardenbeach.com\/de\/wp-json\/wp\/v2\/media?parent=1153"}],"curies":[{"name":"wp","href":"https:\/\/api.w.org\/{rel}","templated":true}]}}