{"id":1343,"date":"2025-01-13T23:35:53","date_gmt":"2025-01-13T20:35:53","guid":{"rendered":"https:\/\/royalgardenbeach.com\/?page_id=1343"},"modified":"2025-01-21T12:28:24","modified_gmt":"2025-01-21T09:28:24","slug":"privacy-policy","status":"publish","type":"page","link":"https:\/\/royalgardenbeach.com\/de\/privacy-policy\/","title":{"rendered":"Datenschutzrichtlinie"},"content":{"rendered":"<div data-elementor-type=\"wp-page\" data-elementor-id=\"1343\" class=\"elementor elementor-1343\">\n\t\t\t\t<div class=\"elementor-element elementor-element-09c0940 e-flex e-con-boxed e-con e-parent\" data-id=\"09c0940\" data-element_type=\"container\" data-settings=\"{&quot;background_background&quot;:&quot;classic&quot;,&quot;jet_parallax_layout_list&quot;:[]}\">\n\t\t\t\t\t<div class=\"e-con-inner\">\n\t\t\t\t<div class=\"elementor-element elementor-element-c13abb9 elementor-widget elementor-widget-heading\" data-id=\"c13abb9\" data-element_type=\"widget\" data-widget_type=\"heading.default\">\n\t\t\t\t<div class=\"elementor-widget-container\">\n\t\t\t\t\t<h2 class=\"elementor-heading-title elementor-size-default\">Datenschutzrichtlinie\n<\/h2>\t\t\t\t<\/div>\n\t\t\t\t<\/div>\n\t\t\t\t\t<\/div>\n\t\t\t\t<\/div>\n\t\t<div class=\"elementor-element elementor-element-d42f8a6 e-flex e-con-boxed elementor-invisible e-con e-parent\" data-id=\"d42f8a6\" data-element_type=\"container\" data-settings=\"{&quot;jet_parallax_layout_list&quot;:[],&quot;animation&quot;:&quot;fadeInUp&quot;}\">\n\t\t\t\t\t<div class=\"e-con-inner\">\n\t\t<div class=\"elementor-element elementor-element-4b9265b e-con-full e-flex e-con e-child\" data-id=\"4b9265b\" data-element_type=\"container\" data-settings=\"{&quot;jet_parallax_layout_list&quot;:[]}\">\n\t\t\t\t<div class=\"elementor-element elementor-element-bf27dd9 elementor-drop-cap-yes elementor-drop-cap-view-default elementor-widget elementor-widget-text-editor\" data-id=\"bf27dd9\" data-element_type=\"widget\" data-settings=\"{&quot;drop_cap&quot;:&quot;yes&quot;}\" data-widget_type=\"text-editor.default\">\n\t\t\t\t<div class=\"elementor-widget-container\">\n\t\t\t\t\t\t\t\t\t<p><strong>1. Einleitung<\/strong><\/p><p>Im Royal Garden Beach Hotel legen wir Wert auf die Privatsph\u00e4re unserer G\u00e4ste und Website-Besucher. Wir verpflichten uns, Ihre personenbezogenen Daten gem\u00e4\u00df dem Gesetz zum Schutz personenbezogener Daten Nr. 6698 (\u201eKVKK\u201c) und den damit verbundenen Vorschriften zu sch\u00fctzen. Diese Datenschutzrichtlinie soll Sie dar\u00fcber informieren, zu welchen Zwecken Ihre personenbezogenen Daten erhoben werden, wie sie verarbeitet und wie sie gesch\u00fctzt werden.<\/p><p><strong>2. Erhobene personenbezogene Daten<\/strong><\/p><p>Bei der Erbringung unserer Dienstleistungen k\u00f6nnen wir folgende personenbezogene Daten erfassen:<\/p><ul><li><strong>Identit\u00e4tsinformationen:<\/strong> Vorname, Nachname, Geburtsdatum usw.<\/li><li><strong>Kontaktinformationen:<\/strong> E-Mail-Adresse, Telefonnummer, Adresse usw.<\/li><li><strong>Reservierungsinformationen:<\/strong> Check-in-\/Check-out-Daten, Zimmerpr\u00e4ferenzen, Sonderw\u00fcnsche usw.<\/li><li><strong>Zahlungsinformationen:<\/strong> Kreditkartendaten, Rechnungsadresse etc.<\/li><li><strong>Digitale Daten:<\/strong> \u00dcber unsere Website erfasste IP-Adresse, Cookies und Browsing-Informationen.<\/li><\/ul><p><strong>3. Zwecke der Verarbeitung personenbezogener Daten<\/strong><\/p><p>Ihre personenbezogenen Daten werden zu folgenden Zwecken verarbeitet:<\/p><ul><li>Verwaltung und Abwicklung von Reservierungsprozessen,<\/li><li>Bereitstellung und Personalisierung von Beherbergungsdienstleistungen,<\/li><li>Sammeln und Auswerten von Feedback zur Verbesserung der G\u00e4stezufriedenheit,<\/li><li>Erf\u00fcllung gesetzlicher Verpflichtungen,<\/li><li>Durchf\u00fchrung von Marketing- und Werbeaktivit\u00e4ten (mit Ihrer Zustimmung),<\/li><li>Analyse und Verbesserung der Website-Nutzung.<\/li><\/ul><p><strong>4. Weitergabe personenbezogener Daten<\/strong><\/p><p>Ihre personenbezogenen Daten k\u00f6nnen im Einklang mit der KVKK und zu den oben genannten Zwecken an folgende Parteien weitergegeben werden:<\/p><ul><li>Autorisierte \u00f6ffentliche Einrichtungen und Organisationen,<\/li><li>Gesch\u00e4ftspartner und Dienstleister,<\/li><li>Dritte, soweit dies aufgrund gesetzlicher Verpflichtungen erforderlich ist.<\/li><\/ul><p><strong>5. Aufbewahrung und Sicherheit personenbezogener Daten<\/strong><\/p><p>Ihre personenbezogenen Daten werden f\u00fcr die gesetzlich vorgeschriebene Dauer oder so lange gespeichert, wie dies f\u00fcr die oben genannten Zwecke erforderlich ist. Um die Sicherheit Ihrer Daten zu gew\u00e4hrleisten, werden die erforderlichen technischen und administrativen Ma\u00dfnahmen ergriffen.<\/p><p><strong>6. Rechte der betroffenen Person<\/strong><\/p><p>Gem\u00e4\u00df Artikel 11 KVKK haben Sie als betroffene Person folgende Rechte:<\/p><ul><li>Um zu erfahren, ob Ihre pers\u00f6nlichen Daten verarbeitet wurden,<\/li><li>Auskunft dar\u00fcber zu verlangen, ob Ihre personenbezogenen Daten verarbeitet wurden,<\/li><li>Um zu erfahren, zu welchem Zweck Ihre personenbezogenen Daten verarbeitet werden und ob sie entsprechend genutzt werden,<\/li><li>Um die Dritten zu kennen, an die Ihre pers\u00f6nlichen Daten im In- oder Ausland \u00fcbermittelt wurden,<\/li><li>Die Berichtigung unvollst\u00e4ndiger oder unrichtiger personenbezogener Daten zu verlangen,<\/li><li>Die L\u00f6schung oder Vernichtung personenbezogener Daten unter den in Artikel 7 des KVKK genannten Bedingungen zu beantragen,<\/li><li>Um eine Benachrichtigung \u00fcber die im Rahmen der beiden oben genannten Punkte ergriffenen Ma\u00dfnahmen an Dritte anzufordern, an die Ihre pers\u00f6nlichen Daten \u00fcbermittelt wurden,<\/li><li>Einspruch gegen das Auftreten ung\u00fcnstiger Ergebnisse aus der Analyse Ihrer verarbeiteten Daten ausschlie\u00dflich durch automatisierte Systeme zu erheben,<\/li><li>Ersatz des durch die unrechtm\u00e4\u00dfige Verarbeitung personenbezogener Daten entstandenen Schadens zu verlangen.<\/li><\/ul><p><strong>7. Kontaktinformationen<\/strong><\/p><p>F\u00fcr Fragen oder Antr\u00e4ge zu Ihren personenbezogenen Daten k\u00f6nnen Sie uns unter den nachstehenden Kontaktdaten erreichen:<\/p><ul><li><strong>Adresse:<\/strong> Konakl\u0131, G\u00fc\u00e7o\u011flu Sokak 5\/A, 07490 Alanya\/Antalya, T\u00fcrkei<\/li><li><strong>E-Mail:<\/strong> <a rel=\"noopener\">info@royalgardenbeach.com<\/a><\/li><li><strong>Telefon:<\/strong> +90 (242) 268 07 70<\/li><\/ul><p><strong>8. Aktualisierungen der Richtlinien<\/strong><\/p><p>Diese Datenschutzrichtlinie kann angepasst werden, wenn sich gesetzliche Bestimmungen oder die Unternehmenspraxis \u00e4ndern. Aktualisierungen werden auf unserer Website bekannt gegeben.<\/p><p>Im Royal Garden Beach Hotel legen wir gro\u00dfen Wert auf den Schutz und die Sicherheit Ihrer Daten. Bei Fragen oder W\u00fcnschen k\u00f6nnen Sie uns jederzeit kontaktieren.<\/p>\t\t\t\t\t\t\t\t<\/div>\n\t\t\t\t<\/div>\n\t\t\t\t<\/div>\n\t\t\t\t\t<\/div>\n\t\t\t\t<\/div>\n\t\t\t\t<\/div>","protected":false},"excerpt":{"rendered":"<p>Datenschutzrichtlinie 1. Einleitung Im Royal Garden Beach Hotel legen wir Wert auf die Privatsph\u00e4re unserer G\u00e4ste und Website-Besucher. Wir verpflichten uns, Ihre personenbezogenen Daten gem\u00e4\u00df dem Datenschutzgesetz Nr. 6698 (\u201eKVKK\u201c) und den damit verbundenen Vorschriften zu sch\u00fctzen. Diese Datenschutzrichtlinie informiert Sie \u00fcber die Zwecke, f\u00fcr die Ihre personenbezogenen Daten [\u2026]<\/p>","protected":false},"author":1,"featured_media":0,"parent":0,"menu_order":0,"comment_status":"closed","ping_status":"closed","template":"elementor_header_footer","meta":{"_acf_changed":false,"footnotes":""},"class_list":["post-1343","page","type-page","status-publish","hentry"],"acf":[],"_links":{"self":[{"href":"https:\/\/royalgardenbeach.com\/de\/wp-json\/wp\/v2\/pages\/1343","targetHints":{"allow":["GET"]}}],"collection":[{"href":"https:\/\/royalgardenbeach.com\/de\/wp-json\/wp\/v2\/pages"}],"about":[{"href":"https:\/\/royalgardenbeach.com\/de\/wp-json\/wp\/v2\/types\/page"}],"author":[{"embeddable":true,"href":"https:\/\/royalgardenbeach.com\/de\/wp-json\/wp\/v2\/users\/1"}],"replies":[{"embeddable":true,"href":"https:\/\/royalgardenbeach.com\/de\/wp-json\/wp\/v2\/comments?post=1343"}],"version-history":[{"count":7,"href":"https:\/\/royalgardenbeach.com\/de\/wp-json\/wp\/v2\/pages\/1343\/revisions"}],"predecessor-version":[{"id":1451,"href":"https:\/\/royalgardenbeach.com\/de\/wp-json\/wp\/v2\/pages\/1343\/revisions\/1451"}],"wp:attachment":[{"href":"https:\/\/royalgardenbeach.com\/de\/wp-json\/wp\/v2\/media?parent=1343"}],"curies":[{"name":"wp","href":"https:\/\/api.w.org\/{rel}","templated":true}]}}