{"id":1359,"date":"2025-01-13T23:39:49","date_gmt":"2025-01-13T20:39:49","guid":{"rendered":"https:\/\/royalgardenbeach.com\/?page_id=1359"},"modified":"2026-04-15T16:13:30","modified_gmt":"2026-04-15T13:13:30","slug":"corporate-documents","status":"publish","type":"page","link":"https:\/\/royalgardenbeach.com\/de\/corporate-documents\/","title":{"rendered":"Unternehmensdokumente"},"content":{"rendered":"<div data-elementor-type=\"wp-page\" data-elementor-id=\"1359\" class=\"elementor elementor-1359\">\n\t\t\t\t<div class=\"elementor-element elementor-element-b16a379 e-flex e-con-boxed e-con e-parent\" data-id=\"b16a379\" data-element_type=\"container\" data-settings=\"{&quot;background_background&quot;:&quot;classic&quot;,&quot;jet_parallax_layout_list&quot;:[]}\">\n\t\t\t\t\t<div class=\"e-con-inner\">\n\t\t\t\t<div class=\"elementor-element elementor-element-68ebd49 elementor-widget elementor-widget-heading\" data-id=\"68ebd49\" data-element_type=\"widget\" data-widget_type=\"heading.default\">\n\t\t\t\t<div class=\"elementor-widget-container\">\n\t\t\t\t\t<h2 class=\"elementor-heading-title elementor-size-default\">Unternehmensdokumente<\/h2>\t\t\t\t<\/div>\n\t\t\t\t<\/div>\n\t\t\t\t\t<\/div>\n\t\t\t\t<\/div>\n\t\t<div class=\"elementor-element elementor-element-ab0e2eb e-flex e-con-boxed e-con e-parent\" data-id=\"ab0e2eb\" data-element_type=\"container\" data-settings=\"{&quot;jet_parallax_layout_list&quot;:[]}\">\n\t\t\t\t\t<div class=\"e-con-inner\">\n\t\t<div class=\"elementor-element elementor-element-a7a61db e-con-full e-flex elementor-invisible e-con e-child\" data-id=\"a7a61db\" data-element_type=\"container\" data-settings=\"{&quot;jet_parallax_layout_list&quot;:[],&quot;animation&quot;:&quot;fadeInLeft&quot;}\">\n\t\t\t\t<div class=\"elementor-element elementor-element-b1b4d57 elementor-widget elementor-widget-image\" data-id=\"b1b4d57\" data-element_type=\"widget\" data-widget_type=\"image.default\">\n\t\t\t\t<div class=\"elementor-widget-container\">\n\t\t\t\t\t\t\t\t\t\t\t\t\t\t\t\t<a href=\"https:\/\/royalgardenbeach.com\/wp-content\/uploads\/2026\/04\/ROYAL-GARDEN-BEACH-OTEL-Sertifika.pdf\" target=\"_blank\">\n\t\t\t\t\t\t\t<img fetchpriority=\"high\" decoding=\"async\" width=\"595\" height=\"842\" src=\"https:\/\/royalgardenbeach.com\/wp-content\/uploads\/2025\/01\/Surdurulebilir-turizm-Sertifikasi.png\" class=\"elementor-animation-bob attachment-large size-large wp-image-1414\" alt=\"\" srcset=\"https:\/\/royalgardenbeach.com\/wp-content\/uploads\/2025\/01\/Surdurulebilir-turizm-Sertifikasi.png 595w, https:\/\/royalgardenbeach.com\/wp-content\/uploads\/2025\/01\/Surdurulebilir-turizm-Sertifikasi-212x300.png 212w, https:\/\/royalgardenbeach.com\/wp-content\/uploads\/2025\/01\/Surdurulebilir-turizm-Sertifikasi-8x12.png 8w\" sizes=\"(max-width: 595px) 100vw, 595px\" \/>\t\t\t\t\t\t\t\t<\/a>\n\t\t\t\t\t\t\t\t\t\t\t\t\t\t\t<\/div>\n\t\t\t\t<\/div>\n\t\t\t\t<\/div>\n\t\t<div class=\"elementor-element elementor-element-2ff14a7 e-con-full e-flex elementor-invisible e-con e-child\" data-id=\"2ff14a7\" data-element_type=\"container\" data-settings=\"{&quot;jet_parallax_layout_list&quot;:[],&quot;animation&quot;:&quot;fadeInUp&quot;}\">\n\t\t\t\t<div class=\"elementor-element elementor-element-f9e998c elementor-widget elementor-widget-image\" data-id=\"f9e998c\" data-element_type=\"widget\" data-widget_type=\"image.default\">\n\t\t\t\t<div class=\"elementor-widget-container\">\n\t\t\t\t\t\t\t\t\t\t\t\t\t\t\t\t<a href=\"https:\/\/royalgardenbeach.com\/wp-content\/uploads\/2026\/04\/ROYAL-GARDEN-BEACH-OTEL-Sertifika.pdf\" target=\"_blank\">\n\t\t\t\t\t\t\t<img decoding=\"async\" width=\"595\" height=\"842\" src=\"https:\/\/royalgardenbeach.com\/wp-content\/uploads\/2025\/01\/Surdurulebilir-turizm-Sertifikasi-1.png\" class=\"elementor-animation-bob attachment-large size-large wp-image-1415\" alt=\"\" srcset=\"https:\/\/royalgardenbeach.com\/wp-content\/uploads\/2025\/01\/Surdurulebilir-turizm-Sertifikasi-1.png 595w, https:\/\/royalgardenbeach.com\/wp-content\/uploads\/2025\/01\/Surdurulebilir-turizm-Sertifikasi-1-212x300.png 212w, https:\/\/royalgardenbeach.com\/wp-content\/uploads\/2025\/01\/Surdurulebilir-turizm-Sertifikasi-1-8x12.png 8w\" sizes=\"(max-width: 595px) 100vw, 595px\" \/>\t\t\t\t\t\t\t\t<\/a>\n\t\t\t\t\t\t\t\t\t\t\t\t\t\t\t<\/div>\n\t\t\t\t<\/div>\n\t\t\t\t<\/div>\n\t\t<div class=\"elementor-element elementor-element-f3fc284 e-con-full e-flex elementor-invisible e-con e-child\" data-id=\"f3fc284\" data-element_type=\"container\" data-settings=\"{&quot;jet_parallax_layout_list&quot;:[],&quot;animation&quot;:&quot;fadeInRight&quot;}\">\n\t\t\t\t<div class=\"elementor-element elementor-element-4aabc83 elementor-widget elementor-widget-image\" data-id=\"4aabc83\" data-element_type=\"widget\" data-widget_type=\"image.default\">\n\t\t\t\t<div class=\"elementor-widget-container\">\n\t\t\t\t\t\t\t\t\t\t\t\t\t\t\t<img decoding=\"async\" width=\"595\" height=\"842\" src=\"https:\/\/royalgardenbeach.com\/wp-content\/uploads\/2025\/01\/ISO-9001.png\" class=\"elementor-animation-bob attachment-large size-large wp-image-1408\" alt=\"\" srcset=\"https:\/\/royalgardenbeach.com\/wp-content\/uploads\/2025\/01\/ISO-9001.png 595w, https:\/\/royalgardenbeach.com\/wp-content\/uploads\/2025\/01\/ISO-9001-212x300.png 212w, https:\/\/royalgardenbeach.com\/wp-content\/uploads\/2025\/01\/ISO-9001-8x12.png 8w\" sizes=\"(max-width: 595px) 100vw, 595px\" \/>\t\t\t\t\t\t\t\t\t\t\t\t\t\t\t<\/div>\n\t\t\t\t<\/div>\n\t\t\t\t<\/div>\n\t\t\t\t\t<\/div>\n\t\t\t\t<\/div>\n\t\t<div class=\"elementor-element elementor-element-bc8cb12 e-flex e-con-boxed e-con e-parent\" data-id=\"bc8cb12\" data-element_type=\"container\" data-settings=\"{&quot;jet_parallax_layout_list&quot;:[]}\">\n\t\t\t\t\t<div class=\"e-con-inner\">\n\t\t<div class=\"elementor-element elementor-element-ecb7add e-con-full e-flex elementor-invisible e-con e-child\" data-id=\"ecb7add\" data-element_type=\"container\" data-settings=\"{&quot;jet_parallax_layout_list&quot;:[],&quot;animation&quot;:&quot;fadeInLeft&quot;}\">\n\t\t\t\t<div class=\"elementor-element elementor-element-5828cc2 elementor-widget elementor-widget-image\" data-id=\"5828cc2\" data-element_type=\"widget\" data-widget_type=\"image.default\">\n\t\t\t\t<div class=\"elementor-widget-container\">\n\t\t\t\t\t\t\t\t\t\t\t\t\t\t\t<img loading=\"lazy\" decoding=\"async\" width=\"595\" height=\"842\" src=\"https:\/\/royalgardenbeach.com\/wp-content\/uploads\/2025\/01\/ISO-50001.png\" class=\"elementor-animation-bob attachment-large size-large wp-image-1410\" alt=\"\" srcset=\"https:\/\/royalgardenbeach.com\/wp-content\/uploads\/2025\/01\/ISO-50001.png 595w, https:\/\/royalgardenbeach.com\/wp-content\/uploads\/2025\/01\/ISO-50001-212x300.png 212w, https:\/\/royalgardenbeach.com\/wp-content\/uploads\/2025\/01\/ISO-50001-8x12.png 8w\" sizes=\"(max-width: 595px) 100vw, 595px\" \/>\t\t\t\t\t\t\t\t\t\t\t\t\t\t\t<\/div>\n\t\t\t\t<\/div>\n\t\t\t\t<\/div>\n\t\t<div class=\"elementor-element elementor-element-87e0444 e-con-full e-flex elementor-invisible e-con e-child\" data-id=\"87e0444\" data-element_type=\"container\" data-settings=\"{&quot;jet_parallax_layout_list&quot;:[],&quot;animation&quot;:&quot;fadeInUp&quot;}\">\n\t\t\t\t<div class=\"elementor-element elementor-element-840ed09 elementor-widget elementor-widget-image\" data-id=\"840ed09\" data-element_type=\"widget\" data-widget_type=\"image.default\">\n\t\t\t\t<div class=\"elementor-widget-container\">\n\t\t\t\t\t\t\t\t\t\t\t\t\t\t\t<img loading=\"lazy\" decoding=\"async\" width=\"595\" height=\"842\" src=\"https:\/\/royalgardenbeach.com\/wp-content\/uploads\/2025\/01\/ISO-140001.png\" class=\"elementor-animation-bob attachment-large size-large wp-image-1411\" alt=\"\" srcset=\"https:\/\/royalgardenbeach.com\/wp-content\/uploads\/2025\/01\/ISO-140001.png 595w, https:\/\/royalgardenbeach.com\/wp-content\/uploads\/2025\/01\/ISO-140001-212x300.png 212w, https:\/\/royalgardenbeach.com\/wp-content\/uploads\/2025\/01\/ISO-140001-8x12.png 8w\" sizes=\"(max-width: 595px) 100vw, 595px\" \/>\t\t\t\t\t\t\t\t\t\t\t\t\t\t\t<\/div>\n\t\t\t\t<\/div>\n\t\t\t\t<\/div>\n\t\t<div class=\"elementor-element elementor-element-01fc860 e-con-full e-flex elementor-invisible e-con e-child\" data-id=\"01fc860\" data-element_type=\"container\" data-settings=\"{&quot;jet_parallax_layout_list&quot;:[],&quot;animation&quot;:&quot;fadeInRight&quot;}\">\n\t\t\t\t<div class=\"elementor-element elementor-element-9895b63 elementor-widget elementor-widget-image\" data-id=\"9895b63\" data-element_type=\"widget\" data-widget_type=\"image.default\">\n\t\t\t\t<div class=\"elementor-widget-container\">\n\t\t\t\t\t\t\t\t\t\t\t\t\t\t\t<img loading=\"lazy\" decoding=\"async\" width=\"595\" height=\"842\" src=\"https:\/\/royalgardenbeach.com\/wp-content\/uploads\/2025\/01\/ISO-22000.png\" class=\"elementor-animation-bob attachment-large size-large wp-image-1409\" alt=\"\" srcset=\"https:\/\/royalgardenbeach.com\/wp-content\/uploads\/2025\/01\/ISO-22000.png 595w, https:\/\/royalgardenbeach.com\/wp-content\/uploads\/2025\/01\/ISO-22000-212x300.png 212w, https:\/\/royalgardenbeach.com\/wp-content\/uploads\/2025\/01\/ISO-22000-8x12.png 8w\" sizes=\"(max-width: 595px) 100vw, 595px\" \/>\t\t\t\t\t\t\t\t\t\t\t\t\t\t\t<\/div>\n\t\t\t\t<\/div>\n\t\t\t\t<\/div>\n\t\t\t\t\t<\/div>\n\t\t\t\t<\/div>\n\t\t<div class=\"elementor-element elementor-element-f9de156 elementor-hidden-desktop elementor-hidden-tablet elementor-hidden-mobile e-flex e-con-boxed e-con e-parent\" data-id=\"f9de156\" data-element_type=\"container\" data-settings=\"{&quot;jet_parallax_layout_list&quot;:[]}\">\n\t\t\t\t\t<div class=\"e-con-inner\">\n\t\t<div class=\"elementor-element elementor-element-1ee70f8 e-con-full e-flex elementor-invisible e-con e-child\" data-id=\"1ee70f8\" data-element_type=\"container\" data-settings=\"{&quot;jet_parallax_layout_list&quot;:[],&quot;animation&quot;:&quot;fadeInLeft&quot;}\">\n\t\t\t\t<\/div>\n\t\t<div class=\"elementor-element elementor-element-8c0c2fc e-con-full e-flex elementor-invisible e-con e-child\" data-id=\"8c0c2fc\" data-element_type=\"container\" data-settings=\"{&quot;jet_parallax_layout_list&quot;:[],&quot;animation&quot;:&quot;fadeInUp&quot;}\">\n\t\t\t\t<div class=\"elementor-element elementor-element-7e10ab0 elementor-widget elementor-widget-image\" data-id=\"7e10ab0\" data-element_type=\"widget\" data-widget_type=\"image.default\">\n\t\t\t\t<div class=\"elementor-widget-container\">\n\t\t\t\t\t\t\t\t\t\t\t\t\t\t\t\t<a href=\"https:\/\/qr.tga.gov.tr\/sertifika\/3745ec\" target=\"_blank\">\n\t\t\t\t\t\t\t<img loading=\"lazy\" decoding=\"async\" width=\"189\" height=\"207\" src=\"https:\/\/royalgardenbeach.com\/wp-content\/uploads\/2025\/03\/WhatsApp-Image-2025-03-25-at-09.23.56.jpeg\" class=\"elementor-animation-bob attachment-large size-large wp-image-1958\" alt=\"\" srcset=\"https:\/\/royalgardenbeach.com\/wp-content\/uploads\/2025\/03\/WhatsApp-Image-2025-03-25-at-09.23.56.jpeg 189w, https:\/\/royalgardenbeach.com\/wp-content\/uploads\/2025\/03\/WhatsApp-Image-2025-03-25-at-09.23.56-11x12.jpeg 11w\" sizes=\"(max-width: 189px) 100vw, 189px\" \/>\t\t\t\t\t\t\t\t<\/a>\n\t\t\t\t\t\t\t\t\t\t\t\t\t\t\t<\/div>\n\t\t\t\t<\/div>\n\t\t\t\t<\/div>\n\t\t<div class=\"elementor-element elementor-element-4e8af17 e-con-full e-flex elementor-invisible e-con e-child\" data-id=\"4e8af17\" data-element_type=\"container\" data-settings=\"{&quot;jet_parallax_layout_list&quot;:[],&quot;animation&quot;:&quot;fadeInRight&quot;}\">\n\t\t\t\t<\/div>\n\t\t\t\t\t<\/div>\n\t\t\t\t<\/div>\n\t\t<div class=\"elementor-element elementor-element-3e7c28f e-flex e-con-boxed elementor-invisible e-con e-parent\" data-id=\"3e7c28f\" data-element_type=\"container\" data-settings=\"{&quot;jet_parallax_layout_list&quot;:[],&quot;animation&quot;:&quot;fadeInUp&quot;}\">\n\t\t\t\t\t<div class=\"e-con-inner\">\n\t\t<div class=\"elementor-element elementor-element-ef6d99e e-con-full e-flex e-con e-child\" data-id=\"ef6d99e\" data-element_type=\"container\" data-settings=\"{&quot;jet_parallax_layout_list&quot;:[]}\">\n\t\t\t\t<div class=\"elementor-element elementor-element-a00248e elementor-drop-cap-yes elementor-drop-cap-view-default elementor-widget elementor-widget-text-editor\" data-id=\"a00248e\" data-element_type=\"widget\" data-settings=\"{&quot;drop_cap&quot;:&quot;yes&quot;}\" data-widget_type=\"text-editor.default\">\n\t\t\t\t<div class=\"elementor-widget-container\">\n\t\t\t\t\t\t\t\t\t<p>Im Royal Garden Beach Hotel stellen wir sicher, dass alle Unternehmensprozesse transparent und in \u00dcbereinstimmung mit den geltenden gesetzlichen und beh\u00f6rdlichen Anforderungen durchgef\u00fchrt werden. Nachfolgend finden Sie einen \u00dcberblick \u00fcber die wichtigsten Unternehmensdokumente und -richtlinien, die unsere Gesch\u00e4ftst\u00e4tigkeit bestimmen:<\/p><p><strong>1. Gr\u00fcndungsdokumente<\/strong><br \/>Unsere Gr\u00fcndungsdokumente legen den rechtlichen Rahmen des Royal Garden Beach Hotels fest und umrei\u00dfen unsere Mission, Vision und Unternehmenswerte. Diese Dokumente definieren die Grundlage unserer Dienstleistungen und unseres Engagements f\u00fcr Qualit\u00e4t.<\/p><p><strong>2. Verhaltenskodex<\/strong><br \/>Wir halten uns an einen strengen Verhaltenskodex und gew\u00e4hrleisten ethische Gesch\u00e4ftspraktiken, Integrit\u00e4t und Fairness in all unseren Aktivit\u00e4ten. Unser Verhaltenskodex ist ein Eckpfeiler unserer Beziehung zu G\u00e4sten, Mitarbeitern und Gesch\u00e4ftspartnern.<\/p><p><strong>3. Datenschutz<\/strong><br \/>Im Rahmen unseres Engagements f\u00fcr Datensicherheit haben wir eine umfassende Datenschutzrichtlinie zum Schutz der pers\u00f6nlichen Daten unserer G\u00e4ste und Partner implementiert. Einzelheiten finden Sie im Abschnitt \u201eDatenschutzrichtlinie\u201c.<\/p><p><strong>4. Umweltpolitik<\/strong><br \/>Das Royal Garden Beach Hotel ist der Nachhaltigkeit verpflichtet. Unsere Umweltpolitik umfasst Ma\u00dfnahmen zur Abfallminimierung, Energieeinsparung und zum Schutz der Umwelt bei gleichzeitiger Einhaltung h\u00f6chster Gastfreundschaftsstandards.<\/p><p><strong>5. Gesundheits- und Sicherheitsrichtlinie<\/strong><br \/>Die Gesundheit und Sicherheit unserer G\u00e4ste und Mitarbeiter hat f\u00fcr uns oberste Priorit\u00e4t. Unsere Richtlinien gew\u00e4hrleisten die Einhaltung internationaler Sicherheitsstandards und schaffen eine sichere und komfortable Umgebung f\u00fcr alle.<\/p><p><strong>6. Finanzberichte<\/strong><br \/>Um Transparenz zu gew\u00e4hrleisten, erstellen und ver\u00f6ffentlichen wir detaillierte Finanzberichte, die den Rechnungslegungsstandards und gesetzlichen Anforderungen entsprechen. Diese Berichte geben Einblick in unsere Gesch\u00e4ftst\u00e4tigkeit und finanzielle Stabilit\u00e4t.<\/p><p><strong>7. Verhaltenskodex f\u00fcr Lieferanten<\/strong><br \/>Wir arbeiten mit Lieferanten zusammen, die unser Engagement f\u00fcr ethische Praktiken, Nachhaltigkeit und Qualit\u00e4t teilen. Unser Verhaltenskodex f\u00fcr Lieferanten umrei\u00dft Erwartungen hinsichtlich Arbeits-, Sicherheits- und Umweltpraktiken.<\/p><p><strong>8. Compliance und rechtliche Richtlinien<\/strong><br \/>Unsere Compliance- und Rechtsrichtlinien stellen sicher, dass wir im Rahmen der lokalen und internationalen Gesetze agieren und die Interessen unserer Stakeholder sch\u00fctzen.<\/p><p><strong>9. Mitarbeiterhandbuch<\/strong><br \/>In unserem Mitarbeiterhandbuch sind die Rechte und Pflichten unserer Teammitglieder beschrieben und eine respektvolle und integrative Arbeitskultur gef\u00f6rdert.<\/p><p><strong>Kontaktieren Sie uns<\/strong><br \/>F\u00fcr Anfragen oder weitere Informationen zu unseren Unternehmensdokumenten kontaktieren Sie uns bitte:<\/p><ul><li><strong>Adresse:<\/strong> Konakl\u0131, G\u00fc\u00e7o\u011flu Sokak 5\/A, 07490 Alanya\/Antalya, T\u00fcrkei<\/li><li><strong>E-Mail:<\/strong> <a rel=\"noopener\">info@royalgardenbeach.com<\/a><\/li><li><strong>Telefon:<\/strong> +90 (242) 268 07 70<\/li><\/ul><p>Das Royal Garden Beach Hotel legt Wert auf Transparenz und Exzellenz in allen Aspekten seines Betriebs. Wir freuen uns \u00fcber Ihr Feedback und stellen Ihnen auf Anfrage gerne weitere Unterlagen zur Verf\u00fcgung.<\/p>\t\t\t\t\t\t\t\t<\/div>\n\t\t\t\t<\/div>\n\t\t\t\t<\/div>\n\t\t\t\t\t<\/div>\n\t\t\t\t<\/div>\n\t\t\t\t<\/div>","protected":false},"excerpt":{"rendered":"<p>Unternehmensdokumente Im Royal Garden Beach Hotel stellen wir sicher, dass alle Unternehmensprozesse transparent und in \u00dcbereinstimmung mit den geltenden gesetzlichen und regulatorischen Anforderungen durchgef\u00fchrt werden. Nachfolgend finden Sie eine \u00dcbersicht \u00fcber die wichtigsten Unternehmensdokumente und -richtlinien, die unsere Gesch\u00e4ftst\u00e4tigkeit bestimmen: 1. Gr\u00fcndungsdokumenteUnsere Gr\u00fcndungsdokumente legen den rechtlichen Rahmen des Royal Garden Beach Hotels fest [\u2026]<\/p>","protected":false},"author":1,"featured_media":0,"parent":0,"menu_order":0,"comment_status":"closed","ping_status":"closed","template":"elementor_header_footer","meta":{"_acf_changed":false,"footnotes":""},"class_list":["post-1359","page","type-page","status-publish","hentry"],"acf":[],"_links":{"self":[{"href":"https:\/\/royalgardenbeach.com\/de\/wp-json\/wp\/v2\/pages\/1359","targetHints":{"allow":["GET"]}}],"collection":[{"href":"https:\/\/royalgardenbeach.com\/de\/wp-json\/wp\/v2\/pages"}],"about":[{"href":"https:\/\/royalgardenbeach.com\/de\/wp-json\/wp\/v2\/types\/page"}],"author":[{"embeddable":true,"href":"https:\/\/royalgardenbeach.com\/de\/wp-json\/wp\/v2\/users\/1"}],"replies":[{"embeddable":true,"href":"https:\/\/royalgardenbeach.com\/de\/wp-json\/wp\/v2\/comments?post=1359"}],"version-history":[{"count":46,"href":"https:\/\/royalgardenbeach.com\/de\/wp-json\/wp\/v2\/pages\/1359\/revisions"}],"predecessor-version":[{"id":2227,"href":"https:\/\/royalgardenbeach.com\/de\/wp-json\/wp\/v2\/pages\/1359\/revisions\/2227"}],"wp:attachment":[{"href":"https:\/\/royalgardenbeach.com\/de\/wp-json\/wp\/v2\/media?parent=1359"}],"curies":[{"name":"wp","href":"https:\/\/api.w.org\/{rel}","templated":true}]}}