{"id":1369,"date":"2025-01-13T23:40:58","date_gmt":"2025-01-13T20:40:58","guid":{"rendered":"https:\/\/royalgardenbeach.com\/?page_id=1369"},"modified":"2025-01-14T00:56:20","modified_gmt":"2025-01-13T21:56:20","slug":"human-resources","status":"publish","type":"page","link":"https:\/\/royalgardenbeach.com\/de\/human-resources\/","title":{"rendered":"Personalwesen"},"content":{"rendered":"<div data-elementor-type=\"wp-page\" data-elementor-id=\"1369\" class=\"elementor elementor-1369\">\n\t\t\t\t<div class=\"elementor-element elementor-element-c127035 e-flex e-con-boxed e-con e-parent\" data-id=\"c127035\" data-element_type=\"container\" data-settings=\"{&quot;background_background&quot;:&quot;classic&quot;,&quot;jet_parallax_layout_list&quot;:[]}\">\n\t\t\t\t\t<div class=\"e-con-inner\">\n\t\t\t\t<div class=\"elementor-element elementor-element-581f788 elementor-widget elementor-widget-heading\" data-id=\"581f788\" data-element_type=\"widget\" data-widget_type=\"heading.default\">\n\t\t\t\t<div class=\"elementor-widget-container\">\n\t\t\t\t\t<h2 class=\"elementor-heading-title elementor-size-default\">Personalwesen<\/h2>\t\t\t\t<\/div>\n\t\t\t\t<\/div>\n\t\t\t\t\t<\/div>\n\t\t\t\t<\/div>\n\t\t<div class=\"elementor-element elementor-element-8a96852 e-flex e-con-boxed e-con e-parent\" data-id=\"8a96852\" data-element_type=\"container\" data-settings=\"{&quot;jet_parallax_layout_list&quot;:[]}\">\n\t\t\t\t\t<div class=\"e-con-inner\">\n\t\t<div class=\"elementor-element elementor-element-305f2d8 e-con-full e-flex elementor-invisible e-con e-child\" data-id=\"305f2d8\" data-element_type=\"container\" data-settings=\"{&quot;jet_parallax_layout_list&quot;:[],&quot;animation&quot;:&quot;fadeInLeft&quot;}\">\n\t\t\t\t<div class=\"elementor-element elementor-element-ef268ca elementor-widget elementor-widget-image\" data-id=\"ef268ca\" data-element_type=\"widget\" data-widget_type=\"image.default\">\n\t\t\t\t<div class=\"elementor-widget-container\">\n\t\t\t\t\t\t\t\t\t\t\t\t\t\t\t<img fetchpriority=\"high\" decoding=\"async\" width=\"1024\" height=\"682\" src=\"https:\/\/royalgardenbeach.com\/wp-content\/uploads\/2025\/01\/Havuzlar-6-1024x682.webp\" class=\"attachment-large size-large wp-image-919\" alt=\"\" srcset=\"https:\/\/royalgardenbeach.com\/wp-content\/uploads\/2025\/01\/Havuzlar-6-1024x682.webp 1024w, https:\/\/royalgardenbeach.com\/wp-content\/uploads\/2025\/01\/Havuzlar-6-300x200.webp 300w, https:\/\/royalgardenbeach.com\/wp-content\/uploads\/2025\/01\/Havuzlar-6-768x512.webp 768w, https:\/\/royalgardenbeach.com\/wp-content\/uploads\/2025\/01\/Havuzlar-6-1536x1024.webp 1536w, https:\/\/royalgardenbeach.com\/wp-content\/uploads\/2025\/01\/Havuzlar-6-2048x1365.webp 2048w, https:\/\/royalgardenbeach.com\/wp-content\/uploads\/2025\/01\/Havuzlar-6-18x12.webp 18w\" sizes=\"(max-width: 1024px) 100vw, 1024px\" \/>\t\t\t\t\t\t\t\t\t\t\t\t\t\t\t<\/div>\n\t\t\t\t<\/div>\n\t\t\t\t<\/div>\n\t\t<div class=\"elementor-element elementor-element-1ea27f8 e-con-full e-flex elementor-invisible e-con e-child\" data-id=\"1ea27f8\" data-element_type=\"container\" data-settings=\"{&quot;jet_parallax_layout_list&quot;:[],&quot;animation&quot;:&quot;fadeInRight&quot;}\">\n\t\t\t\t<div class=\"elementor-element elementor-element-6ee3373 elementor-drop-cap-yes elementor-drop-cap-view-default elementor-widget elementor-widget-text-editor\" data-id=\"6ee3373\" data-element_type=\"widget\" data-settings=\"{&quot;drop_cap&quot;:&quot;yes&quot;}\" data-widget_type=\"text-editor.default\">\n\t\t\t\t<div class=\"elementor-widget-container\">\n\t\t\t\t\t\t\t\t\t<p>Personalwesen<br \/>Der Kern unseres Erfolgs ist unser engagiertes Team. Unsere Personalpolitik konzentriert sich darauf, talentierte Mitarbeiter zu gewinnen, die Ihre Erfahrung auf ein au\u00dfergew\u00f6hnliches Niveau heben. Entdecken Sie unser Engagement f\u00fcr ein positives und kooperatives Arbeitsumfeld.<\/p><p><strong>Karriere<\/strong><br \/>Im Royal Garden Beach Hotel glauben wir an die Kraft eines leidenschaftlichen und engagierten Teams, das unseren G\u00e4sten unvergessliche Erlebnisse beschert. Wir sind stets auf der Suche nach talentierten Menschen, die unser Engagement f\u00fcr Exzellenz und Gastfreundschaft teilen.<\/p>\t\t\t\t\t\t\t\t<\/div>\n\t\t\t\t<\/div>\n\t\t\t\t<\/div>\n\t\t\t\t\t<\/div>\n\t\t\t\t<\/div>\n\t\t<div class=\"elementor-element elementor-element-6ee28dd e-flex e-con-boxed e-con e-parent\" data-id=\"6ee28dd\" data-element_type=\"container\" data-settings=\"{&quot;jet_parallax_layout_list&quot;:[]}\">\n\t\t\t\t\t<div class=\"e-con-inner\">\n\t\t<div class=\"elementor-element elementor-element-99ba1d4 e-con-full e-flex elementor-invisible e-con e-child\" data-id=\"99ba1d4\" data-element_type=\"container\" data-settings=\"{&quot;jet_parallax_layout_list&quot;:[],&quot;animation&quot;:&quot;fadeInLeft&quot;}\">\n\t\t\t\t<div class=\"elementor-element elementor-element-7e715f9 elementor-drop-cap-yes elementor-drop-cap-view-default elementor-widget elementor-widget-text-editor\" data-id=\"7e715f9\" data-element_type=\"widget\" data-settings=\"{&quot;drop_cap&quot;:&quot;yes&quot;}\" data-widget_type=\"text-editor.default\">\n\t\t\t\t<div class=\"elementor-widget-container\">\n\t\t\t\t\t\t\t\t\t<p>Royal Garden Beach Kommen Sie zu uns<br \/>Wir pflegen eine Kultur der Exzellenz, in der Kreativit\u00e4t, Innovation und Engagement gedeihen. Werden Sie Teil eines Teams, das Ihre einzigartigen F\u00e4higkeiten und Beitr\u00e4ge sch\u00e4tzt.<\/p><p><strong>Karriereentwicklung<\/strong><br \/>Im Royal Garden Beach Hotel investieren wir in die Entwicklung unserer Teammitglieder. Egal, ob Sie Ihre Karriere beginnen oder aufsteigen m\u00f6chten, wir bieten Ihnen M\u00f6glichkeiten f\u00fcr Wachstum und Aufstieg.<\/p><p><strong>Au\u00dfergew\u00f6hnliche Vorteile<\/strong><br \/>Profitieren Sie von zahlreichen Vorteilen, von attraktiven Geh\u00e4ltern bis hin zu Wellness-Programmen. Wir legen Wert darauf, uns um unsere Teammitglieder zu k\u00fcmmern, damit diese sich um unsere G\u00e4ste k\u00fcmmern k\u00f6nnen.<\/p>\t\t\t\t\t\t\t\t<\/div>\n\t\t\t\t<\/div>\n\t\t\t\t<\/div>\n\t\t<div class=\"elementor-element elementor-element-10979a5 e-con-full e-flex elementor-invisible e-con e-child\" data-id=\"10979a5\" data-element_type=\"container\" data-settings=\"{&quot;jet_parallax_layout_list&quot;:[],&quot;animation&quot;:&quot;fadeInRight&quot;}\">\n\t\t\t\t<div class=\"elementor-element elementor-element-2a3de8a elementor-widget elementor-widget-image\" data-id=\"2a3de8a\" data-element_type=\"widget\" data-widget_type=\"image.default\">\n\t\t\t\t<div class=\"elementor-widget-container\">\n\t\t\t\t\t\t\t\t\t\t\t\t\t\t\t<img decoding=\"async\" width=\"437\" height=\"172\" src=\"https:\/\/royalgardenbeach.com\/wp-content\/uploads\/2025\/01\/royal-beach-logo.png\" class=\"attachment-large size-large wp-image-1434\" alt=\"\" srcset=\"https:\/\/royalgardenbeach.com\/wp-content\/uploads\/2025\/01\/royal-beach-logo.png 437w, https:\/\/royalgardenbeach.com\/wp-content\/uploads\/2025\/01\/royal-beach-logo-300x118.png 300w, https:\/\/royalgardenbeach.com\/wp-content\/uploads\/2025\/01\/royal-beach-logo-18x7.png 18w\" sizes=\"(max-width: 437px) 100vw, 437px\" \/>\t\t\t\t\t\t\t\t\t\t\t\t\t\t\t<\/div>\n\t\t\t\t<\/div>\n\t\t\t\t<\/div>\n\t\t\t\t\t<\/div>\n\t\t\t\t<\/div>\n\t\t<div class=\"elementor-element elementor-element-649f0cc e-flex e-con-boxed e-con e-parent\" data-id=\"649f0cc\" data-element_type=\"container\" data-settings=\"{&quot;jet_parallax_layout_list&quot;:[]}\">\n\t\t\t\t\t<div class=\"e-con-inner\">\n\t\t<div class=\"elementor-element elementor-element-41a8aff e-con-full e-flex elementor-invisible e-con e-child\" data-id=\"41a8aff\" data-element_type=\"container\" data-settings=\"{&quot;jet_parallax_layout_list&quot;:[],&quot;animation&quot;:&quot;fadeInLeft&quot;}\">\n\t\t\t\t<div class=\"elementor-element elementor-element-7a9d52b elementor-drop-cap-yes elementor-drop-cap-view-default elementor-widget elementor-widget-text-editor\" data-id=\"7a9d52b\" data-element_type=\"widget\" data-settings=\"{&quot;drop_cap&quot;:&quot;yes&quot;}\" data-widget_type=\"text-editor.default\">\n\t\t\t\t<div class=\"elementor-widget-container\">\n\t\t\t\t\t\t\t\t\tSind Sie bereit f\u00fcr eine lohnende Karriere bei uns? Entdecken Sie unsere aktuellen Stellenangebote und bewerben Sie sich online. Wir freuen uns auf engagierte Menschen in der Royal Garden Beach Hotel-Familie. Schaffen Sie mit uns unvergessliche Momente!\t\t\t\t\t\t\t\t<\/div>\n\t\t\t\t<\/div>\n\t\t\t\t<div class=\"elementor-element elementor-element-19ec0fc raven-form-button-align-spaced elementor-widget elementor-widget-raven-form\" data-id=\"19ec0fc\" data-element_type=\"widget\" data-settings=\"{&quot;fields&quot;:[{&quot;label&quot;:&quot;Name&quot;,&quot;field_custom_id&quot;:&quot;name&quot;,&quot;placeholder&quot;:&quot;Name&quot;,&quot;_id&quot;:&quot;28e16d0&quot;,&quot;acceptance_text&quot;:null,&quot;step_previous_button&quot;:null,&quot;step_next_button&quot;:null,&quot;width&quot;:&quot;33&quot;,&quot;type&quot;:&quot;text&quot;,&quot;recaptcha_badge&quot;:null,&quot;recaptcha_theme&quot;:null,&quot;recaptcha_size&quot;:null,&quot;checked_by_default&quot;:null,&quot;min_time&quot;:null,&quot;max_time&quot;:null,&quot;min_date&quot;:null,&quot;max_date&quot;:null,&quot;localization&quot;:null,&quot;min&quot;:null,&quot;max&quot;:null,&quot;field_options&quot;:null,&quot;inline_list&quot;:null,&quot;field_html&quot;:null,&quot;native_html5&quot;:null,&quot;multiple_selection&quot;:null,&quot;rows&quot;:null,&quot;required&quot;:&quot;&quot;,&quot;iti_tel&quot;:null,&quot;iti_tel_tel_type&quot;:null,&quot;iti_tel_require_area&quot;:null,&quot;iti_tel_allow_dropdown&quot;:null,&quot;iti_tel_country_include&quot;:null,&quot;iti_tel_ip_detect&quot;:null,&quot;iti_tel_internationalize&quot;:null,&quot;file_sizes&quot;:null,&quot;file_types&quot;:null,&quot;allow_multiple_upload&quot;:null,&quot;max_files&quot;:null,&quot;step_icon&quot;:null,&quot;field_value&quot;:&quot;&quot;},{&quot;label&quot;:&quot;Last Name&quot;,&quot;field_custom_id&quot;:&quot;field_e2445a0&quot;,&quot;placeholder&quot;:&quot;Last Name&quot;,&quot;acceptance_text&quot;:null,&quot;step_previous_button&quot;:null,&quot;step_next_button&quot;:null,&quot;width&quot;:&quot;33&quot;,&quot;_id&quot;:&quot;e2445a0&quot;,&quot;type&quot;:&quot;text&quot;,&quot;recaptcha_badge&quot;:null,&quot;recaptcha_theme&quot;:null,&quot;recaptcha_size&quot;:null,&quot;checked_by_default&quot;:null,&quot;min_time&quot;:null,&quot;max_time&quot;:null,&quot;min_date&quot;:null,&quot;max_date&quot;:null,&quot;localization&quot;:null,&quot;min&quot;:null,&quot;max&quot;:null,&quot;field_options&quot;:null,&quot;inline_list&quot;:null,&quot;field_html&quot;:null,&quot;native_html5&quot;:null,&quot;multiple_selection&quot;:null,&quot;rows&quot;:null,&quot;required&quot;:&quot;&quot;,&quot;iti_tel&quot;:null,&quot;iti_tel_tel_type&quot;:null,&quot;iti_tel_require_area&quot;:null,&quot;iti_tel_allow_dropdown&quot;:null,&quot;iti_tel_country_include&quot;:null,&quot;iti_tel_ip_detect&quot;:null,&quot;iti_tel_internationalize&quot;:null,&quot;file_sizes&quot;:null,&quot;file_types&quot;:null,&quot;allow_multiple_upload&quot;:null,&quot;max_files&quot;:null,&quot;step_icon&quot;:null,&quot;field_value&quot;:&quot;&quot;},{&quot;label&quot;:&quot;E Mail&quot;,&quot;field_custom_id&quot;:&quot;field_822d5dd&quot;,&quot;type&quot;:&quot;email&quot;,&quot;placeholder&quot;:&quot;E Mail&quot;,&quot;acceptance_text&quot;:null,&quot;step_previous_button&quot;:null,&quot;step_next_button&quot;:null,&quot;width&quot;:&quot;33&quot;,&quot;_id&quot;:&quot;822d5dd&quot;,&quot;recaptcha_badge&quot;:null,&quot;recaptcha_theme&quot;:null,&quot;recaptcha_size&quot;:null,&quot;checked_by_default&quot;:null,&quot;min_time&quot;:null,&quot;max_time&quot;:null,&quot;min_date&quot;:null,&quot;max_date&quot;:null,&quot;localization&quot;:null,&quot;min&quot;:null,&quot;max&quot;:null,&quot;field_options&quot;:null,&quot;inline_list&quot;:null,&quot;field_html&quot;:null,&quot;native_html5&quot;:null,&quot;multiple_selection&quot;:null,&quot;rows&quot;:null,&quot;required&quot;:&quot;&quot;,&quot;iti_tel&quot;:null,&quot;iti_tel_tel_type&quot;:null,&quot;iti_tel_require_area&quot;:null,&quot;iti_tel_allow_dropdown&quot;:null,&quot;iti_tel_country_include&quot;:null,&quot;iti_tel_ip_detect&quot;:null,&quot;iti_tel_internationalize&quot;:null,&quot;file_sizes&quot;:null,&quot;file_types&quot;:null,&quot;allow_multiple_upload&quot;:null,&quot;max_files&quot;:null,&quot;step_icon&quot;:null,&quot;field_value&quot;:&quot;&quot;},{&quot;label&quot;:&quot;Phone Number&quot;,&quot;field_custom_id&quot;:&quot;email&quot;,&quot;type&quot;:&quot;tel&quot;,&quot;placeholder&quot;:&quot;Phone Number&quot;,&quot;required&quot;:&quot;true&quot;,&quot;_id&quot;:&quot;8830937&quot;,&quot;acceptance_text&quot;:null,&quot;step_previous_button&quot;:null,&quot;step_next_button&quot;:null,&quot;width&quot;:&quot;33&quot;,&quot;recaptcha_badge&quot;:null,&quot;recaptcha_theme&quot;:null,&quot;recaptcha_size&quot;:null,&quot;checked_by_default&quot;:null,&quot;min_time&quot;:null,&quot;max_time&quot;:null,&quot;min_date&quot;:null,&quot;max_date&quot;:null,&quot;localization&quot;:null,&quot;min&quot;:null,&quot;max&quot;:null,&quot;field_options&quot;:null,&quot;inline_list&quot;:null,&quot;field_html&quot;:null,&quot;native_html5&quot;:null,&quot;multiple_selection&quot;:null,&quot;rows&quot;:null,&quot;iti_tel&quot;:&quot;&quot;,&quot;iti_tel_tel_type&quot;:null,&quot;iti_tel_require_area&quot;:null,&quot;iti_tel_allow_dropdown&quot;:null,&quot;iti_tel_country_include&quot;:null,&quot;iti_tel_ip_detect&quot;:null,&quot;iti_tel_internationalize&quot;:null,&quot;file_sizes&quot;:null,&quot;file_types&quot;:null,&quot;allow_multiple_upload&quot;:null,&quot;max_files&quot;:null,&quot;step_icon&quot;:null,&quot;field_value&quot;:&quot;&quot;},{&quot;label&quot;:&quot;Position&quot;,&quot;field_custom_id&quot;:&quot;field_a1c55ad&quot;,&quot;type&quot;:&quot;select&quot;,&quot;placeholder&quot;:null,&quot;required&quot;:&quot;true&quot;,&quot;acceptance_text&quot;:null,&quot;field_options&quot;:&quot;General Application\\nHousekeeping\\nFood &amp; Beverage\\nEntertainment\\nFront Desk\\nGuest Relations\\nAccounting\\nTechnical Service\\nProcurement\\nSecurity\\nHuman Resources\\nSales &amp; Marketing\\nGeneral Management\\nAdministrative Affairs&quot;,&quot;step_previous_button&quot;:null,&quot;step_next_button&quot;:null,&quot;width&quot;:&quot;33&quot;,&quot;_id&quot;:&quot;a1c55ad&quot;,&quot;recaptcha_badge&quot;:null,&quot;recaptcha_theme&quot;:null,&quot;recaptcha_size&quot;:null,&quot;checked_by_default&quot;:null,&quot;min_time&quot;:null,&quot;max_time&quot;:null,&quot;min_date&quot;:null,&quot;max_date&quot;:null,&quot;localization&quot;:null,&quot;min&quot;:null,&quot;max&quot;:null,&quot;inline_list&quot;:null,&quot;field_html&quot;:null,&quot;native_html5&quot;:null,&quot;multiple_selection&quot;:&quot;&quot;,&quot;rows&quot;:null,&quot;iti_tel&quot;:null,&quot;iti_tel_tel_type&quot;:null,&quot;iti_tel_require_area&quot;:null,&quot;iti_tel_allow_dropdown&quot;:null,&quot;iti_tel_country_include&quot;:null,&quot;iti_tel_ip_detect&quot;:null,&quot;iti_tel_internationalize&quot;:null,&quot;file_sizes&quot;:null,&quot;file_types&quot;:null,&quot;allow_multiple_upload&quot;:null,&quot;max_files&quot;:null,&quot;step_icon&quot;:null,&quot;field_value&quot;:&quot;&quot;},{&quot;label&quot;:&quot;CV&quot;,&quot;field_custom_id&quot;:&quot;field_aa6eb2b&quot;,&quot;type&quot;:&quot;file&quot;,&quot;placeholder&quot;:null,&quot;required&quot;:&quot;true&quot;,&quot;acceptance_text&quot;:null,&quot;file_sizes&quot;:&quot;8&quot;,&quot;step_previous_button&quot;:null,&quot;step_next_button&quot;:null,&quot;width&quot;:&quot;33&quot;,&quot;_id&quot;:&quot;aa6eb2b&quot;,&quot;recaptcha_badge&quot;:null,&quot;recaptcha_theme&quot;:null,&quot;recaptcha_size&quot;:null,&quot;checked_by_default&quot;:null,&quot;min_time&quot;:null,&quot;max_time&quot;:null,&quot;min_date&quot;:null,&quot;max_date&quot;:null,&quot;localization&quot;:null,&quot;min&quot;:null,&quot;max&quot;:null,&quot;field_options&quot;:null,&quot;inline_list&quot;:null,&quot;field_html&quot;:null,&quot;native_html5&quot;:null,&quot;multiple_selection&quot;:null,&quot;rows&quot;:null,&quot;iti_tel&quot;:null,&quot;iti_tel_tel_type&quot;:null,&quot;iti_tel_require_area&quot;:null,&quot;iti_tel_allow_dropdown&quot;:null,&quot;iti_tel_country_include&quot;:null,&quot;iti_tel_ip_detect&quot;:null,&quot;iti_tel_internationalize&quot;:null,&quot;file_types&quot;:&quot;&quot;,&quot;allow_multiple_upload&quot;:&quot;&quot;,&quot;max_files&quot;:null,&quot;step_icon&quot;:null,&quot;field_value&quot;:null},{&quot;label&quot;:&quot;Cover Letter&quot;,&quot;field_custom_id&quot;:&quot;message&quot;,&quot;type&quot;:&quot;textarea&quot;,&quot;placeholder&quot;:&quot;Cover Letter&quot;,&quot;_id&quot;:&quot;c08730c&quot;,&quot;acceptance_text&quot;:null,&quot;step_previous_button&quot;:null,&quot;step_next_button&quot;:null,&quot;recaptcha_badge&quot;:null,&quot;recaptcha_theme&quot;:null,&quot;recaptcha_size&quot;:null,&quot;checked_by_default&quot;:null,&quot;min_time&quot;:null,&quot;max_time&quot;:null,&quot;min_date&quot;:null,&quot;max_date&quot;:null,&quot;localization&quot;:null,&quot;min&quot;:null,&quot;max&quot;:null,&quot;field_options&quot;:null,&quot;inline_list&quot;:null,&quot;field_html&quot;:null,&quot;native_html5&quot;:null,&quot;multiple_selection&quot;:null,&quot;rows&quot;:5,&quot;required&quot;:&quot;&quot;,&quot;iti_tel&quot;:null,&quot;iti_tel_tel_type&quot;:null,&quot;iti_tel_require_area&quot;:null,&quot;iti_tel_allow_dropdown&quot;:null,&quot;iti_tel_country_include&quot;:null,&quot;iti_tel_ip_detect&quot;:null,&quot;iti_tel_internationalize&quot;:null,&quot;file_sizes&quot;:null,&quot;file_types&quot;:null,&quot;allow_multiple_upload&quot;:null,&quot;max_files&quot;:null,&quot;step_icon&quot;:null,&quot;width&quot;:&quot;100&quot;,&quot;field_value&quot;:&quot;&quot;}],&quot;steps_type&quot;:&quot;number&quot;,&quot;steps_icon_shape&quot;:&quot;circle&quot;}\" data-widget_type=\"raven-form.default\">\n\t\t\t\t<div class=\"elementor-widget-container\">\n\t\t\t\t\t\t\t<form class=\"raven-form raven-flex raven-flex-wrap raven-flex-bottom raven-hide-required-mark\" method=\"post\" name=\"New form\" action=\"\">\r\n\t\t\t<input type=\"hidden\" name=\"post_id\" value=\"1369\" \/>\r\n\t\t\t<input type=\"hidden\" name=\"form_id\" value=\"19ec0fc\" \/>\r\n\t\t\t\t\t<div id=\"raven-field-group-28e16d0\" class=\"raven-flex-wrap raven-field-type-text raven-field-group elementor-column elementor-col-33\">\r\n\t\t\t\t\t<label\r\n\t\t\tfor=\"form-field-28e16d0\"\r\n\t\t\tclass=\"raven-field-label\">\r\n\t\t\tName\t\t\t\t\t\t<\/label>\r\n\t\t\t\t<input\r\n\t\t\toninput=\"onInvalidRavenFormField(event)\"\r\n\t\t\toninvalid=\"onInvalidRavenFormField(event)\"\r\n\t\t\ttype=\"text\" name=\"fields[28e16d0]\" id=\"form-field-28e16d0\" class=\"raven-field\" placeholder=\"Name\" data-type=\"text\">\r\n\t\t\t\t<\/div>\r\n\t\t\t\t<div id=\"raven-field-group-e2445a0\" class=\"raven-flex-wrap raven-field-type-text raven-field-group elementor-column elementor-col-33\">\r\n\t\t\t\t\t<label\r\n\t\t\tfor=\"form-field-e2445a0\"\r\n\t\t\tclass=\"raven-field-label\">\r\n\t\t\tNachname\t\t\t\t\t\t<\/label>\r\n\t\t\t\t<input\r\n\t\t\toninput=\"onInvalidRavenFormField(event)\"\r\n\t\t\toninvalid=\"onInvalidRavenFormField(event)\"\r\n\t\t\ttype=\"text\" name=\"fields[e2445a0]\" id=\"form-field-e2445a0\" class=\"raven-field\" placeholder=\"Nachname\" data-type=\"text\">\r\n\t\t\t\t<\/div>\r\n\t\t\t\t<div id=\"raven-field-group-822d5dd\" class=\"raven-flex-wrap raven-field-type-email raven-field-group elementor-column elementor-col-33\">\r\n\t\t\t\t\t<label\r\n\t\t\tfor=\"form-field-822d5dd\"\r\n\t\t\tclass=\"raven-field-label\">\r\n\t\t\tE-Mail\t\t\t\t\t\t<\/label>\r\n\t\t\t\t<input\r\n\t\t\toninput=\"onInvalidRavenFormField(event)\"\r\n\t\t\toninvalid=\"onInvalidRavenFormField(event)\"\r\n\t\t\ttype=\"email\" name=\"fields[822d5dd]\" id=\"form-field-822d5dd\" class=\"raven-field\" placeholder=\"E-Mail\" data-type=\"email\">\r\n\t\t\t\t<\/div>\r\n\t\t\t\t<div id=\"raven-field-group-8830937\" class=\"raven-flex-wrap raven-field-type-tel raven-field-group elementor-column elementor-col-33 raven-field-required\">\r\n\t\t\t\t\t<label\r\n\t\t\tfor=\"form-field-8830937\"\r\n\t\t\tclass=\"raven-field-label\">\r\n\t\t\tTelefonnummer\t\t\t\t\t\t<\/label>\r\n\t\t\t\t<input\r\n\t\t\toninput=\"onInvalidRavenFormField(event)\"\r\n\t\t\toninvalid=\"onInvalidRavenFormField(event)\"\r\n\t\t\ttype=\"tel\" name=\"fields[8830937]\" id=\"form-field-8830937\" class=\"raven-field\" placeholder=\"Telefonnummer\" data-type=\"tel\" required=\"required\" pattern=\"^[0-9\\-\\+\\s\\(\\)]*$\" title=\"The value should only consist numbers and phone characters (-, +, (), etc)\">\r\n\t\t\t\t<\/div>\r\n\t\t\t\t<div id=\"raven-field-group-a1c55ad\" class=\"raven-flex-wrap raven-field-type-select raven-field-group elementor-column elementor-col-33 raven-field-required\">\r\n\t\t\t\t\t<label\r\n\t\t\tfor=\"form-field-a1c55ad\"\r\n\t\t\tclass=\"raven-field-label\">\r\n\t\t\tPosition\t\t\t\t\t\t<\/label>\r\n\t\t\t\t<div class=\"raven-field-subgroup\">\r\n\t\t<svg aria-hidden=\"true\" class=\"raven-field-select-arrow e-font-icon-svg e-fas-angle-down\" viewbox=\"0 0 320 512\" xmlns=\"http:\/\/www.w3.org\/2000\/svg\"><path d=\"M143 352.3L7 216.3c-9.4-9.4-9.4-24.6 0-33.9l22.6-22.6c9.4-9.4 24.6-9.4 33.9 0l96.4 96.4 96.4-96.4c9.4-9.4 24.6-9.4 33.9 0l22.6 22.6c9.4 9.4 9.4 24.6 0 33.9l-136 136c-9.2 9.4-24.4 9.4-33.8 0z\"><\/path><\/svg><select oninput=\"onInvalidRavenFormField(event)\" oninvalid=\"onInvalidRavenFormField(event)\" type=\"select\" name=\"fields[a1c55ad]\" id=\"form-field-a1c55ad\" class=\"raven-field\" placeholder=\"\" data-type=\"select\" required=\"required\"><option value=\"General Application\">Allgemeine Anwendung<\/option><option value=\"Housekeeping\">Hauswirtschaft<\/option><option value=\"Food &amp; Beverage\">Lebensmittel und Getr\u00e4nke<\/option><option value=\"Entertainment\">Unterhaltung<\/option><option value=\"Front Desk\">Rezeption<\/option><option value=\"Guest Relations\">G\u00e4stebetreuung<\/option><option value=\"Accounting\">Buchhaltung<\/option><option value=\"Technical Service\">Technischer Dienst<\/option><option value=\"Procurement\">Beschaffung<\/option><option value=\"Security\">Sicherheit<\/option><option value=\"Human Resources\">Personalwesen<\/option><option value=\"Sales &amp; Marketing\">Vertrieb &amp; Marketing<\/option><option value=\"General Management\">Gesch\u00e4ftsf\u00fchrung<\/option><option value=\"Administrative Affairs\">Verwaltungsangelegenheiten<\/option><\/select><\/div>\t\t<\/div>\r\n\t\t\t\t<div id=\"raven-field-group-aa6eb2b\" class=\"raven-flex-wrap raven-field-type-file raven-field-group elementor-column elementor-col-33 raven-field-required\">\r\n\t\t\t\t\t<label\r\n\t\t\tfor=\"form-field-aa6eb2b\"\r\n\t\t\tclass=\"raven-field-label\">\r\n\t\t\tLebenslauf\t\t\t\t\t\t<\/label>\r\n\t\t\t\t<div class=\"raven-field-subgroup\">\r\n\t\t\t<span class=\"raven-field-option\">\r\n\t\t\t\t<input\r\n\t\t\t\t\toninput=\"onInvalidRavenFormField(event)\"\r\n\t\t\t\t\toninvalid=\"onInvalidRavenFormField(event)\"\r\n\t\t\t\t\ttype=\"file\"\r\n\t\t\t\t\tname=\"fields[aa6eb2b]\" id=\"form-field-aa6eb2b\" class=\"raven-field\" placeholder=\"\" data-type=\"file\" required=\"required\"\t\t\t\t>\r\n\t\t\t<\/span>\r\n\t\t<\/div>\r\n\t\t\t\t<\/div>\r\n\t\t\t\t<div id=\"raven-field-group-c08730c\" class=\"raven-flex-wrap raven-field-type-textarea raven-field-group elementor-column elementor-col-100\">\r\n\t\t\t\t\t<label\r\n\t\t\tfor=\"form-field-c08730c\"\r\n\t\t\tclass=\"raven-field-label\">\r\n\t\t\tMotivationsschreiben\t\t\t\t\t\t<\/label>\r\n\t\t\t\t<textarea\r\n\t\t\toninput=\"onInvalidRavenFormField(event)\"\r\n\t\t\toninvalid=\"onInvalidRavenFormField(event)\"\r\n\t\t\ttype=\"textarea\" name=\"fields[c08730c]\" id=\"form-field-c08730c\" class=\"raven-field\" placeholder=\"Motivationsschreiben\" data-type=\"textarea\"\t\t\trows=\"5\"><\/textarea>\r\n\t\t\t\t<\/div>\r\n\t\t\t\t\t\t\t<div class=\"raven-field-group raven-field-type-submit-button elementor-column elementor-col-100\">\r\n\t\t\t\t\t\t\t\t\t<button class=\"raven-submit-button elementor-animation-shrink\" type=\"submit\">\r\n\t\t\t\t\t\t<span>Schicken<\/span>\r\n\t\t<\/button>\r\n\t\t\t\t\t\t\t<\/div>\r\n\t\t\t\t<input type=\"hidden\" name=\"trp-form-language\" value=\"de\"\/><\/form>\r\n\r\n\t\t\t\t\t\t\t\t<\/div>\n\t\t\t\t<\/div>\n\t\t\t\t<\/div>\n\t\t<div class=\"elementor-element elementor-element-9e29b54 e-con-full e-flex elementor-invisible e-con e-child\" data-id=\"9e29b54\" data-element_type=\"container\" data-settings=\"{&quot;jet_parallax_layout_list&quot;:[],&quot;animation&quot;:&quot;fadeInRight&quot;}\">\n\t\t\t\t<div class=\"elementor-element elementor-element-6290c4b elementor-widget elementor-widget-html\" data-id=\"6290c4b\" data-element_type=\"widget\" data-widget_type=\"html.default\">\n\t\t\t\t<div class=\"elementor-widget-container\">\n\t\t\t\t\t<iframe src=\"https:\/\/www.google.com\/maps\/embed?pb=!1m18!1m12!1m3!1d3203.673542632281!2d31.86764687628239!3d36.586084079739216!2m3!1f0!2f0!3f0!3m2!1i1024!2i768!4f13.1!3m3!1m2!1s0x14dca4f6cd3fd955%3A0x798eacf394e8e0b5!2sRoyal%20Garden%20Beach%20Hotel!5e0!3m2!1str!2str!4v1736804870118!5m2!1str!2str\" width=\"600\" height=\"650\" style=\"border:0;\" allowfullscreen=\"\" loading=\"lazy\" referrerpolicy=\"no-referrer-when-downgrade\"><\/iframe>\t\t\t\t<\/div>\n\t\t\t\t<\/div>\n\t\t\t\t<\/div>\n\t\t\t\t\t<\/div>\n\t\t\t\t<\/div>\n\t\t\t\t<\/div>","protected":false},"excerpt":{"rendered":"<p>Human Resources Human ResourcesAt the heart of our success lies our dedicated team. Our Human Resources management policy focuses on attracting talented individuals who elevate your experience to extraordinary levels. Discover our commitment to fostering a positive and collaborative work environment. CareersAt Royal Garden Beach Hotel, we believe in the power of a passionate and [&hellip;]<\/p>","protected":false},"author":1,"featured_media":0,"parent":0,"menu_order":0,"comment_status":"closed","ping_status":"closed","template":"elementor_header_footer","meta":{"_acf_changed":false,"footnotes":""},"class_list":["post-1369","page","type-page","status-publish","hentry"],"acf":[],"_links":{"self":[{"href":"https:\/\/royalgardenbeach.com\/de\/wp-json\/wp\/v2\/pages\/1369","targetHints":{"allow":["GET"]}}],"collection":[{"href":"https:\/\/royalgardenbeach.com\/de\/wp-json\/wp\/v2\/pages"}],"about":[{"href":"https:\/\/royalgardenbeach.com\/de\/wp-json\/wp\/v2\/types\/page"}],"author":[{"embeddable":true,"href":"https:\/\/royalgardenbeach.com\/de\/wp-json\/wp\/v2\/users\/1"}],"replies":[{"embeddable":true,"href":"https:\/\/royalgardenbeach.com\/de\/wp-json\/wp\/v2\/comments?post=1369"}],"version-history":[{"count":7,"href":"https:\/\/royalgardenbeach.com\/de\/wp-json\/wp\/v2\/pages\/1369\/revisions"}],"predecessor-version":[{"id":1437,"href":"https:\/\/royalgardenbeach.com\/de\/wp-json\/wp\/v2\/pages\/1369\/revisions\/1437"}],"wp:attachment":[{"href":"https:\/\/royalgardenbeach.com\/de\/wp-json\/wp\/v2\/media?parent=1369"}],"curies":[{"name":"wp","href":"https:\/\/api.w.org\/{rel}","templated":true}]}}