{"id":2017,"date":"2025-07-01T20:48:01","date_gmt":"2025-07-01T17:48:01","guid":{"rendered":"https:\/\/royalgardenbeach.com\/?page_id=2017"},"modified":"2025-07-02T21:42:05","modified_gmt":"2025-07-02T18:42:05","slug":"kids","status":"publish","type":"page","link":"https:\/\/royalgardenbeach.com\/de\/kids\/","title":{"rendered":"Kinder"},"content":{"rendered":"<div data-elementor-type=\"wp-page\" data-elementor-id=\"2017\" class=\"elementor elementor-2017\">\n\t\t\t\t<div class=\"elementor-element elementor-element-186d603 e-flex e-con-boxed e-con e-parent\" data-id=\"186d603\" data-element_type=\"container\" data-settings=\"{&quot;background_background&quot;:&quot;classic&quot;,&quot;jet_parallax_layout_list&quot;:[]}\">\n\t\t\t\t\t<div class=\"e-con-inner\">\n\t\t\t\t<div class=\"elementor-element elementor-element-5aa3931 elementor-widget elementor-widget-heading\" data-id=\"5aa3931\" data-element_type=\"widget\" data-widget_type=\"heading.default\">\n\t\t\t\t<div class=\"elementor-widget-container\">\n\t\t\t\t\t<h2 class=\"elementor-heading-title elementor-size-default\">Kinder<\/h2>\t\t\t\t<\/div>\n\t\t\t\t<\/div>\n\t\t\t\t\t<\/div>\n\t\t\t\t<\/div>\n\t\t<div class=\"elementor-element elementor-element-c4869b9 e-flex e-con-boxed elementor-invisible e-con e-parent\" data-id=\"c4869b9\" data-element_type=\"container\" data-settings=\"{&quot;jet_parallax_layout_list&quot;:[],&quot;animation&quot;:&quot;fadeInUp&quot;}\">\n\t\t\t\t\t<div class=\"e-con-inner\">\n\t\t\t\t<div class=\"elementor-element elementor-element-b4a0fe4 elementor-widget elementor-widget-jet-animated-text\" data-id=\"b4a0fe4\" data-element_type=\"widget\" data-widget_type=\"jet-animated-text.default\">\n\t\t\t\t<div class=\"elementor-widget-container\">\n\t\t\t\t\t<div class=\"elementor-jet-animated-text jet-elements\">\n<div class=\"jet-animated-text jet-animated-text--effect-fx11\" data-settings='{\"effect\":\"fx11\",\"delay\":3000}'>\n\t<div class=\"jet-animated-text__before-text\">\n\t<span>A<\/span>&nbsp;<\/div>\n\t<div class=\"jet-animated-text__animated-text\">\n<div class=\"jet-animated-text__animated-text-item active visible\" dir=\"ltr\">\n\t<span>Tanzen<\/span>&nbsp;<span><\/span>&nbsp;<\/div>\n<div class=\"jet-animated-text__animated-text-item\" dir=\"ltr\">\n\t<span>Fl\u00fcstern<\/span>&nbsp;<span><\/span>&nbsp;<\/div>\n<div class=\"jet-animated-text__animated-text-item\" dir=\"ltr\">\n\t<span>Reise<\/span>&nbsp;<span><\/span>&nbsp;<\/div>\n<div class=\"jet-animated-text__animated-text-item\" dir=\"ltr\">\n\t<span>Brise<\/span>&nbsp;<span><\/span>&nbsp;<\/div>\n<div class=\"jet-animated-text__animated-text-item\" dir=\"ltr\">\n\t<span>Flie\u00dfen<\/span>&nbsp;<span><\/span>&nbsp;<\/div>\n<\/div>\t<div class=\"jet-animated-text__after-text\">\n\t<span>von<\/span>&nbsp;<span>Abenteuer<\/span><\/div><\/div><\/div>\t\t\t\t<\/div>\n\t\t\t\t<\/div>\n\t\t\t\t\t<\/div>\n\t\t\t\t<\/div>\n\t\t<div class=\"elementor-element elementor-element-8e9d4df e-flex e-con-boxed e-con e-parent\" data-id=\"8e9d4df\" data-element_type=\"container\" data-settings=\"{&quot;jet_parallax_layout_list&quot;:[]}\">\n\t\t\t\t\t<div class=\"e-con-inner\">\n\t\t<div class=\"elementor-element elementor-element-ef9c277 e-con-full e-flex elementor-invisible e-con e-child\" data-id=\"ef9c277\" data-element_type=\"container\" data-settings=\"{&quot;jet_parallax_layout_list&quot;:[],&quot;animation&quot;:&quot;fadeInLeft&quot;}\">\n\t\t\t\t<div class=\"elementor-element elementor-element-6372084 elementor-arrows-position-outside elementor-widget elementor-widget-image-carousel\" data-id=\"6372084\" data-element_type=\"widget\" data-settings=\"{&quot;slides_to_show&quot;:&quot;1&quot;,&quot;navigation&quot;:&quot;arrows&quot;,&quot;autoplay&quot;:&quot;yes&quot;,&quot;pause_on_hover&quot;:&quot;yes&quot;,&quot;pause_on_interaction&quot;:&quot;yes&quot;,&quot;autoplay_speed&quot;:5000,&quot;infinite&quot;:&quot;yes&quot;,&quot;effect&quot;:&quot;slide&quot;,&quot;speed&quot;:500}\" data-widget_type=\"image-carousel.default\">\n\t\t\t\t<div class=\"elementor-widget-container\">\n\t\t\t\t\t\t\t<div class=\"elementor-image-carousel-wrapper swiper\" role=\"region\" aria-roledescription=\"carousel\" aria-label=\"Resim D\u00f6ng\u00fcs\u00fc\" dir=\"ltr\">\n\t\t\t<div class=\"elementor-image-carousel swiper-wrapper\" aria-live=\"off\">\n\t\t\t\t\t\t\t\t<div class=\"swiper-slide\" role=\"group\" aria-roledescription=\"slide\" aria-label=\"1 von 11\"><a data-elementor-open-lightbox=\"yes\" data-elementor-lightbox-slideshow=\"6372084\" data-elementor-lightbox-title=\"1\" data-e-action-hash=\"#elementor-action%3Aaction%3Dlightbox%26settings%3DeyJpZCI6MjAyNiwidXJsIjoiaHR0cHM6XC9cL3JveWFsZ2FyZGVuYmVhY2guY29tXC93cC1jb250ZW50XC91cGxvYWRzXC8yMDI1XC8wN1wvMS5wbmciLCJzbGlkZXNob3ciOiI2MzcyMDg0In0%3D\" href=\"https:\/\/royalgardenbeach.com\/wp-content\/uploads\/2025\/07\/1.png\"><figure class=\"swiper-slide-inner\"><img decoding=\"async\" class=\"swiper-slide-image\" src=\"https:\/\/royalgardenbeach.com\/wp-content\/uploads\/2025\/07\/1.png\" alt=\"1\" \/><\/figure><\/a><\/div><div class=\"swiper-slide\" role=\"group\" aria-roledescription=\"slide\" aria-label=\"2 von 11\"><a data-elementor-open-lightbox=\"yes\" data-elementor-lightbox-slideshow=\"6372084\" data-elementor-lightbox-title=\"2\" data-e-action-hash=\"#elementor-action%3Aaction%3Dlightbox%26settings%3DeyJpZCI6MjAyNywidXJsIjoiaHR0cHM6XC9cL3JveWFsZ2FyZGVuYmVhY2guY29tXC93cC1jb250ZW50XC91cGxvYWRzXC8yMDI1XC8wN1wvMi5wbmciLCJzbGlkZXNob3ciOiI2MzcyMDg0In0%3D\" href=\"https:\/\/royalgardenbeach.com\/wp-content\/uploads\/2025\/07\/2.png\"><figure class=\"swiper-slide-inner\"><img decoding=\"async\" class=\"swiper-slide-image\" src=\"https:\/\/royalgardenbeach.com\/wp-content\/uploads\/2025\/07\/2.png\" alt=\"2\" \/><\/figure><\/a><\/div><div class=\"swiper-slide\" role=\"group\" aria-roledescription=\"slide\" aria-label=\"3 von 11\"><a data-elementor-open-lightbox=\"yes\" data-elementor-lightbox-slideshow=\"6372084\" data-elementor-lightbox-title=\"3\" data-e-action-hash=\"#elementor-action%3Aaction%3Dlightbox%26settings%3DeyJpZCI6MjAyOCwidXJsIjoiaHR0cHM6XC9cL3JveWFsZ2FyZGVuYmVhY2guY29tXC93cC1jb250ZW50XC91cGxvYWRzXC8yMDI1XC8wN1wvMy5wbmciLCJzbGlkZXNob3ciOiI2MzcyMDg0In0%3D\" href=\"https:\/\/royalgardenbeach.com\/wp-content\/uploads\/2025\/07\/3.png\"><figure class=\"swiper-slide-inner\"><img decoding=\"async\" class=\"swiper-slide-image\" src=\"https:\/\/royalgardenbeach.com\/wp-content\/uploads\/2025\/07\/3.png\" alt=\"3\" \/><\/figure><\/a><\/div><div class=\"swiper-slide\" role=\"group\" aria-roledescription=\"slide\" aria-label=\"4 von 11\"><a data-elementor-open-lightbox=\"yes\" data-elementor-lightbox-slideshow=\"6372084\" data-elementor-lightbox-title=\"4\" data-e-action-hash=\"#elementor-action%3Aaction%3Dlightbox%26settings%3DeyJpZCI6MjAyOSwidXJsIjoiaHR0cHM6XC9cL3JveWFsZ2FyZGVuYmVhY2guY29tXC93cC1jb250ZW50XC91cGxvYWRzXC8yMDI1XC8wN1wvNC5wbmciLCJzbGlkZXNob3ciOiI2MzcyMDg0In0%3D\" href=\"https:\/\/royalgardenbeach.com\/wp-content\/uploads\/2025\/07\/4.png\"><figure class=\"swiper-slide-inner\"><img decoding=\"async\" class=\"swiper-slide-image\" src=\"https:\/\/royalgardenbeach.com\/wp-content\/uploads\/2025\/07\/4.png\" alt=\"4\" \/><\/figure><\/a><\/div><div class=\"swiper-slide\" role=\"group\" aria-roledescription=\"slide\" aria-label=\"5 von 11\"><a data-elementor-open-lightbox=\"yes\" data-elementor-lightbox-slideshow=\"6372084\" data-elementor-lightbox-title=\"5\" data-e-action-hash=\"#elementor-action%3Aaction%3Dlightbox%26settings%3DeyJpZCI6MjAzMCwidXJsIjoiaHR0cHM6XC9cL3JveWFsZ2FyZGVuYmVhY2guY29tXC93cC1jb250ZW50XC91cGxvYWRzXC8yMDI1XC8wN1wvNS5wbmciLCJzbGlkZXNob3ciOiI2MzcyMDg0In0%3D\" href=\"https:\/\/royalgardenbeach.com\/wp-content\/uploads\/2025\/07\/5.png\"><figure class=\"swiper-slide-inner\"><img decoding=\"async\" class=\"swiper-slide-image\" src=\"https:\/\/royalgardenbeach.com\/wp-content\/uploads\/2025\/07\/5.png\" alt=\"5\" \/><\/figure><\/a><\/div><div class=\"swiper-slide\" role=\"group\" aria-roledescription=\"slide\" aria-label=\"6 von 11\"><a data-elementor-open-lightbox=\"yes\" data-elementor-lightbox-slideshow=\"6372084\" data-elementor-lightbox-title=\"6\" data-e-action-hash=\"#elementor-action%3Aaction%3Dlightbox%26settings%3DeyJpZCI6MjAzMSwidXJsIjoiaHR0cHM6XC9cL3JveWFsZ2FyZGVuYmVhY2guY29tXC93cC1jb250ZW50XC91cGxvYWRzXC8yMDI1XC8wN1wvNi5wbmciLCJzbGlkZXNob3ciOiI2MzcyMDg0In0%3D\" href=\"https:\/\/royalgardenbeach.com\/wp-content\/uploads\/2025\/07\/6.png\"><figure class=\"swiper-slide-inner\"><img decoding=\"async\" class=\"swiper-slide-image\" src=\"https:\/\/royalgardenbeach.com\/wp-content\/uploads\/2025\/07\/6.png\" alt=\"6\" \/><\/figure><\/a><\/div><div class=\"swiper-slide\" role=\"group\" aria-roledescription=\"slide\" aria-label=\"7 von 11\"><a data-elementor-open-lightbox=\"yes\" data-elementor-lightbox-slideshow=\"6372084\" data-elementor-lightbox-title=\"7\" data-e-action-hash=\"#elementor-action%3Aaction%3Dlightbox%26settings%3DeyJpZCI6MjAzMiwidXJsIjoiaHR0cHM6XC9cL3JveWFsZ2FyZGVuYmVhY2guY29tXC93cC1jb250ZW50XC91cGxvYWRzXC8yMDI1XC8wN1wvNy5wbmciLCJzbGlkZXNob3ciOiI2MzcyMDg0In0%3D\" href=\"https:\/\/royalgardenbeach.com\/wp-content\/uploads\/2025\/07\/7.png\"><figure class=\"swiper-slide-inner\"><img decoding=\"async\" class=\"swiper-slide-image\" src=\"https:\/\/royalgardenbeach.com\/wp-content\/uploads\/2025\/07\/7.png\" alt=\"7\" \/><\/figure><\/a><\/div><div class=\"swiper-slide\" role=\"group\" aria-roledescription=\"slide\" aria-label=\"8 von 11\"><a data-elementor-open-lightbox=\"yes\" data-elementor-lightbox-slideshow=\"6372084\" data-elementor-lightbox-title=\"8\" data-e-action-hash=\"#elementor-action%3Aaction%3Dlightbox%26settings%3DeyJpZCI6MjAzMywidXJsIjoiaHR0cHM6XC9cL3JveWFsZ2FyZGVuYmVhY2guY29tXC93cC1jb250ZW50XC91cGxvYWRzXC8yMDI1XC8wN1wvOC5wbmciLCJzbGlkZXNob3ciOiI2MzcyMDg0In0%3D\" href=\"https:\/\/royalgardenbeach.com\/wp-content\/uploads\/2025\/07\/8.png\"><figure class=\"swiper-slide-inner\"><img decoding=\"async\" class=\"swiper-slide-image\" src=\"https:\/\/royalgardenbeach.com\/wp-content\/uploads\/2025\/07\/8.png\" alt=\"8\" \/><\/figure><\/a><\/div><div class=\"swiper-slide\" role=\"group\" aria-roledescription=\"slide\" aria-label=\"9 von 11\"><a data-elementor-open-lightbox=\"yes\" data-elementor-lightbox-slideshow=\"6372084\" data-elementor-lightbox-title=\"9\" data-e-action-hash=\"#elementor-action%3Aaction%3Dlightbox%26settings%3DeyJpZCI6MjAzNCwidXJsIjoiaHR0cHM6XC9cL3JveWFsZ2FyZGVuYmVhY2guY29tXC93cC1jb250ZW50XC91cGxvYWRzXC8yMDI1XC8wN1wvOS5wbmciLCJzbGlkZXNob3ciOiI2MzcyMDg0In0%3D\" href=\"https:\/\/royalgardenbeach.com\/wp-content\/uploads\/2025\/07\/9.png\"><figure class=\"swiper-slide-inner\"><img decoding=\"async\" class=\"swiper-slide-image\" src=\"https:\/\/royalgardenbeach.com\/wp-content\/uploads\/2025\/07\/9.png\" alt=\"9\" \/><\/figure><\/a><\/div><div class=\"swiper-slide\" role=\"group\" aria-roledescription=\"slide\" aria-label=\"10 von 11\"><a data-elementor-open-lightbox=\"yes\" data-elementor-lightbox-slideshow=\"6372084\" data-elementor-lightbox-title=\"10\" data-e-action-hash=\"#elementor-action%3Aaction%3Dlightbox%26settings%3DeyJpZCI6MjAzNSwidXJsIjoiaHR0cHM6XC9cL3JveWFsZ2FyZGVuYmVhY2guY29tXC93cC1jb250ZW50XC91cGxvYWRzXC8yMDI1XC8wN1wvMTAucG5nIiwic2xpZGVzaG93IjoiNjM3MjA4NCJ9\" href=\"https:\/\/royalgardenbeach.com\/wp-content\/uploads\/2025\/07\/10.png\"><figure class=\"swiper-slide-inner\"><img decoding=\"async\" class=\"swiper-slide-image\" src=\"https:\/\/royalgardenbeach.com\/wp-content\/uploads\/2025\/07\/10.png\" alt=\"10\" \/><\/figure><\/a><\/div><div class=\"swiper-slide\" role=\"group\" aria-roledescription=\"slide\" aria-label=\"11 von 11\"><a data-elementor-open-lightbox=\"yes\" data-elementor-lightbox-slideshow=\"6372084\" data-elementor-lightbox-title=\"11\" data-e-action-hash=\"#elementor-action%3Aaction%3Dlightbox%26settings%3DeyJpZCI6MjAzNiwidXJsIjoiaHR0cHM6XC9cL3JveWFsZ2FyZGVuYmVhY2guY29tXC93cC1jb250ZW50XC91cGxvYWRzXC8yMDI1XC8wN1wvMTEucG5nIiwic2xpZGVzaG93IjoiNjM3MjA4NCJ9\" href=\"https:\/\/royalgardenbeach.com\/wp-content\/uploads\/2025\/07\/11.png\"><figure class=\"swiper-slide-inner\"><img decoding=\"async\" class=\"swiper-slide-image\" src=\"https:\/\/royalgardenbeach.com\/wp-content\/uploads\/2025\/07\/11.png\" alt=\"11\" \/><\/figure><\/a><\/div>\t\t\t<\/div>\n\t\t\t\t\t\t\t\t\t\t\t\t<div class=\"elementor-swiper-button elementor-swiper-button-prev\" role=\"button\" tabindex=\"0\">\n\t\t\t\t\t\t<svg aria-hidden=\"true\" class=\"e-font-icon-svg e-eicon-chevron-left\" viewbox=\"0 0 1000 1000\" xmlns=\"http:\/\/www.w3.org\/2000\/svg\"><path d=\"M646 125C629 125 613 133 604 142L308 442C296 454 292 471 292 487 292 504 296 521 308 533L604 854C617 867 629 875 646 875 663 875 679 871 692 858 704 846 713 829 713 812 713 796 708 779 692 767L438 487 692 225C700 217 708 204 708 187 708 171 704 154 692 142 675 129 663 125 646 125Z\"><\/path><\/svg>\t\t\t\t\t<\/div>\n\t\t\t\t\t<div class=\"elementor-swiper-button elementor-swiper-button-next\" role=\"button\" tabindex=\"0\">\n\t\t\t\t\t\t<svg aria-hidden=\"true\" class=\"e-font-icon-svg e-eicon-chevron-right\" viewbox=\"0 0 1000 1000\" xmlns=\"http:\/\/www.w3.org\/2000\/svg\"><path d=\"M696 533C708 521 713 504 713 487 713 471 708 454 696 446L400 146C388 133 375 125 354 125 338 125 325 129 313 142 300 154 292 171 292 187 292 204 296 221 308 233L563 492 304 771C292 783 288 800 288 817 288 833 296 850 308 863 321 871 338 875 354 875 371 875 388 867 400 854L696 533Z\"><\/path><\/svg>\t\t\t\t\t<\/div>\n\t\t\t\t\n\t\t\t\t\t\t\t\t\t<\/div>\n\t\t\t\t\t\t<\/div>\n\t\t\t\t<\/div>\n\t\t\t\t<\/div>\n\t\t<div class=\"elementor-element elementor-element-d6613db e-con-full e-flex elementor-invisible e-con e-child\" data-id=\"d6613db\" data-element_type=\"container\" data-settings=\"{&quot;jet_parallax_layout_list&quot;:[],&quot;animation&quot;:&quot;fadeInRight&quot;}\">\n\t\t\t\t<div class=\"elementor-element elementor-element-7990629 elementor-align-left elementor-widget elementor-widget-raven-heading\" data-id=\"7990629\" data-element_type=\"widget\" data-widget_type=\"raven-heading.default\">\n\t\t\t\t<div class=\"elementor-widget-container\">\n\t\t\t\t\t\t\t<div class=\"raven-widget-wrapper\"><h2 class=\"raven-heading raven-heading-h2\"><span class=\"raven-heading-title\">Mini Club \u2013 vergn\u00fcgliche Abenteuer f\u00fcr die kleinen G\u00e4ste\n\n<\/span><\/h2><\/div>\r\n\t\t\t\t\t\t<\/div>\n\t\t\t\t<\/div>\n\t\t\t\t<div class=\"elementor-element elementor-element-305daf3 elementor-drop-cap-yes elementor-drop-cap-view-default elementor-widget elementor-widget-text-editor\" data-id=\"305daf3\" data-element_type=\"widget\" data-settings=\"{&quot;drop_cap&quot;:&quot;yes&quot;}\" data-widget_type=\"text-editor.default\">\n\t\t\t\t<div class=\"elementor-widget-container\">\n\t\t\t\t\t\t\t\t\t<p>Unser Miniclub bietet unseren j\u00fcngsten G\u00e4sten ein gl\u00fccksorientiertes Erlebnis. Stellen Sie sich ein engagiertes Kinderclubteam vor, das daf\u00fcr sorgt, dass Ihre Kleinen eine freudige und unterhaltsame Zeit verbringen, w\u00e4hrend den Eltern die Freiheit bleibt, sich vollkommen zu entspannen und ihren Urlaub zu genie\u00dfen. Unser erfahrenes, geschultes und freundliches Personal schafft eine sichere, fr\u00f6hliche Umgebung voller Lachen, Spa\u00df und unvergesslicher Momente f\u00fcr jedes Kind.<\/p><p>\u00a0<\/p>\t\t\t\t\t\t\t\t<\/div>\n\t\t\t\t<\/div>\n\t\t\t\t<\/div>\n\t\t\t\t\t<\/div>\n\t\t\t\t<\/div>\n\t\t\t\t<\/div>","protected":false},"excerpt":{"rendered":"<p>Kinder Tanzen Fl\u00fcstern Reise Brise Abenteuer Mini Club \u2013 Fr\u00f6hliche Abenteuer f\u00fcr kleine G\u00e4ste Unser Mini Club bietet unseren j\u00fcngsten G\u00e4sten ein gl\u00fccksorientiertes Erlebnis. Stellen Sie sich ein engagiertes Kinderclub-Team vor, das Ihren Kleinen eine fr\u00f6hliche und unterhaltsame Zeit beschert und den Eltern gleichzeitig die Freiheit gibt, sich zu entspannen und ihren Urlaub zu genie\u00dfen. [\u2026]<\/p>","protected":false},"author":1,"featured_media":0,"parent":0,"menu_order":0,"comment_status":"closed","ping_status":"closed","template":"elementor_header_footer","meta":{"_acf_changed":false,"footnotes":""},"class_list":["post-2017","page","type-page","status-publish","hentry"],"acf":[],"_links":{"self":[{"href":"https:\/\/royalgardenbeach.com\/de\/wp-json\/wp\/v2\/pages\/2017","targetHints":{"allow":["GET"]}}],"collection":[{"href":"https:\/\/royalgardenbeach.com\/de\/wp-json\/wp\/v2\/pages"}],"about":[{"href":"https:\/\/royalgardenbeach.com\/de\/wp-json\/wp\/v2\/types\/page"}],"author":[{"embeddable":true,"href":"https:\/\/royalgardenbeach.com\/de\/wp-json\/wp\/v2\/users\/1"}],"replies":[{"embeddable":true,"href":"https:\/\/royalgardenbeach.com\/de\/wp-json\/wp\/v2\/comments?post=2017"}],"version-history":[{"count":10,"href":"https:\/\/royalgardenbeach.com\/de\/wp-json\/wp\/v2\/pages\/2017\/revisions"}],"predecessor-version":[{"id":2042,"href":"https:\/\/royalgardenbeach.com\/de\/wp-json\/wp\/v2\/pages\/2017\/revisions\/2042"}],"wp:attachment":[{"href":"https:\/\/royalgardenbeach.com\/de\/wp-json\/wp\/v2\/media?parent=2017"}],"curies":[{"name":"wp","href":"https:\/\/api.w.org\/{rel}","templated":true}]}}