{"id":2087,"date":"2025-08-09T13:49:13","date_gmt":"2025-08-09T10:49:13","guid":{"rendered":"https:\/\/royalgardenbeach.com\/?page_id=2087"},"modified":"2025-08-09T23:12:43","modified_gmt":"2025-08-09T20:12:43","slug":"accessible-room-disabled-friendly","status":"publish","type":"page","link":"https:\/\/royalgardenbeach.com\/de\/accessible-room-disabled-friendly\/","title":{"rendered":"Barrierefreies Zimmer (behindertengerecht)"},"content":{"rendered":"<div data-elementor-type=\"wp-page\" data-elementor-id=\"2087\" class=\"elementor elementor-2087\">\n\t\t\t\t<div class=\"elementor-element elementor-element-cc84fa3 e-flex e-con-boxed e-con e-parent\" data-id=\"cc84fa3\" data-element_type=\"container\" data-settings=\"{&quot;background_background&quot;:&quot;classic&quot;,&quot;jet_parallax_layout_list&quot;:[]}\">\n\t\t\t\t\t<div class=\"e-con-inner\">\n\t\t\t\t<div class=\"elementor-element elementor-element-c8f9f24 elementor-widget elementor-widget-heading\" data-id=\"c8f9f24\" data-element_type=\"widget\" data-widget_type=\"heading.default\">\n\t\t\t\t<div class=\"elementor-widget-container\">\n\t\t\t\t\t<h2 class=\"elementor-heading-title elementor-size-default\">Behindertengerechte Zimmer<\/h2>\t\t\t\t<\/div>\n\t\t\t\t<\/div>\n\t\t\t\t\t<\/div>\n\t\t\t\t<\/div>\n\t\t<div class=\"elementor-element elementor-element-fc89442 e-flex e-con-boxed elementor-invisible e-con e-parent\" data-id=\"fc89442\" data-element_type=\"container\" data-settings=\"{&quot;jet_parallax_layout_list&quot;:[],&quot;animation&quot;:&quot;fadeInUp&quot;}\">\n\t\t\t\t\t<div class=\"e-con-inner\">\n\t\t\t\t<div class=\"elementor-element elementor-element-1b89ef8 raven-heading--style-rotate elementor-widget elementor-widget-raven-animated-heading\" data-id=\"1b89ef8\" data-element_type=\"widget\" data-settings=\"{&quot;heading_style&quot;:&quot;rotate&quot;,&quot;rotating_text&quot;:&quot;touch\\nfeeling\\nessence\\ncharm\\naura&quot;,&quot;animation_type&quot;:&quot;clip&quot;,&quot;loop&quot;:&quot;yes&quot;,&quot;rotate_iteration_delay&quot;:2500}\" data-widget_type=\"raven-animated-heading.default\">\n\t\t\t\t<div class=\"elementor-widget-container\">\n\t\t\t\t\t\t\t<h3 class=\"raven-heading raven-heading-animation-type-clip\">\r\n\t\t\t\t\t<span class=\"raven-heading-plain-text raven-heading-text-wrapper\">Erleben Sie die k\u00f6nigliche<\/span>\r\n\t\t\t\t<span class=\"raven-heading-dynamic-wrapper raven-heading-text-wrapper\">\r\n\t\t\t\t\t\t<span class=\"raven-heading-dynamic-text raven-heading-text-active\">\r\n\t\t\t\t\tber\u00fchren\t\t\t\t<\/span>\r\n\t\t\t\t\t\t\t<span class=\"raven-heading-dynamic-text\">\r\n\t\t\t\t\tGef\u00fchl\t\t\t\t<\/span>\r\n\t\t\t\t\t\t\t<span class=\"raven-heading-dynamic-text\">\r\n\t\t\t\t\tWesen\t\t\t\t<\/span>\r\n\t\t\t\t\t\t\t<span class=\"raven-heading-dynamic-text\">\r\n\t\t\t\t\tCharme\t\t\t\t<\/span>\r\n\t\t\t\t\t\t\t<span class=\"raven-heading-dynamic-text\">\r\n\t\t\t\t\tAura\t\t\t\t<\/span>\r\n\t\t\t\t\t\t\t<\/span>\r\n\t\t\t\t\t<span class=\"raven-heading-plain-text raven-heading-text-wrapper\">in jedem Detail.<\/span>\r\n\t\t\t\t<\/h3>\r\n\t\t\t\t\t\t<\/div>\n\t\t\t\t<\/div>\n\t\t\t\t\t<\/div>\n\t\t\t\t<\/div>\n\t\t<div class=\"elementor-element elementor-element-86aa21c e-flex e-con-boxed e-con e-parent\" data-id=\"86aa21c\" data-element_type=\"container\" data-settings=\"{&quot;jet_parallax_layout_list&quot;:[]}\">\n\t\t\t\t\t<div class=\"e-con-inner\">\n\t\t<div class=\"elementor-element elementor-element-5dc64ff e-con-full e-flex elementor-invisible e-con e-child\" data-id=\"5dc64ff\" data-element_type=\"container\" data-settings=\"{&quot;jet_parallax_layout_list&quot;:[],&quot;animation&quot;:&quot;fadeInRight&quot;}\">\n\t\t\t\t<div class=\"elementor-element elementor-element-53f5631 elementor-widget elementor-widget-image\" data-id=\"53f5631\" data-element_type=\"widget\" data-widget_type=\"image.default\">\n\t\t\t\t<div class=\"elementor-widget-container\">\n\t\t\t\t\t\t\t\t\t\t\t\t\t\t\t<img fetchpriority=\"high\" decoding=\"async\" width=\"1024\" height=\"683\" src=\"https:\/\/royalgardenbeach.com\/wp-content\/uploads\/2025\/01\/Premium-Bina-Standart-Oda-03-Orta_Boyut-1024x683.webp\" class=\"attachment-large size-large wp-image-941\" alt=\"\" srcset=\"https:\/\/royalgardenbeach.com\/wp-content\/uploads\/2025\/01\/Premium-Bina-Standart-Oda-03-Orta_Boyut-1024x683.webp 1024w, https:\/\/royalgardenbeach.com\/wp-content\/uploads\/2025\/01\/Premium-Bina-Standart-Oda-03-Orta_Boyut-300x200.webp 300w, https:\/\/royalgardenbeach.com\/wp-content\/uploads\/2025\/01\/Premium-Bina-Standart-Oda-03-Orta_Boyut-768x512.webp 768w, https:\/\/royalgardenbeach.com\/wp-content\/uploads\/2025\/01\/Premium-Bina-Standart-Oda-03-Orta_Boyut-1536x1024.webp 1536w, https:\/\/royalgardenbeach.com\/wp-content\/uploads\/2025\/01\/Premium-Bina-Standart-Oda-03-Orta_Boyut-2048x1366.webp 2048w, https:\/\/royalgardenbeach.com\/wp-content\/uploads\/2025\/01\/Premium-Bina-Standart-Oda-03-Orta_Boyut-18x12.webp 18w\" sizes=\"(max-width: 1024px) 100vw, 1024px\" \/>\t\t\t\t\t\t\t\t\t\t\t\t\t\t\t<\/div>\n\t\t\t\t<\/div>\n\t\t\t\t<\/div>\n\t\t<div class=\"elementor-element elementor-element-9765f53 e-con-full e-flex elementor-invisible e-con e-child\" data-id=\"9765f53\" data-element_type=\"container\" data-settings=\"{&quot;jet_parallax_layout_list&quot;:[],&quot;animation&quot;:&quot;fadeInLeft&quot;}\">\n\t\t\t\t<div class=\"elementor-element elementor-element-5f39273 elementor-widget elementor-widget-text-editor\" data-id=\"5f39273\" data-element_type=\"widget\" data-widget_type=\"text-editor.default\">\n\t\t\t\t<div class=\"elementor-widget-container\">\n\t\t\t\t\t\t\t\t\t<h3>Barrierefreies Premium-Zimmer (behindertengerecht)<\/h3><p data-start=\"185\" data-end=\"496\">Unser barrierefreies Zimmer wurde mit Blick auf Barrierefreiheit und Komfort konzipiert und bietet eine ger\u00e4umige und funktionale 42 Quadratmeter gro\u00dfe Grundfl\u00e4che, die auf die Bed\u00fcrfnisse von G\u00e4sten mit eingeschr\u00e4nkter Mobilit\u00e4t zugeschnitten ist. Dank der g\u00fcnstigen Lage und des einfachen Zugangs bietet das Zimmer eine barrierefreie Umgebung, ohne Kompromisse bei Stil oder Komfort einzugehen.<\/p><p data-start=\"498\" data-end=\"823\">Der durchdachte Raum bietet Platz f\u00fcr bis zu zwei G\u00e4ste und verf\u00fcgt \u00fcber eine breite Eingangst\u00fcr, viel Bewegungsfreiheit und angepasste M\u00f6bel. Das Schlafzimmer ist mit einem bequemen Doppelbett (auf Anfrage auch mit zwei Einzelbetten) ausgestattet, w\u00e4hrend das Badezimmer mit einer ebenerdigen Dusche, Haltegriffen und einem niedrigen Waschbecken f\u00fcr eine bequeme Nutzung ausgestattet ist.<\/p>\t\t\t\t\t\t\t\t<\/div>\n\t\t\t\t<\/div>\n\t\t\t\t<\/div>\n\t\t\t\t\t<\/div>\n\t\t\t\t<\/div>\n\t\t<div class=\"elementor-element elementor-element-edc9875 e-flex e-con-boxed e-con e-parent\" data-id=\"edc9875\" data-element_type=\"container\" data-settings=\"{&quot;jet_parallax_layout_list&quot;:[]}\">\n\t\t\t\t\t<div class=\"e-con-inner\">\n\t\t<div class=\"elementor-element elementor-element-3881c76 e-con-full e-flex elementor-invisible e-con e-child\" data-id=\"3881c76\" data-element_type=\"container\" data-settings=\"{&quot;jet_parallax_layout_list&quot;:[],&quot;animation&quot;:&quot;fadeInLeft&quot;}\">\n\t\t\t\t<div class=\"elementor-element elementor-element-ff05ba5 elementor-widget elementor-widget-text-editor\" data-id=\"ff05ba5\" data-element_type=\"widget\" data-widget_type=\"text-editor.default\">\n\t\t\t\t<div class=\"elementor-widget-container\">\n\t\t\t\t\t\t\t\t\t<p>Zus\u00e4tzliche Ausstattungsmerkmale wie rutschfeste B\u00f6den, gut erreichbare Lichtschalter und eine offene Raumaufteilung sorgen f\u00fcr Sicherheit und Komfort. Jedes Detail ist darauf ausgelegt, Ihnen Unabh\u00e4ngigkeit und Sicherheit zu bieten und Ihren Aufenthalt so erholsam und angenehm wie m\u00f6glich zu gestalten.<\/p><p>F\u00fcr mehr Unabh\u00e4ngigkeit sorgen verbreiterte T\u00fcren und stufenlose \u00dcberg\u00e4nge zwischen allen Bereichen, einschlie\u00dflich Balkon\/Terrasse (sofern vorhanden). Das Badezimmer verf\u00fcgt \u00fcber eine ebenerdige Dusche mit Klappsitz, strategisch platzierte Haltegriffe, eine Handbrause und einen abgesenkten Kosmetikspiegel. Rutschfester Keramikboden und deutliche Kontraste an Schaltern, Steckdosen und Griffen erm\u00f6glichen sichere und intuitive Bewegungen w\u00e4hrend Ihres Aufenthalts.<\/p>\t\t\t\t\t\t\t\t<\/div>\n\t\t\t\t<\/div>\n\t\t\t\t<\/div>\n\t\t<div class=\"elementor-element elementor-element-570b792 e-con-full e-flex elementor-invisible e-con e-child\" data-id=\"570b792\" data-element_type=\"container\" data-settings=\"{&quot;jet_parallax_layout_list&quot;:[],&quot;animation&quot;:&quot;fadeInRight&quot;}\">\n\t\t\t\t<div class=\"elementor-element elementor-element-ff6bd6a elementor-widget elementor-widget-image\" data-id=\"ff6bd6a\" data-element_type=\"widget\" data-widget_type=\"image.default\">\n\t\t\t\t<div class=\"elementor-widget-container\">\n\t\t\t\t\t\t\t\t\t\t\t\t\t\t\t<img decoding=\"async\" width=\"1024\" height=\"683\" src=\"https:\/\/royalgardenbeach.com\/wp-content\/uploads\/2025\/08\/IMG_7586-1024x683.png\" class=\"attachment-large size-large wp-image-2091\" alt=\"\" srcset=\"https:\/\/royalgardenbeach.com\/wp-content\/uploads\/2025\/08\/IMG_7586-1024x683.png 1024w, https:\/\/royalgardenbeach.com\/wp-content\/uploads\/2025\/08\/IMG_7586-300x200.png 300w, https:\/\/royalgardenbeach.com\/wp-content\/uploads\/2025\/08\/IMG_7586-768x512.png 768w, https:\/\/royalgardenbeach.com\/wp-content\/uploads\/2025\/08\/IMG_7586-1536x1024.png 1536w, https:\/\/royalgardenbeach.com\/wp-content\/uploads\/2025\/08\/IMG_7586-2048x1366.png 2048w, https:\/\/royalgardenbeach.com\/wp-content\/uploads\/2025\/08\/IMG_7586-18x12.png 18w\" sizes=\"(max-width: 1024px) 100vw, 1024px\" \/>\t\t\t\t\t\t\t\t\t\t\t\t\t\t\t<\/div>\n\t\t\t\t<\/div>\n\t\t\t\t<\/div>\n\t\t\t\t\t<\/div>\n\t\t\t\t<\/div>\n\t\t<div class=\"elementor-element elementor-element-0b7a29d e-flex e-con-boxed e-con e-parent\" data-id=\"0b7a29d\" data-element_type=\"container\" data-settings=\"{&quot;jet_parallax_layout_list&quot;:[]}\">\n\t\t\t\t\t<div class=\"e-con-inner\">\n\t\t<div class=\"elementor-element elementor-element-ca3cbdb e-con-full e-flex elementor-invisible e-con e-child\" data-id=\"ca3cbdb\" data-element_type=\"container\" data-settings=\"{&quot;jet_parallax_layout_list&quot;:[],&quot;animation&quot;:&quot;fadeInLeft&quot;}\">\n\t\t\t\t<div class=\"elementor-element elementor-element-85c84c8 elementor-widget elementor-widget-image\" data-id=\"85c84c8\" data-element_type=\"widget\" data-widget_type=\"image.default\">\n\t\t\t\t<div class=\"elementor-widget-container\">\n\t\t\t\t\t\t\t\t\t\t\t\t\t\t\t<img decoding=\"async\" width=\"1024\" height=\"683\" src=\"https:\/\/royalgardenbeach.com\/wp-content\/uploads\/2025\/08\/IMG_7591-1024x683.png\" class=\"attachment-large size-large wp-image-2092\" alt=\"\" srcset=\"https:\/\/royalgardenbeach.com\/wp-content\/uploads\/2025\/08\/IMG_7591-1024x683.png 1024w, https:\/\/royalgardenbeach.com\/wp-content\/uploads\/2025\/08\/IMG_7591-300x200.png 300w, https:\/\/royalgardenbeach.com\/wp-content\/uploads\/2025\/08\/IMG_7591-768x512.png 768w, https:\/\/royalgardenbeach.com\/wp-content\/uploads\/2025\/08\/IMG_7591-1536x1024.png 1536w, https:\/\/royalgardenbeach.com\/wp-content\/uploads\/2025\/08\/IMG_7591-2048x1366.png 2048w, https:\/\/royalgardenbeach.com\/wp-content\/uploads\/2025\/08\/IMG_7591-18x12.png 18w\" sizes=\"(max-width: 1024px) 100vw, 1024px\" \/>\t\t\t\t\t\t\t\t\t\t\t\t\t\t\t<\/div>\n\t\t\t\t<\/div>\n\t\t\t\t<\/div>\n\t\t<div class=\"elementor-element elementor-element-85f7059 e-con-full e-flex elementor-invisible e-con e-child\" data-id=\"85f7059\" data-element_type=\"container\" data-settings=\"{&quot;jet_parallax_layout_list&quot;:[],&quot;animation&quot;:&quot;fadeInRight&quot;}\">\n\t\t\t\t<div class=\"elementor-element elementor-element-32c24a6 elementor-widget elementor-widget-text-editor\" data-id=\"32c24a6\" data-element_type=\"widget\" data-widget_type=\"text-editor.default\">\n\t\t\t\t<div class=\"elementor-widget-container\">\n\t\t\t\t\t\t\t\t\t<p data-start=\"503\" data-end=\"889\">Barrierefreiheit geht \u00fcber das Zimmer hinaus: Barrierefreie Wege verbinden Sie mit der Lobby, dem Restaurant, dem Poolbereich und dem Aufzug. Parkpl\u00e4tze mit Vorrang und ein barrierefreier Haltepunkt stehen in Eingangsn\u00e4he zur Verf\u00fcgung. Optische und akustische Alarme, ein Notrufsystem am Bett sowie abgesenkte Rezeptions- und Buffetbereiche (sofern verf\u00fcgbar) sorgen f\u00fcr Komfort und Sicherheit an allen wichtigen Kontaktpunkten.<\/p><p data-start=\"891\" data-end=\"1315\" data-is-last-node=\"\" data-is-only-node=\"\">Auf Anfrage stellen wir Ihnen gerne Zusatzausstattung wie Duschstuhl, Toilettensitzerh\u00f6hung, mobile Rampen, Vibrationsalarm\/T\u00fcrklingel und rollstuhlgerechten Schreibtischstuhl zur Verf\u00fcgung (je nach Verf\u00fcgbarkeit). Unser Team ist darauf geschult, Ihnen diskret mit Gep\u00e4ck und der Zimmereinrichtung zu helfen. Gerne vereinbaren wir auch Sonderw\u00fcnsche vor Ihrer Ankunft. Teilen Sie uns einfach Ihre W\u00fcnsche mit, damit wir jedes Detail auf Ihre Bed\u00fcrfnisse abstimmen k\u00f6nnen.<\/p>\t\t\t\t\t\t\t\t<\/div>\n\t\t\t\t<\/div>\n\t\t\t\t<\/div>\n\t\t\t\t\t<\/div>\n\t\t\t\t<\/div>\n\t\t<div class=\"elementor-element elementor-element-5f6f8f5 e-flex e-con-boxed elementor-invisible e-con e-parent\" data-id=\"5f6f8f5\" data-element_type=\"container\" data-settings=\"{&quot;jet_parallax_layout_list&quot;:[],&quot;animation&quot;:&quot;fadeInUp&quot;}\">\n\t\t\t\t\t<div class=\"e-con-inner\">\n\t\t\t\t<div class=\"elementor-element elementor-element-6c6447e elementor-icon-list--layout-inline elementor-align-center elementor-list-item-link-full_width elementor-widget elementor-widget-icon-list\" data-id=\"6c6447e\" data-element_type=\"widget\" data-widget_type=\"icon-list.default\">\n\t\t\t\t<div class=\"elementor-widget-container\">\n\t\t\t\t\t\t\t<ul class=\"elementor-icon-list-items elementor-inline-items\">\n\t\t\t\t\t\t\t<li class=\"elementor-icon-list-item elementor-inline-item\">\n\t\t\t\t\t\t\t\t\t\t\t<span class=\"elementor-icon-list-icon\">\n\t\t\t\t\t\t\t<svg aria-hidden=\"true\" class=\"e-font-icon-svg e-fas-archway\" viewbox=\"0 0 576 512\" xmlns=\"http:\/\/www.w3.org\/2000\/svg\"><path d=\"M560 448h-16V96H32v352H16.02c-8.84 0-16 7.16-16 16v32c0 8.84 7.16 16 16 16H176c8.84 0 16-7.16 16-16V320c0-53.02 42.98-96 96-96s96 42.98 96 96l.02 160v16c0 8.84 7.16 16 16 16H560c8.84 0 16-7.16 16-16v-32c0-8.84-7.16-16-16-16zm0-448H16C7.16 0 0 7.16 0 16v32c0 8.84 7.16 16 16 16h544c8.84 0 16-7.16 16-16V16c0-8.84-7.16-16-16-16z\"><\/path><\/svg>\t\t\t\t\t\t<\/span>\n\t\t\t\t\t\t\t\t\t\t<span class=\"elementor-icon-list-text\">Balkon<\/span>\n\t\t\t\t\t\t\t\t\t<\/li>\n\t\t\t\t\t\t\t\t<li class=\"elementor-icon-list-item elementor-inline-item\">\n\t\t\t\t\t\t\t\t\t\t\t<span class=\"elementor-icon-list-icon\">\n\t\t\t\t\t\t\t<svg aria-hidden=\"true\" class=\"e-font-icon-svg e-fas-fan\" viewbox=\"0 0 512 512\" xmlns=\"http:\/\/www.w3.org\/2000\/svg\"><path d=\"M352.57 128c-28.09 0-54.09 4.52-77.06 12.86l12.41-123.11C289 7.31 279.81-1.18 269.33.13 189.63 10.13 128 77.64 128 159.43c0 28.09 4.52 54.09 12.86 77.06L17.75 224.08C7.31 223-1.18 232.19.13 242.67c10 79.7 77.51 141.33 159.3 141.33 28.09 0 54.09-4.52 77.06-12.86l-12.41 123.11c-1.05 10.43 8.11 18.93 18.59 17.62 79.7-10 141.33-77.51 141.33-159.3 0-28.09-4.52-54.09-12.86-77.06l123.11 12.41c10.44 1.05 18.93-8.11 17.62-18.59-10-79.7-77.51-141.33-159.3-141.33zM256 288a32 32 0 1 1 32-32 32 32 0 0 1-32 32z\"><\/path><\/svg>\t\t\t\t\t\t<\/span>\n\t\t\t\t\t\t\t\t\t\t<span class=\"elementor-icon-list-text\">Klimaanlage<\/span>\n\t\t\t\t\t\t\t\t\t<\/li>\n\t\t\t\t\t\t\t\t<li class=\"elementor-icon-list-item elementor-inline-item\">\n\t\t\t\t\t\t\t\t\t\t\t<span class=\"elementor-icon-list-icon\">\n\t\t\t\t\t\t\t<svg aria-hidden=\"true\" class=\"e-font-icon-svg e-fas-wifi\" viewbox=\"0 0 640 512\" xmlns=\"http:\/\/www.w3.org\/2000\/svg\"><path d=\"M634.91 154.88C457.74-8.99 182.19-8.93 5.09 154.88c-6.66 6.16-6.79 16.59-.35 22.98l34.24 33.97c6.14 6.1 16.02 6.23 22.4.38 145.92-133.68 371.3-133.71 517.25 0 6.38 5.85 16.26 5.71 22.4-.38l34.24-33.97c6.43-6.39 6.3-16.82-.36-22.98zM320 352c-35.35 0-64 28.65-64 64s28.65 64 64 64 64-28.65 64-64-28.65-64-64-64zm202.67-83.59c-115.26-101.93-290.21-101.82-405.34 0-6.9 6.1-7.12 16.69-.57 23.15l34.44 33.99c6 5.92 15.66 6.32 22.05.8 83.95-72.57 209.74-72.41 293.49 0 6.39 5.52 16.05 5.13 22.05-.8l34.44-33.99c6.56-6.46 6.33-17.06-.56-23.15z\"><\/path><\/svg>\t\t\t\t\t\t<\/span>\n\t\t\t\t\t\t\t\t\t\t<span class=\"elementor-icon-list-text\">Kabellos<\/span>\n\t\t\t\t\t\t\t\t\t<\/li>\n\t\t\t\t\t\t\t\t<li class=\"elementor-icon-list-item elementor-inline-item\">\n\t\t\t\t\t\t\t\t\t\t\t<span class=\"elementor-icon-list-icon\">\n\t\t\t\t\t\t\t<svg aria-hidden=\"true\" class=\"e-font-icon-svg e-fas-coffee\" viewbox=\"0 0 640 512\" xmlns=\"http:\/\/www.w3.org\/2000\/svg\"><path d=\"M192 384h192c53 0 96-43 96-96h32c70.6 0 128-57.4 128-128S582.6 32 512 32H120c-13.3 0-24 10.7-24 24v232c0 53 43 96 96 96zM512 96c35.3 0 64 28.7 64 64s-28.7 64-64 64h-32V96h32zm47.7 384H48.3c-47.6 0-61-64-36-64h583.3c25 0 11.8 64-35.9 64z\"><\/path><\/svg>\t\t\t\t\t\t<\/span>\n\t\t\t\t\t\t\t\t\t\t<span class=\"elementor-icon-list-text\">Kaffee<\/span>\n\t\t\t\t\t\t\t\t\t<\/li>\n\t\t\t\t\t\t\t\t<li class=\"elementor-icon-list-item elementor-inline-item\">\n\t\t\t\t\t\t\t\t\t\t\t<span class=\"elementor-icon-list-icon\">\n\t\t\t\t\t\t\t<svg aria-hidden=\"true\" class=\"e-font-icon-svg e-fas-toilet\" viewbox=\"0 0 384 512\" xmlns=\"http:\/\/www.w3.org\/2000\/svg\"><path d=\"M368 48c8.8 0 16-7.2 16-16V16c0-8.8-7.2-16-16-16H16C7.2 0 0 7.2 0 16v16c0 8.8 7.2 16 16 16h16v156.7C11.8 214.8 0 226.9 0 240c0 67.2 34.6 126.2 86.8 160.5l-21.4 70.2C59.1 491.2 74.5 512 96 512h192c21.5 0 36.9-20.8 30.6-41.3l-21.4-70.2C349.4 366.2 384 307.2 384 240c0-13.1-11.8-25.2-32-35.3V48h16zM80 72c0-4.4 3.6-8 8-8h48c4.4 0 8 3.6 8 8v16c0 4.4-3.6 8-8 8H88c-4.4 0-8-3.6-8-8V72zm112 200c-77.1 0-139.6-14.3-139.6-32s62.5-32 139.6-32 139.6 14.3 139.6 32-62.5 32-139.6 32z\"><\/path><\/svg>\t\t\t\t\t\t<\/span>\n\t\t\t\t\t\t\t\t\t\t<span class=\"elementor-icon-list-text\">WC<\/span>\n\t\t\t\t\t\t\t\t\t<\/li>\n\t\t\t\t\t\t<\/ul>\n\t\t\t\t\t\t<\/div>\n\t\t\t\t<\/div>\n\t\t\t\t\t<\/div>\n\t\t\t\t<\/div>\n\t\t\t\t<\/div>","protected":false},"excerpt":{"rendered":"<p>Accessible Room Experience the royal touch feeling essence charm aura in every detail. Premium Accessible Room (Disabled Friendly) Designed with accessibility and comfort in mind, our Accessible Room offers a spacious and functional 42-square-meter layout tailored to meet the needs of guests with reduced mobility. Conveniently located for easy access, the room provides a barrier-free [&hellip;]<\/p>","protected":false},"author":1,"featured_media":0,"parent":0,"menu_order":0,"comment_status":"closed","ping_status":"closed","template":"elementor_header_footer","meta":{"_acf_changed":false,"footnotes":""},"class_list":["post-2087","page","type-page","status-publish","hentry"],"acf":[],"_links":{"self":[{"href":"https:\/\/royalgardenbeach.com\/de\/wp-json\/wp\/v2\/pages\/2087","targetHints":{"allow":["GET"]}}],"collection":[{"href":"https:\/\/royalgardenbeach.com\/de\/wp-json\/wp\/v2\/pages"}],"about":[{"href":"https:\/\/royalgardenbeach.com\/de\/wp-json\/wp\/v2\/types\/page"}],"author":[{"embeddable":true,"href":"https:\/\/royalgardenbeach.com\/de\/wp-json\/wp\/v2\/users\/1"}],"replies":[{"embeddable":true,"href":"https:\/\/royalgardenbeach.com\/de\/wp-json\/wp\/v2\/comments?post=2087"}],"version-history":[{"count":7,"href":"https:\/\/royalgardenbeach.com\/de\/wp-json\/wp\/v2\/pages\/2087\/revisions"}],"predecessor-version":[{"id":2115,"href":"https:\/\/royalgardenbeach.com\/de\/wp-json\/wp\/v2\/pages\/2087\/revisions\/2115"}],"wp:attachment":[{"href":"https:\/\/royalgardenbeach.com\/de\/wp-json\/wp\/v2\/media?parent=2087"}],"curies":[{"name":"wp","href":"https:\/\/api.w.org\/{rel}","templated":true}]}}