{"id":1055,"date":"2025-01-10T22:15:33","date_gmt":"2025-01-10T19:15:33","guid":{"rendered":"https:\/\/royalgardenbeach.com\/?page_id=1055"},"modified":"2025-01-25T17:30:40","modified_gmt":"2025-01-25T14:30:40","slug":"family-room","status":"publish","type":"page","link":"https:\/\/royalgardenbeach.com\/tr\/family-room\/","title":{"rendered":"Aile Odas\u0131"},"content":{"rendered":"<div data-elementor-type=\"wp-page\" data-elementor-id=\"1055\" class=\"elementor elementor-1055\">\n\t\t\t\t<div class=\"elementor-element elementor-element-7f77b1a e-flex e-con-boxed e-con e-parent\" data-id=\"7f77b1a\" data-element_type=\"container\" data-settings=\"{&quot;background_background&quot;:&quot;classic&quot;,&quot;jet_parallax_layout_list&quot;:[]}\">\n\t\t\t\t\t<div class=\"e-con-inner\">\n\t\t\t\t<div class=\"elementor-element elementor-element-3892fc2 elementor-widget elementor-widget-heading\" data-id=\"3892fc2\" data-element_type=\"widget\" data-widget_type=\"heading.default\">\n\t\t\t\t<div class=\"elementor-widget-container\">\n\t\t\t\t\t<h2 class=\"elementor-heading-title elementor-size-default\">Aile Odas\u0131\n<\/h2>\t\t\t\t<\/div>\n\t\t\t\t<\/div>\n\t\t\t\t\t<\/div>\n\t\t\t\t<\/div>\n\t\t<div class=\"elementor-element elementor-element-c0a5dd5 e-flex e-con-boxed elementor-invisible e-con e-parent\" data-id=\"c0a5dd5\" data-element_type=\"container\" data-settings=\"{&quot;jet_parallax_layout_list&quot;:[],&quot;animation&quot;:&quot;fadeInUp&quot;}\">\n\t\t\t\t\t<div class=\"e-con-inner\">\n\t\t\t\t<div class=\"elementor-element elementor-element-7901bfd raven-heading--style-rotate elementor-widget elementor-widget-raven-animated-heading\" data-id=\"7901bfd\" data-element_type=\"widget\" data-settings=\"{&quot;heading_style&quot;:&quot;rotate&quot;,&quot;rotating_text&quot;:&quot;touch\\nfeeling\\nessence\\ncharm\\naura&quot;,&quot;animation_type&quot;:&quot;clip&quot;,&quot;loop&quot;:&quot;yes&quot;,&quot;rotate_iteration_delay&quot;:2500}\" data-widget_type=\"raven-animated-heading.default\">\n\t\t\t\t<div class=\"elementor-widget-container\">\n\t\t\t\t\t\t\t<h3 class=\"raven-heading raven-heading-animation-type-clip\">\r\n\t\t\t\t\t<span class=\"raven-heading-plain-text raven-heading-text-wrapper\">Kraliyet deneyimini ya\u015fay\u0131n<\/span>\r\n\t\t\t\t<span class=\"raven-heading-dynamic-wrapper raven-heading-text-wrapper\">\r\n\t\t\t\t\t\t<span class=\"raven-heading-dynamic-text raven-heading-text-active\">\r\n\t\t\t\t\t<br>\t\t\t\t<\/span>\r\n\t\t\t\t\t\t\t<span class=\"raven-heading-dynamic-text\">\r\n\t\t\t\t\t<br>\t\t\t\t<\/span>\r\n\t\t\t\t\t\t\t<span class=\"raven-heading-dynamic-text\">\r\n\t\t\t\t\t<br>\t\t\t\t<\/span>\r\n\t\t\t\t\t\t\t<span class=\"raven-heading-dynamic-text\">\r\n\t\t\t\t\t<br>\t\t\t\t<\/span>\r\n\t\t\t\t\t\t\t<span class=\"raven-heading-dynamic-text\">\r\n\t\t\t\t\t<br>\t\t\t\t<\/span>\r\n\t\t\t\t\t\t\t<\/span>\r\n\t\t\t\t\t<span class=\"raven-heading-plain-text raven-heading-text-wrapper\">her ayr\u0131nt\u0131s\u0131yla.<\/span>\r\n\t\t\t\t<\/h3>\r\n\t\t\t\t\t\t<\/div>\n\t\t\t\t<\/div>\n\t\t\t\t\t<\/div>\n\t\t\t\t<\/div>\n\t\t<div class=\"elementor-element elementor-element-63b95ae e-flex e-con-boxed e-con e-parent\" data-id=\"63b95ae\" data-element_type=\"container\" data-settings=\"{&quot;jet_parallax_layout_list&quot;:[]}\">\n\t\t\t\t\t<div class=\"e-con-inner\">\n\t\t<div class=\"elementor-element elementor-element-ecd737c e-con-full e-flex elementor-invisible e-con e-child\" data-id=\"ecd737c\" data-element_type=\"container\" data-settings=\"{&quot;jet_parallax_layout_list&quot;:[],&quot;animation&quot;:&quot;fadeInLeft&quot;}\">\n\t\t\t\t<div class=\"elementor-element elementor-element-f460a0f elementor-widget elementor-widget-image\" data-id=\"f460a0f\" data-element_type=\"widget\" data-widget_type=\"image.default\">\n\t\t\t\t<div class=\"elementor-widget-container\">\n\t\t\t\t\t\t\t\t\t\t\t\t\t\t\t<img fetchpriority=\"high\" decoding=\"async\" width=\"1024\" height=\"683\" src=\"https:\/\/royalgardenbeach.com\/wp-content\/uploads\/2025\/01\/Suit-Bina-Aile-Odasi-01-Orta_Boyut-2048x981-1-1024x683.webp\" class=\"attachment-large size-large wp-image-1061\" alt=\"\" srcset=\"https:\/\/royalgardenbeach.com\/wp-content\/uploads\/2025\/01\/Suit-Bina-Aile-Odasi-01-Orta_Boyut-2048x981-1-1024x683.webp 1024w, https:\/\/royalgardenbeach.com\/wp-content\/uploads\/2025\/01\/Suit-Bina-Aile-Odasi-01-Orta_Boyut-2048x981-1-300x200.webp 300w, https:\/\/royalgardenbeach.com\/wp-content\/uploads\/2025\/01\/Suit-Bina-Aile-Odasi-01-Orta_Boyut-2048x981-1-768x512.webp 768w, https:\/\/royalgardenbeach.com\/wp-content\/uploads\/2025\/01\/Suit-Bina-Aile-Odasi-01-Orta_Boyut-2048x981-1-1536x1024.webp 1536w, https:\/\/royalgardenbeach.com\/wp-content\/uploads\/2025\/01\/Suit-Bina-Aile-Odasi-01-Orta_Boyut-2048x981-1-2048x1366.webp 2048w, https:\/\/royalgardenbeach.com\/wp-content\/uploads\/2025\/01\/Suit-Bina-Aile-Odasi-01-Orta_Boyut-2048x981-1-18x12.webp 18w\" sizes=\"(max-width: 1024px) 100vw, 1024px\" \/>\t\t\t\t\t\t\t\t\t\t\t\t\t\t\t<\/div>\n\t\t\t\t<\/div>\n\t\t\t\t<\/div>\n\t\t<div class=\"elementor-element elementor-element-f4ce9fd e-con-full e-flex elementor-invisible e-con e-child\" data-id=\"f4ce9fd\" data-element_type=\"container\" data-settings=\"{&quot;jet_parallax_layout_list&quot;:[],&quot;animation&quot;:&quot;fadeInRight&quot;}\">\n\t\t\t\t<div class=\"elementor-element elementor-element-a833b35 elementor-widget elementor-widget-text-editor\" data-id=\"a833b35\" data-element_type=\"widget\" data-widget_type=\"text-editor.default\">\n\t\t\t\t<div class=\"elementor-widget-container\">\n\t\t\t\t\t\t\t\t\t<h3>Aile Odas\u0131<\/h3><p>Royal Garden Beach Hotel&#039;in ana binas\u0131nda bulunan geni\u015f Aile Odam\u0131z, aileler ve gruplar i\u00e7in \u00f6zenle tasarlanm\u0131\u015f, 42 metrekarelik ola\u011fan\u00fcst\u00fc bir dinlenme alan\u0131 sunar. Odan\u0131n d\u00fczeni, d\u00f6rt yeti\u015fkine veya 3+1 veya 2+2 misafir gibi yap\u0131land\u0131rmalara konforlu bir \u015fekilde ev sahipli\u011fi yapan ayr\u0131 bir yatak odas\u0131 ve oturma odas\u0131 i\u00e7erir. Yatak odas\u0131, \u00e7ift ki\u015filik bir yatak veya iki tek ki\u015filik yatak esnekli\u011fi sa\u011flarken, oturma alan\u0131, hepsi \u015f\u0131k laminat zemin \u00fczerine zarif bir \u015fekilde yerle\u015ftirilmi\u015f iki rahat kanepe yata\u011fa sahiptir. Bu d\u00fczenleme, yaln\u0131zca geni\u015f bir alan sa\u011flamakla kalmaz, ayn\u0131 zamanda her misafir i\u00e7in mahremiyet ve konforu garanti ederek rahatlat\u0131c\u0131 bir ka\u00e7amak i\u00e7in ideal bir se\u00e7im haline getirir.<\/p>\t\t\t\t\t\t\t\t<\/div>\n\t\t\t\t<\/div>\n\t\t\t\t<\/div>\n\t\t\t\t\t<\/div>\n\t\t\t\t<\/div>\n\t\t<div class=\"elementor-element elementor-element-bb525de e-flex e-con-boxed e-con e-parent\" data-id=\"bb525de\" data-element_type=\"container\" data-settings=\"{&quot;jet_parallax_layout_list&quot;:[]}\">\n\t\t\t\t\t<div class=\"e-con-inner\">\n\t\t<div class=\"elementor-element elementor-element-9ae9e18 e-con-full e-flex elementor-invisible e-con e-child\" data-id=\"9ae9e18\" data-element_type=\"container\" data-settings=\"{&quot;jet_parallax_layout_list&quot;:[],&quot;animation&quot;:&quot;fadeInLeft&quot;}\">\n\t\t\t\t<div class=\"elementor-element elementor-element-153fec6 elementor-widget elementor-widget-text-editor\" data-id=\"153fec6\" data-element_type=\"widget\" data-widget_type=\"text-editor.default\">\n\t\t\t\t<div class=\"elementor-widget-container\">\n\t\t\t\t\t\t\t\t\t<p>Aile Odas\u0131, konaklaman\u0131z\u0131 zenginle\u015ftirecek \u00e7e\u015fitli olanaklarla donat\u0131lm\u0131\u015ft\u0131r. Du\u015fakabin ve WC i\u00e7eren modern en-suite banyoda kendinizi yenileyin veya tercihinize g\u00f6re ayarlanm\u0131\u015f kliman\u0131n konforunun tad\u0131n\u0131 \u00e7\u0131kar\u0131n. Huzur i\u00e7inde dinlenebilece\u011finiz ve dingin \u00e7evrenin tad\u0131n\u0131 \u00e7\u0131karabilece\u011finiz \u00f6zel balkonunuza \u00e7\u0131k\u0131n. Alkols\u00fcz i\u00e7eceklerle dolu g\u00fcnl\u00fck olarak doldurulan minibar, de\u011ferli e\u015fyalar\u0131n\u0131z i\u00e7in \u00fccretsiz kasa ve uydu ve m\u00fczik kanallar\u0131na sahip d\u00fcz ekran TV, konaklaman\u0131z boyunca konforunuzu ve e\u011flencenizi garanti eder.<\/p><p>\u00a0<\/p>\t\t\t\t\t\t\t\t<\/div>\n\t\t\t\t<\/div>\n\t\t\t\t<\/div>\n\t\t<div class=\"elementor-element elementor-element-ffde6ce e-con-full e-flex elementor-invisible e-con e-child\" data-id=\"ffde6ce\" data-element_type=\"container\" data-settings=\"{&quot;jet_parallax_layout_list&quot;:[],&quot;animation&quot;:&quot;fadeInRight&quot;}\">\n\t\t\t\t<div class=\"elementor-element elementor-element-0e4cefc elementor-widget elementor-widget-image\" data-id=\"0e4cefc\" data-element_type=\"widget\" data-widget_type=\"image.default\">\n\t\t\t\t<div class=\"elementor-widget-container\">\n\t\t\t\t\t\t\t\t\t\t\t\t\t\t\t<img decoding=\"async\" width=\"1024\" height=\"683\" src=\"https:\/\/royalgardenbeach.com\/wp-content\/uploads\/2025\/01\/Suit-Bina-Aile-Odasi-05-Orta_Boyut-2048x1366-1-1024x683.webp\" class=\"attachment-large size-large wp-image-1062\" alt=\"\" srcset=\"https:\/\/royalgardenbeach.com\/wp-content\/uploads\/2025\/01\/Suit-Bina-Aile-Odasi-05-Orta_Boyut-2048x1366-1-1024x683.webp 1024w, https:\/\/royalgardenbeach.com\/wp-content\/uploads\/2025\/01\/Suit-Bina-Aile-Odasi-05-Orta_Boyut-2048x1366-1-300x200.webp 300w, https:\/\/royalgardenbeach.com\/wp-content\/uploads\/2025\/01\/Suit-Bina-Aile-Odasi-05-Orta_Boyut-2048x1366-1-768x512.webp 768w, https:\/\/royalgardenbeach.com\/wp-content\/uploads\/2025\/01\/Suit-Bina-Aile-Odasi-05-Orta_Boyut-2048x1366-1-1536x1024.webp 1536w, https:\/\/royalgardenbeach.com\/wp-content\/uploads\/2025\/01\/Suit-Bina-Aile-Odasi-05-Orta_Boyut-2048x1366-1-2048x1366.webp 2048w, https:\/\/royalgardenbeach.com\/wp-content\/uploads\/2025\/01\/Suit-Bina-Aile-Odasi-05-Orta_Boyut-2048x1366-1-18x12.webp 18w\" sizes=\"(max-width: 1024px) 100vw, 1024px\" \/>\t\t\t\t\t\t\t\t\t\t\t\t\t\t\t<\/div>\n\t\t\t\t<\/div>\n\t\t\t\t<\/div>\n\t\t\t\t\t<\/div>\n\t\t\t\t<\/div>\n\t\t<div class=\"elementor-element elementor-element-fed43a1 e-flex e-con-boxed e-con e-parent\" data-id=\"fed43a1\" data-element_type=\"container\" data-settings=\"{&quot;jet_parallax_layout_list&quot;:[]}\">\n\t\t\t\t\t<div class=\"e-con-inner\">\n\t\t<div class=\"elementor-element elementor-element-a462bf4 e-con-full e-flex elementor-invisible e-con e-child\" data-id=\"a462bf4\" data-element_type=\"container\" data-settings=\"{&quot;jet_parallax_layout_list&quot;:[],&quot;animation&quot;:&quot;fadeInLeft&quot;}\">\n\t\t\t\t<div class=\"elementor-element elementor-element-18031e8 elementor-widget elementor-widget-image\" data-id=\"18031e8\" data-element_type=\"widget\" data-widget_type=\"image.default\">\n\t\t\t\t<div class=\"elementor-widget-container\">\n\t\t\t\t\t\t\t\t\t\t\t\t\t\t\t<img decoding=\"async\" width=\"1024\" height=\"683\" src=\"https:\/\/royalgardenbeach.com\/wp-content\/uploads\/2025\/01\/Suit-Bina-Aile-Odasi-08-Orta_Boyut-2048x1001-1-1024x683.webp\" class=\"attachment-large size-large wp-image-1063\" alt=\"\" srcset=\"https:\/\/royalgardenbeach.com\/wp-content\/uploads\/2025\/01\/Suit-Bina-Aile-Odasi-08-Orta_Boyut-2048x1001-1-1024x683.webp 1024w, https:\/\/royalgardenbeach.com\/wp-content\/uploads\/2025\/01\/Suit-Bina-Aile-Odasi-08-Orta_Boyut-2048x1001-1-300x200.webp 300w, https:\/\/royalgardenbeach.com\/wp-content\/uploads\/2025\/01\/Suit-Bina-Aile-Odasi-08-Orta_Boyut-2048x1001-1-768x512.webp 768w, https:\/\/royalgardenbeach.com\/wp-content\/uploads\/2025\/01\/Suit-Bina-Aile-Odasi-08-Orta_Boyut-2048x1001-1-1536x1024.webp 1536w, https:\/\/royalgardenbeach.com\/wp-content\/uploads\/2025\/01\/Suit-Bina-Aile-Odasi-08-Orta_Boyut-2048x1001-1-2048x1366.webp 2048w, https:\/\/royalgardenbeach.com\/wp-content\/uploads\/2025\/01\/Suit-Bina-Aile-Odasi-08-Orta_Boyut-2048x1001-1-18x12.webp 18w\" sizes=\"(max-width: 1024px) 100vw, 1024px\" \/>\t\t\t\t\t\t\t\t\t\t\t\t\t\t\t<\/div>\n\t\t\t\t<\/div>\n\t\t\t\t<\/div>\n\t\t<div class=\"elementor-element elementor-element-28b5732 e-con-full e-flex elementor-invisible e-con e-child\" data-id=\"28b5732\" data-element_type=\"container\" data-settings=\"{&quot;jet_parallax_layout_list&quot;:[],&quot;animation&quot;:&quot;fadeInRight&quot;}\">\n\t\t\t\t<div class=\"elementor-element elementor-element-7f75de9 elementor-widget elementor-widget-text-editor\" data-id=\"7f75de9\" data-element_type=\"widget\" data-widget_type=\"text-editor.default\">\n\t\t\t\t<div class=\"elementor-widget-container\">\n\t\t\t\t\t\t\t\t\t<p>Ekstra rahatl\u0131k i\u00e7in, \u00fccretsiz Wi-Fi ba\u011flant\u0131n\u0131z\u0131 korurken, telefon kolay ileti\u015fimi garanti eder. Sa\u00e7 kurutma makinesi, su \u0131s\u0131t\u0131c\u0131s\u0131 ve \u00e7ay-kahve seti gibi d\u00fc\u015f\u00fcnceli dokunu\u015flar sabahlar\u0131n\u0131z\u0131 zahmetsiz ve keyifli hale getirir. Aile Odas\u0131 i\u015flevselli\u011fi modern tasar\u0131mla birle\u015ftirerek sevdiklerinizle de\u011ferli an\u0131lar yaratmak i\u00e7in m\u00fckemmel bir atmosfer yarat\u0131r. \u0130lk andan son ana kadar, bu alan konfor, rahatlama ve unutulmaz deneyimlerle dolu bir konaklama vaat ediyor.<\/p>\t\t\t\t\t\t\t\t<\/div>\n\t\t\t\t<\/div>\n\t\t\t\t<\/div>\n\t\t\t\t\t<\/div>\n\t\t\t\t<\/div>\n\t\t<div class=\"elementor-element elementor-element-9db61f2 e-flex e-con-boxed elementor-invisible e-con e-parent\" data-id=\"9db61f2\" data-element_type=\"container\" data-settings=\"{&quot;jet_parallax_layout_list&quot;:[],&quot;animation&quot;:&quot;fadeInUp&quot;}\">\n\t\t\t\t\t<div class=\"e-con-inner\">\n\t\t\t\t<div class=\"elementor-element elementor-element-d93d286 elementor-icon-list--layout-inline elementor-align-center elementor-list-item-link-full_width elementor-widget elementor-widget-icon-list\" data-id=\"d93d286\" data-element_type=\"widget\" data-widget_type=\"icon-list.default\">\n\t\t\t\t<div class=\"elementor-widget-container\">\n\t\t\t\t\t\t\t<ul class=\"elementor-icon-list-items elementor-inline-items\">\n\t\t\t\t\t\t\t<li class=\"elementor-icon-list-item elementor-inline-item\">\n\t\t\t\t\t\t\t\t\t\t\t<span class=\"elementor-icon-list-icon\">\n\t\t\t\t\t\t\t<svg aria-hidden=\"true\" class=\"e-font-icon-svg e-fas-archway\" viewbox=\"0 0 576 512\" xmlns=\"http:\/\/www.w3.org\/2000\/svg\"><path d=\"M560 448h-16V96H32v352H16.02c-8.84 0-16 7.16-16 16v32c0 8.84 7.16 16 16 16H176c8.84 0 16-7.16 16-16V320c0-53.02 42.98-96 96-96s96 42.98 96 96l.02 160v16c0 8.84 7.16 16 16 16H560c8.84 0 16-7.16 16-16v-32c0-8.84-7.16-16-16-16zm0-448H16C7.16 0 0 7.16 0 16v32c0 8.84 7.16 16 16 16h544c8.84 0 16-7.16 16-16V16c0-8.84-7.16-16-16-16z\"><\/path><\/svg>\t\t\t\t\t\t<\/span>\n\t\t\t\t\t\t\t\t\t\t<span class=\"elementor-icon-list-text\">Balkon<\/span>\n\t\t\t\t\t\t\t\t\t<\/li>\n\t\t\t\t\t\t\t\t<li class=\"elementor-icon-list-item elementor-inline-item\">\n\t\t\t\t\t\t\t\t\t\t\t<span class=\"elementor-icon-list-icon\">\n\t\t\t\t\t\t\t<svg aria-hidden=\"true\" class=\"e-font-icon-svg e-fas-fan\" viewbox=\"0 0 512 512\" xmlns=\"http:\/\/www.w3.org\/2000\/svg\"><path d=\"M352.57 128c-28.09 0-54.09 4.52-77.06 12.86l12.41-123.11C289 7.31 279.81-1.18 269.33.13 189.63 10.13 128 77.64 128 159.43c0 28.09 4.52 54.09 12.86 77.06L17.75 224.08C7.31 223-1.18 232.19.13 242.67c10 79.7 77.51 141.33 159.3 141.33 28.09 0 54.09-4.52 77.06-12.86l-12.41 123.11c-1.05 10.43 8.11 18.93 18.59 17.62 79.7-10 141.33-77.51 141.33-159.3 0-28.09-4.52-54.09-12.86-77.06l123.11 12.41c10.44 1.05 18.93-8.11 17.62-18.59-10-79.7-77.51-141.33-159.3-141.33zM256 288a32 32 0 1 1 32-32 32 32 0 0 1-32 32z\"><\/path><\/svg>\t\t\t\t\t\t<\/span>\n\t\t\t\t\t\t\t\t\t\t<span class=\"elementor-icon-list-text\">Klima<\/span>\n\t\t\t\t\t\t\t\t\t<\/li>\n\t\t\t\t\t\t\t\t<li class=\"elementor-icon-list-item elementor-inline-item\">\n\t\t\t\t\t\t\t\t\t\t\t<span class=\"elementor-icon-list-icon\">\n\t\t\t\t\t\t\t<svg aria-hidden=\"true\" class=\"e-font-icon-svg e-fas-wifi\" viewbox=\"0 0 640 512\" xmlns=\"http:\/\/www.w3.org\/2000\/svg\"><path d=\"M634.91 154.88C457.74-8.99 182.19-8.93 5.09 154.88c-6.66 6.16-6.79 16.59-.35 22.98l34.24 33.97c6.14 6.1 16.02 6.23 22.4.38 145.92-133.68 371.3-133.71 517.25 0 6.38 5.85 16.26 5.71 22.4-.38l34.24-33.97c6.43-6.39 6.3-16.82-.36-22.98zM320 352c-35.35 0-64 28.65-64 64s28.65 64 64 64 64-28.65 64-64-28.65-64-64-64zm202.67-83.59c-115.26-101.93-290.21-101.82-405.34 0-6.9 6.1-7.12 16.69-.57 23.15l34.44 33.99c6 5.92 15.66 6.32 22.05.8 83.95-72.57 209.74-72.41 293.49 0 6.39 5.52 16.05 5.13 22.05-.8l34.44-33.99c6.56-6.46 6.33-17.06-.56-23.15z\"><\/path><\/svg>\t\t\t\t\t\t<\/span>\n\t\t\t\t\t\t\t\t\t\t<span class=\"elementor-icon-list-text\">Kablosuz<\/span>\n\t\t\t\t\t\t\t\t\t<\/li>\n\t\t\t\t\t\t\t\t<li class=\"elementor-icon-list-item elementor-inline-item\">\n\t\t\t\t\t\t\t\t\t\t\t<span class=\"elementor-icon-list-icon\">\n\t\t\t\t\t\t\t<svg aria-hidden=\"true\" class=\"e-font-icon-svg e-fas-coffee\" viewbox=\"0 0 640 512\" xmlns=\"http:\/\/www.w3.org\/2000\/svg\"><path d=\"M192 384h192c53 0 96-43 96-96h32c70.6 0 128-57.4 128-128S582.6 32 512 32H120c-13.3 0-24 10.7-24 24v232c0 53 43 96 96 96zM512 96c35.3 0 64 28.7 64 64s-28.7 64-64 64h-32V96h32zm47.7 384H48.3c-47.6 0-61-64-36-64h583.3c25 0 11.8 64-35.9 64z\"><\/path><\/svg>\t\t\t\t\t\t<\/span>\n\t\t\t\t\t\t\t\t\t\t<span class=\"elementor-icon-list-text\">Kahve<\/span>\n\t\t\t\t\t\t\t\t\t<\/li>\n\t\t\t\t\t\t\t\t<li class=\"elementor-icon-list-item elementor-inline-item\">\n\t\t\t\t\t\t\t\t\t\t\t<span class=\"elementor-icon-list-icon\">\n\t\t\t\t\t\t\t<svg aria-hidden=\"true\" class=\"e-font-icon-svg e-fas-toilet\" viewbox=\"0 0 384 512\" xmlns=\"http:\/\/www.w3.org\/2000\/svg\"><path d=\"M368 48c8.8 0 16-7.2 16-16V16c0-8.8-7.2-16-16-16H16C7.2 0 0 7.2 0 16v16c0 8.8 7.2 16 16 16h16v156.7C11.8 214.8 0 226.9 0 240c0 67.2 34.6 126.2 86.8 160.5l-21.4 70.2C59.1 491.2 74.5 512 96 512h192c21.5 0 36.9-20.8 30.6-41.3l-21.4-70.2C349.4 366.2 384 307.2 384 240c0-13.1-11.8-25.2-32-35.3V48h16zM80 72c0-4.4 3.6-8 8-8h48c4.4 0 8 3.6 8 8v16c0 4.4-3.6 8-8 8H88c-4.4 0-8-3.6-8-8V72zm112 200c-77.1 0-139.6-14.3-139.6-32s62.5-32 139.6-32 139.6 14.3 139.6 32-62.5 32-139.6 32z\"><\/path><\/svg>\t\t\t\t\t\t<\/span>\n\t\t\t\t\t\t\t\t\t\t<span class=\"elementor-icon-list-text\">WC<\/span>\n\t\t\t\t\t\t\t\t\t<\/li>\n\t\t\t\t\t\t<\/ul>\n\t\t\t\t\t\t<\/div>\n\t\t\t\t<\/div>\n\t\t\t\t\t<\/div>\n\t\t\t\t<\/div>\n\t\t\t\t<\/div>","protected":false},"excerpt":{"rendered":"<p>Aile Odas\u0131 Her ayr\u0131nt\u0131da kraliyet dokunu\u015funu hissedin ve \u00f6z\u00fcndeki cazibeyi hissedin. Aile Odas\u0131 Royal Garden Beach Hotel&#039;in ana binas\u0131nda yer alan geni\u015f Aile Odam\u0131z, aileler ve gruplar i\u00e7in \u00f6zenle tasarlanm\u0131\u015f 42 metrekarelik ola\u011fan\u00fcst\u00fc bir dinlenme alan\u0131 sunar. Odan\u0131n d\u00fczeni, d\u00f6rt ki\u015fiye kadar konforlu bir konaklama imkan\u0131 sunan ayr\u0131 bir yatak odas\u0131 ve oturma odas\u0131 i\u00e7erir. [\u2026]<\/p>","protected":false},"author":1,"featured_media":0,"parent":0,"menu_order":0,"comment_status":"closed","ping_status":"closed","template":"elementor_header_footer","meta":{"_acf_changed":false,"footnotes":""},"class_list":["post-1055","page","type-page","status-publish","hentry"],"acf":[],"_links":{"self":[{"href":"https:\/\/royalgardenbeach.com\/tr\/wp-json\/wp\/v2\/pages\/1055","targetHints":{"allow":["GET"]}}],"collection":[{"href":"https:\/\/royalgardenbeach.com\/tr\/wp-json\/wp\/v2\/pages"}],"about":[{"href":"https:\/\/royalgardenbeach.com\/tr\/wp-json\/wp\/v2\/types\/page"}],"author":[{"embeddable":true,"href":"https:\/\/royalgardenbeach.com\/tr\/wp-json\/wp\/v2\/users\/1"}],"replies":[{"embeddable":true,"href":"https:\/\/royalgardenbeach.com\/tr\/wp-json\/wp\/v2\/comments?post=1055"}],"version-history":[{"count":7,"href":"https:\/\/royalgardenbeach.com\/tr\/wp-json\/wp\/v2\/pages\/1055\/revisions"}],"predecessor-version":[{"id":1814,"href":"https:\/\/royalgardenbeach.com\/tr\/wp-json\/wp\/v2\/pages\/1055\/revisions\/1814"}],"wp:attachment":[{"href":"https:\/\/royalgardenbeach.com\/tr\/wp-json\/wp\/v2\/media?parent=1055"}],"curies":[{"name":"wp","href":"https:\/\/api.w.org\/{rel}","templated":true}]}}