{"id":1067,"date":"2025-01-10T22:21:00","date_gmt":"2025-01-10T19:21:00","guid":{"rendered":"https:\/\/royalgardenbeach.com\/?page_id=1067"},"modified":"2025-01-25T17:30:48","modified_gmt":"2025-01-25T14:30:48","slug":"family-room-annex","status":"publish","type":"page","link":"https:\/\/royalgardenbeach.com\/tr\/family-room-annex\/","title":{"rendered":"Aile Odas\u0131 (Yan Bina)"},"content":{"rendered":"<div data-elementor-type=\"wp-page\" data-elementor-id=\"1067\" class=\"elementor elementor-1067\">\n\t\t\t\t<div class=\"elementor-element elementor-element-5fc5c46 e-flex e-con-boxed e-con e-parent\" data-id=\"5fc5c46\" data-element_type=\"container\" data-settings=\"{&quot;background_background&quot;:&quot;classic&quot;,&quot;jet_parallax_layout_list&quot;:[]}\">\n\t\t\t\t\t<div class=\"e-con-inner\">\n\t\t\t\t<div class=\"elementor-element elementor-element-3af6241 elementor-widget elementor-widget-heading\" data-id=\"3af6241\" data-element_type=\"widget\" data-widget_type=\"heading.default\">\n\t\t\t\t<div class=\"elementor-widget-container\">\n\t\t\t\t\t<h2 class=\"elementor-heading-title elementor-size-default\">Aile Odas\u0131 (Yan Bina)\n<\/h2>\t\t\t\t<\/div>\n\t\t\t\t<\/div>\n\t\t\t\t\t<\/div>\n\t\t\t\t<\/div>\n\t\t<div class=\"elementor-element elementor-element-ee2cef6 e-flex e-con-boxed elementor-invisible e-con e-parent\" data-id=\"ee2cef6\" data-element_type=\"container\" data-settings=\"{&quot;jet_parallax_layout_list&quot;:[],&quot;animation&quot;:&quot;fadeInUp&quot;}\">\n\t\t\t\t\t<div class=\"e-con-inner\">\n\t\t\t\t<div class=\"elementor-element elementor-element-8994fc0 raven-heading--style-rotate elementor-widget elementor-widget-raven-animated-heading\" data-id=\"8994fc0\" data-element_type=\"widget\" data-settings=\"{&quot;heading_style&quot;:&quot;rotate&quot;,&quot;rotating_text&quot;:&quot;touch\\nfeeling\\nessence\\ncharm\\naura&quot;,&quot;animation_type&quot;:&quot;clip&quot;,&quot;loop&quot;:&quot;yes&quot;,&quot;rotate_iteration_delay&quot;:2500}\" data-widget_type=\"raven-animated-heading.default\">\n\t\t\t\t<div class=\"elementor-widget-container\">\n\t\t\t\t\t\t\t<h3 class=\"raven-heading raven-heading-animation-type-clip\">\r\n\t\t\t\t\t<span class=\"raven-heading-plain-text raven-heading-text-wrapper\">Kraliyet deneyimini ya\u015fay\u0131n<\/span>\r\n\t\t\t\t<span class=\"raven-heading-dynamic-wrapper raven-heading-text-wrapper\">\r\n\t\t\t\t\t\t<span class=\"raven-heading-dynamic-text raven-heading-text-active\">\r\n\t\t\t\t\t<br>\t\t\t\t<\/span>\r\n\t\t\t\t\t\t\t<span class=\"raven-heading-dynamic-text\">\r\n\t\t\t\t\t<br>\t\t\t\t<\/span>\r\n\t\t\t\t\t\t\t<span class=\"raven-heading-dynamic-text\">\r\n\t\t\t\t\t<br>\t\t\t\t<\/span>\r\n\t\t\t\t\t\t\t<span class=\"raven-heading-dynamic-text\">\r\n\t\t\t\t\t<br>\t\t\t\t<\/span>\r\n\t\t\t\t\t\t\t<span class=\"raven-heading-dynamic-text\">\r\n\t\t\t\t\t<br>\t\t\t\t<\/span>\r\n\t\t\t\t\t\t\t<\/span>\r\n\t\t\t\t\t<span class=\"raven-heading-plain-text raven-heading-text-wrapper\">her ayr\u0131nt\u0131s\u0131yla.<\/span>\r\n\t\t\t\t<\/h3>\r\n\t\t\t\t\t\t<\/div>\n\t\t\t\t<\/div>\n\t\t\t\t\t<\/div>\n\t\t\t\t<\/div>\n\t\t<div class=\"elementor-element elementor-element-1e8ea68 e-flex e-con-boxed e-con e-parent\" data-id=\"1e8ea68\" data-element_type=\"container\" data-settings=\"{&quot;jet_parallax_layout_list&quot;:[]}\">\n\t\t\t\t\t<div class=\"e-con-inner\">\n\t\t<div class=\"elementor-element elementor-element-8565649 e-con-full e-flex elementor-invisible e-con e-child\" data-id=\"8565649\" data-element_type=\"container\" data-settings=\"{&quot;jet_parallax_layout_list&quot;:[],&quot;animation&quot;:&quot;fadeInLeft&quot;}\">\n\t\t\t\t<div class=\"elementor-element elementor-element-09f8c32 elementor-widget elementor-widget-image\" data-id=\"09f8c32\" data-element_type=\"widget\" data-widget_type=\"image.default\">\n\t\t\t\t<div class=\"elementor-widget-container\">\n\t\t\t\t\t\t\t\t\t\t\t\t\t\t\t<img fetchpriority=\"high\" decoding=\"async\" width=\"1024\" height=\"683\" src=\"https:\/\/royalgardenbeach.com\/wp-content\/uploads\/2025\/01\/Annex-Bina-Aile-Odasi-08-Orta_Boyut-2048x1366-1-1024x683.webp\" class=\"attachment-large size-large wp-image-1076\" alt=\"\" srcset=\"https:\/\/royalgardenbeach.com\/wp-content\/uploads\/2025\/01\/Annex-Bina-Aile-Odasi-08-Orta_Boyut-2048x1366-1-1024x683.webp 1024w, https:\/\/royalgardenbeach.com\/wp-content\/uploads\/2025\/01\/Annex-Bina-Aile-Odasi-08-Orta_Boyut-2048x1366-1-300x200.webp 300w, https:\/\/royalgardenbeach.com\/wp-content\/uploads\/2025\/01\/Annex-Bina-Aile-Odasi-08-Orta_Boyut-2048x1366-1-768x512.webp 768w, https:\/\/royalgardenbeach.com\/wp-content\/uploads\/2025\/01\/Annex-Bina-Aile-Odasi-08-Orta_Boyut-2048x1366-1-1536x1024.webp 1536w, https:\/\/royalgardenbeach.com\/wp-content\/uploads\/2025\/01\/Annex-Bina-Aile-Odasi-08-Orta_Boyut-2048x1366-1-2048x1366.webp 2048w, https:\/\/royalgardenbeach.com\/wp-content\/uploads\/2025\/01\/Annex-Bina-Aile-Odasi-08-Orta_Boyut-2048x1366-1-18x12.webp 18w\" sizes=\"(max-width: 1024px) 100vw, 1024px\" \/>\t\t\t\t\t\t\t\t\t\t\t\t\t\t\t<\/div>\n\t\t\t\t<\/div>\n\t\t\t\t<\/div>\n\t\t<div class=\"elementor-element elementor-element-c106449 e-con-full e-flex elementor-invisible e-con e-child\" data-id=\"c106449\" data-element_type=\"container\" data-settings=\"{&quot;jet_parallax_layout_list&quot;:[],&quot;animation&quot;:&quot;fadeInRight&quot;}\">\n\t\t\t\t<div class=\"elementor-element elementor-element-b8c0fee elementor-widget elementor-widget-text-editor\" data-id=\"b8c0fee\" data-element_type=\"widget\" data-widget_type=\"text-editor.default\">\n\t\t\t\t<div class=\"elementor-widget-container\">\n\t\t\t\t\t\t\t\t\t<h3>Aile Odas\u0131 (Yan Bina)<\/h3><p>Ana binadan sadece birka\u00e7 ad\u0131m \u00f6tede sakin bir ara sokakta bulunan Aile Odas\u0131 (Yan Bina), konfor ve mahremiyetin bir kar\u0131\u015f\u0131m\u0131n\u0131 arayan aileler veya gruplar i\u00e7in ideal olan c\u00f6mert 42 metrekarelik bir alan sunmaktad\u0131r. Bu iyi d\u00fc\u015f\u00fcn\u00fclm\u00fc\u015f konaklama birimi, 3+1 veya 2+2 gibi yap\u0131land\u0131rmalarda d\u00f6rt ki\u015fiye kadar konforlu bir \u015fekilde ev sahipli\u011fi yapmaktad\u0131r. Ayr\u0131 bir yatak odas\u0131 ve oturma odas\u0131 bulunan d\u00fczen, herkes i\u00e7in i\u015flevsel ve davetkar bir atmosfer sa\u011flar. Konuklar yatak odas\u0131nda bir \u00e7ift ki\u015filik yatak veya iki tek ki\u015filik yatak aras\u0131nda se\u00e7im yapabilirken, oturma odas\u0131nda iki rahat \u00e7ekyat bulunmaktad\u0131r. Odan\u0131n her yerindeki zarif seramik zemin, konaklaman\u0131za bir miktar sofistikelik katar.<\/p>\t\t\t\t\t\t\t\t<\/div>\n\t\t\t\t<\/div>\n\t\t\t\t<\/div>\n\t\t\t\t\t<\/div>\n\t\t\t\t<\/div>\n\t\t<div class=\"elementor-element elementor-element-54ccf9b e-flex e-con-boxed e-con e-parent\" data-id=\"54ccf9b\" data-element_type=\"container\" data-settings=\"{&quot;jet_parallax_layout_list&quot;:[]}\">\n\t\t\t\t\t<div class=\"e-con-inner\">\n\t\t<div class=\"elementor-element elementor-element-ea98d51 e-con-full e-flex elementor-invisible e-con e-child\" data-id=\"ea98d51\" data-element_type=\"container\" data-settings=\"{&quot;jet_parallax_layout_list&quot;:[],&quot;animation&quot;:&quot;fadeInLeft&quot;}\">\n\t\t\t\t<div class=\"elementor-element elementor-element-437a19f elementor-widget elementor-widget-text-editor\" data-id=\"437a19f\" data-element_type=\"widget\" data-widget_type=\"text-editor.default\">\n\t\t\t\t<div class=\"elementor-widget-container\">\n\t\t\t\t\t\t\t\t\t<p>Aile Odas\u0131&#039;n\u0131n (Yan Bina) her y\u00f6n\u00fc rahatlat\u0131c\u0131 ve konforlu bir deneyim sunmak i\u00e7in tasarlanm\u0131\u015ft\u0131r. Modern en-suite banyo, hem rahatl\u0131k hem de stil sunan du\u015fakabin ve WC ile donat\u0131lm\u0131\u015ft\u0131r. \u00d6zel balkonunuzdan sakin \u00e7evrenin tad\u0131n\u0131 \u00e7\u0131kar\u0131n ve ayarlanabilir klima ile ki\u015fiselle\u015ftirilmi\u015f bir ortam\u0131n keyfini \u00e7\u0131kar\u0131n. Rahat\u0131n\u0131z i\u00e7in minibar her g\u00fcn alkols\u00fcz i\u00e7eceklerle doldurulur ve de\u011ferli e\u015fyalar\u0131n\u0131z\u0131 g\u00fcvence alt\u0131na almak i\u00e7in \u00fccretsiz bir kasa sa\u011flan\u0131r. E\u011flence se\u00e7enekleri aras\u0131nda uydu ve m\u00fczik kanallar\u0131na sahip d\u00fcz ekran TV ve konaklaman\u0131z boyunca ba\u011flant\u0131da kalman\u0131z\u0131 sa\u011flayacak \u00fccretsiz Wi-Fi bulunmaktad\u0131r.<\/p>\t\t\t\t\t\t\t\t<\/div>\n\t\t\t\t<\/div>\n\t\t\t\t<\/div>\n\t\t<div class=\"elementor-element elementor-element-dc35e2e e-con-full e-flex elementor-invisible e-con e-child\" data-id=\"dc35e2e\" data-element_type=\"container\" data-settings=\"{&quot;jet_parallax_layout_list&quot;:[],&quot;animation&quot;:&quot;fadeInRight&quot;}\">\n\t\t\t\t<div class=\"elementor-element elementor-element-866f783 elementor-widget elementor-widget-image\" data-id=\"866f783\" data-element_type=\"widget\" data-widget_type=\"image.default\">\n\t\t\t\t<div class=\"elementor-widget-container\">\n\t\t\t\t\t\t\t\t\t\t\t\t\t\t\t<img decoding=\"async\" width=\"1024\" height=\"683\" src=\"https:\/\/royalgardenbeach.com\/wp-content\/uploads\/2025\/01\/Annex-Bina-Aile-Odasi-04-Orta_Boyut-2048x1366-1-1024x683.webp\" class=\"attachment-large size-large wp-image-1075\" alt=\"\" srcset=\"https:\/\/royalgardenbeach.com\/wp-content\/uploads\/2025\/01\/Annex-Bina-Aile-Odasi-04-Orta_Boyut-2048x1366-1-1024x683.webp 1024w, https:\/\/royalgardenbeach.com\/wp-content\/uploads\/2025\/01\/Annex-Bina-Aile-Odasi-04-Orta_Boyut-2048x1366-1-300x200.webp 300w, https:\/\/royalgardenbeach.com\/wp-content\/uploads\/2025\/01\/Annex-Bina-Aile-Odasi-04-Orta_Boyut-2048x1366-1-768x512.webp 768w, https:\/\/royalgardenbeach.com\/wp-content\/uploads\/2025\/01\/Annex-Bina-Aile-Odasi-04-Orta_Boyut-2048x1366-1-1536x1024.webp 1536w, https:\/\/royalgardenbeach.com\/wp-content\/uploads\/2025\/01\/Annex-Bina-Aile-Odasi-04-Orta_Boyut-2048x1366-1-2048x1366.webp 2048w, https:\/\/royalgardenbeach.com\/wp-content\/uploads\/2025\/01\/Annex-Bina-Aile-Odasi-04-Orta_Boyut-2048x1366-1-18x12.webp 18w\" sizes=\"(max-width: 1024px) 100vw, 1024px\" \/>\t\t\t\t\t\t\t\t\t\t\t\t\t\t\t<\/div>\n\t\t\t\t<\/div>\n\t\t\t\t<\/div>\n\t\t\t\t\t<\/div>\n\t\t\t\t<\/div>\n\t\t<div class=\"elementor-element elementor-element-7783009 e-flex e-con-boxed e-con e-parent\" data-id=\"7783009\" data-element_type=\"container\" data-settings=\"{&quot;jet_parallax_layout_list&quot;:[]}\">\n\t\t\t\t\t<div class=\"e-con-inner\">\n\t\t<div class=\"elementor-element elementor-element-f3de8a7 e-con-full e-flex elementor-invisible e-con e-child\" data-id=\"f3de8a7\" data-element_type=\"container\" data-settings=\"{&quot;jet_parallax_layout_list&quot;:[],&quot;animation&quot;:&quot;fadeInLeft&quot;}\">\n\t\t\t\t<div class=\"elementor-element elementor-element-35d82d6 elementor-widget elementor-widget-image\" data-id=\"35d82d6\" data-element_type=\"widget\" data-widget_type=\"image.default\">\n\t\t\t\t<div class=\"elementor-widget-container\">\n\t\t\t\t\t\t\t\t\t\t\t\t\t\t\t<img decoding=\"async\" width=\"1024\" height=\"683\" src=\"https:\/\/royalgardenbeach.com\/wp-content\/uploads\/2025\/01\/Annex-Bina-Aile-Odasi-03-Orta_Boyut-768x379-1-1024x683.webp\" class=\"attachment-large size-large wp-image-1074\" alt=\"\" srcset=\"https:\/\/royalgardenbeach.com\/wp-content\/uploads\/2025\/01\/Annex-Bina-Aile-Odasi-03-Orta_Boyut-768x379-1-1024x683.webp 1024w, https:\/\/royalgardenbeach.com\/wp-content\/uploads\/2025\/01\/Annex-Bina-Aile-Odasi-03-Orta_Boyut-768x379-1-300x200.webp 300w, https:\/\/royalgardenbeach.com\/wp-content\/uploads\/2025\/01\/Annex-Bina-Aile-Odasi-03-Orta_Boyut-768x379-1-768x512.webp 768w, https:\/\/royalgardenbeach.com\/wp-content\/uploads\/2025\/01\/Annex-Bina-Aile-Odasi-03-Orta_Boyut-768x379-1-1536x1024.webp 1536w, https:\/\/royalgardenbeach.com\/wp-content\/uploads\/2025\/01\/Annex-Bina-Aile-Odasi-03-Orta_Boyut-768x379-1-2048x1366.webp 2048w, https:\/\/royalgardenbeach.com\/wp-content\/uploads\/2025\/01\/Annex-Bina-Aile-Odasi-03-Orta_Boyut-768x379-1-18x12.webp 18w\" sizes=\"(max-width: 1024px) 100vw, 1024px\" \/>\t\t\t\t\t\t\t\t\t\t\t\t\t\t\t<\/div>\n\t\t\t\t<\/div>\n\t\t\t\t<\/div>\n\t\t<div class=\"elementor-element elementor-element-1a9917b e-con-full e-flex elementor-invisible e-con e-child\" data-id=\"1a9917b\" data-element_type=\"container\" data-settings=\"{&quot;jet_parallax_layout_list&quot;:[],&quot;animation&quot;:&quot;fadeInRight&quot;}\">\n\t\t\t\t<div class=\"elementor-element elementor-element-721026b elementor-widget elementor-widget-text-editor\" data-id=\"721026b\" data-element_type=\"widget\" data-widget_type=\"text-editor.default\">\n\t\t\t\t<div class=\"elementor-widget-container\">\n\t\t\t\t\t\t\t\t\t<p>D\u00fc\u015f\u00fcnceli olanaklar Aile Odas\u0131nda (Yan Bina) deneyiminizi daha da \u00fcst seviyeye ta\u015f\u0131r. Kolay ileti\u015fim i\u00e7in bir telefon bulunurken, sa\u00e7 kurutma makinesi, su \u0131s\u0131t\u0131c\u0131s\u0131 ve \u00e7ay ve kahve seti en k\u00fc\u00e7\u00fck ayr\u0131nt\u0131lar\u0131n bile d\u00fc\u015f\u00fcn\u00fclmesini sa\u011flar. Ailenizle veya bir grup arkada\u015f\u0131n\u0131zla seyahat ediyor olun, bu oda konfor ve mahremiyetin uyumlu bir kar\u0131\u015f\u0131m\u0131n\u0131 vaat ediyor. Huzurlu ortamdan modern olanaklara kadar, Aile Odas\u0131 (Yan Bina), Royal Garden Beach Hotel&#039;de unutulmaz ve keyifli bir konaklama i\u00e7in m\u00fckemmel bir se\u00e7imdir.<\/p>\t\t\t\t\t\t\t\t<\/div>\n\t\t\t\t<\/div>\n\t\t\t\t<\/div>\n\t\t\t\t\t<\/div>\n\t\t\t\t<\/div>\n\t\t<div class=\"elementor-element elementor-element-c6b620b e-flex e-con-boxed elementor-invisible e-con e-parent\" data-id=\"c6b620b\" data-element_type=\"container\" data-settings=\"{&quot;jet_parallax_layout_list&quot;:[],&quot;animation&quot;:&quot;fadeInUp&quot;}\">\n\t\t\t\t\t<div class=\"e-con-inner\">\n\t\t\t\t<div class=\"elementor-element elementor-element-2c84f00 elementor-icon-list--layout-inline elementor-align-center elementor-list-item-link-full_width elementor-widget elementor-widget-icon-list\" data-id=\"2c84f00\" data-element_type=\"widget\" data-widget_type=\"icon-list.default\">\n\t\t\t\t<div class=\"elementor-widget-container\">\n\t\t\t\t\t\t\t<ul class=\"elementor-icon-list-items elementor-inline-items\">\n\t\t\t\t\t\t\t<li class=\"elementor-icon-list-item elementor-inline-item\">\n\t\t\t\t\t\t\t\t\t\t\t<span class=\"elementor-icon-list-icon\">\n\t\t\t\t\t\t\t<svg aria-hidden=\"true\" class=\"e-font-icon-svg e-fas-archway\" viewbox=\"0 0 576 512\" xmlns=\"http:\/\/www.w3.org\/2000\/svg\"><path d=\"M560 448h-16V96H32v352H16.02c-8.84 0-16 7.16-16 16v32c0 8.84 7.16 16 16 16H176c8.84 0 16-7.16 16-16V320c0-53.02 42.98-96 96-96s96 42.98 96 96l.02 160v16c0 8.84 7.16 16 16 16H560c8.84 0 16-7.16 16-16v-32c0-8.84-7.16-16-16-16zm0-448H16C7.16 0 0 7.16 0 16v32c0 8.84 7.16 16 16 16h544c8.84 0 16-7.16 16-16V16c0-8.84-7.16-16-16-16z\"><\/path><\/svg>\t\t\t\t\t\t<\/span>\n\t\t\t\t\t\t\t\t\t\t<span class=\"elementor-icon-list-text\">Balkon<\/span>\n\t\t\t\t\t\t\t\t\t<\/li>\n\t\t\t\t\t\t\t\t<li class=\"elementor-icon-list-item elementor-inline-item\">\n\t\t\t\t\t\t\t\t\t\t\t<span class=\"elementor-icon-list-icon\">\n\t\t\t\t\t\t\t<svg aria-hidden=\"true\" class=\"e-font-icon-svg e-fas-fan\" viewbox=\"0 0 512 512\" xmlns=\"http:\/\/www.w3.org\/2000\/svg\"><path d=\"M352.57 128c-28.09 0-54.09 4.52-77.06 12.86l12.41-123.11C289 7.31 279.81-1.18 269.33.13 189.63 10.13 128 77.64 128 159.43c0 28.09 4.52 54.09 12.86 77.06L17.75 224.08C7.31 223-1.18 232.19.13 242.67c10 79.7 77.51 141.33 159.3 141.33 28.09 0 54.09-4.52 77.06-12.86l-12.41 123.11c-1.05 10.43 8.11 18.93 18.59 17.62 79.7-10 141.33-77.51 141.33-159.3 0-28.09-4.52-54.09-12.86-77.06l123.11 12.41c10.44 1.05 18.93-8.11 17.62-18.59-10-79.7-77.51-141.33-159.3-141.33zM256 288a32 32 0 1 1 32-32 32 32 0 0 1-32 32z\"><\/path><\/svg>\t\t\t\t\t\t<\/span>\n\t\t\t\t\t\t\t\t\t\t<span class=\"elementor-icon-list-text\">Klima<\/span>\n\t\t\t\t\t\t\t\t\t<\/li>\n\t\t\t\t\t\t\t\t<li class=\"elementor-icon-list-item elementor-inline-item\">\n\t\t\t\t\t\t\t\t\t\t\t<span class=\"elementor-icon-list-icon\">\n\t\t\t\t\t\t\t<svg aria-hidden=\"true\" class=\"e-font-icon-svg e-fas-wifi\" viewbox=\"0 0 640 512\" xmlns=\"http:\/\/www.w3.org\/2000\/svg\"><path d=\"M634.91 154.88C457.74-8.99 182.19-8.93 5.09 154.88c-6.66 6.16-6.79 16.59-.35 22.98l34.24 33.97c6.14 6.1 16.02 6.23 22.4.38 145.92-133.68 371.3-133.71 517.25 0 6.38 5.85 16.26 5.71 22.4-.38l34.24-33.97c6.43-6.39 6.3-16.82-.36-22.98zM320 352c-35.35 0-64 28.65-64 64s28.65 64 64 64 64-28.65 64-64-28.65-64-64-64zm202.67-83.59c-115.26-101.93-290.21-101.82-405.34 0-6.9 6.1-7.12 16.69-.57 23.15l34.44 33.99c6 5.92 15.66 6.32 22.05.8 83.95-72.57 209.74-72.41 293.49 0 6.39 5.52 16.05 5.13 22.05-.8l34.44-33.99c6.56-6.46 6.33-17.06-.56-23.15z\"><\/path><\/svg>\t\t\t\t\t\t<\/span>\n\t\t\t\t\t\t\t\t\t\t<span class=\"elementor-icon-list-text\">Kablosuz<\/span>\n\t\t\t\t\t\t\t\t\t<\/li>\n\t\t\t\t\t\t\t\t<li class=\"elementor-icon-list-item elementor-inline-item\">\n\t\t\t\t\t\t\t\t\t\t\t<span class=\"elementor-icon-list-icon\">\n\t\t\t\t\t\t\t<svg aria-hidden=\"true\" class=\"e-font-icon-svg e-fas-coffee\" viewbox=\"0 0 640 512\" xmlns=\"http:\/\/www.w3.org\/2000\/svg\"><path d=\"M192 384h192c53 0 96-43 96-96h32c70.6 0 128-57.4 128-128S582.6 32 512 32H120c-13.3 0-24 10.7-24 24v232c0 53 43 96 96 96zM512 96c35.3 0 64 28.7 64 64s-28.7 64-64 64h-32V96h32zm47.7 384H48.3c-47.6 0-61-64-36-64h583.3c25 0 11.8 64-35.9 64z\"><\/path><\/svg>\t\t\t\t\t\t<\/span>\n\t\t\t\t\t\t\t\t\t\t<span class=\"elementor-icon-list-text\">Kahve<\/span>\n\t\t\t\t\t\t\t\t\t<\/li>\n\t\t\t\t\t\t\t\t<li class=\"elementor-icon-list-item elementor-inline-item\">\n\t\t\t\t\t\t\t\t\t\t\t<span class=\"elementor-icon-list-icon\">\n\t\t\t\t\t\t\t<svg aria-hidden=\"true\" class=\"e-font-icon-svg e-fas-toilet\" viewbox=\"0 0 384 512\" xmlns=\"http:\/\/www.w3.org\/2000\/svg\"><path d=\"M368 48c8.8 0 16-7.2 16-16V16c0-8.8-7.2-16-16-16H16C7.2 0 0 7.2 0 16v16c0 8.8 7.2 16 16 16h16v156.7C11.8 214.8 0 226.9 0 240c0 67.2 34.6 126.2 86.8 160.5l-21.4 70.2C59.1 491.2 74.5 512 96 512h192c21.5 0 36.9-20.8 30.6-41.3l-21.4-70.2C349.4 366.2 384 307.2 384 240c0-13.1-11.8-25.2-32-35.3V48h16zM80 72c0-4.4 3.6-8 8-8h48c4.4 0 8 3.6 8 8v16c0 4.4-3.6 8-8 8H88c-4.4 0-8-3.6-8-8V72zm112 200c-77.1 0-139.6-14.3-139.6-32s62.5-32 139.6-32 139.6 14.3 139.6 32-62.5 32-139.6 32z\"><\/path><\/svg>\t\t\t\t\t\t<\/span>\n\t\t\t\t\t\t\t\t\t\t<span class=\"elementor-icon-list-text\">WC<\/span>\n\t\t\t\t\t\t\t\t\t<\/li>\n\t\t\t\t\t\t<\/ul>\n\t\t\t\t\t\t<\/div>\n\t\t\t\t<\/div>\n\t\t\t\t\t<\/div>\n\t\t\t\t<\/div>\n\t\t\t\t<\/div>","protected":false},"excerpt":{"rendered":"<p>Aile Odas\u0131 (Yan Bina) Her ayr\u0131nt\u0131da asil dokunu\u015fu hissedin ve o b\u00fcy\u00fcl\u00fc auran\u0131n tad\u0131n\u0131 \u00e7\u0131kar\u0131n. Aile Odas\u0131 (Yan Bina) Ana binaya sadece birka\u00e7 ad\u0131m uzakl\u0131kta, sakin bir ara sokakta yer alan Aile Odas\u0131 (Yan Bina), konfor ve mahremiyetin bir kar\u0131\u015f\u0131m\u0131n\u0131 arayan aileler veya gruplar i\u00e7in ideal, 42 metrekarelik geni\u015f bir alan sunmaktad\u0131r. Bu [\u2026]<\/p>","protected":false},"author":1,"featured_media":0,"parent":0,"menu_order":0,"comment_status":"closed","ping_status":"closed","template":"elementor_header_footer","meta":{"_acf_changed":false,"footnotes":""},"class_list":["post-1067","page","type-page","status-publish","hentry"],"acf":[],"_links":{"self":[{"href":"https:\/\/royalgardenbeach.com\/tr\/wp-json\/wp\/v2\/pages\/1067","targetHints":{"allow":["GET"]}}],"collection":[{"href":"https:\/\/royalgardenbeach.com\/tr\/wp-json\/wp\/v2\/pages"}],"about":[{"href":"https:\/\/royalgardenbeach.com\/tr\/wp-json\/wp\/v2\/types\/page"}],"author":[{"embeddable":true,"href":"https:\/\/royalgardenbeach.com\/tr\/wp-json\/wp\/v2\/users\/1"}],"replies":[{"embeddable":true,"href":"https:\/\/royalgardenbeach.com\/tr\/wp-json\/wp\/v2\/comments?post=1067"}],"version-history":[{"count":11,"href":"https:\/\/royalgardenbeach.com\/tr\/wp-json\/wp\/v2\/pages\/1067\/revisions"}],"predecessor-version":[{"id":1817,"href":"https:\/\/royalgardenbeach.com\/tr\/wp-json\/wp\/v2\/pages\/1067\/revisions\/1817"}],"wp:attachment":[{"href":"https:\/\/royalgardenbeach.com\/tr\/wp-json\/wp\/v2\/media?parent=1067"}],"curies":[{"name":"wp","href":"https:\/\/api.w.org\/{rel}","templated":true}]}}