{"id":1153,"date":"2025-01-10T23:23:34","date_gmt":"2025-01-10T20:23:34","guid":{"rendered":"https:\/\/royalgardenbeach.com\/?page_id=1153"},"modified":"2025-07-02T21:43:40","modified_gmt":"2025-07-02T18:43:40","slug":"activities","status":"publish","type":"page","link":"https:\/\/royalgardenbeach.com\/tr\/activities\/","title":{"rendered":"Aktiviteler"},"content":{"rendered":"<div data-elementor-type=\"wp-page\" data-elementor-id=\"1153\" class=\"elementor elementor-1153\">\n\t\t\t\t<div class=\"elementor-element elementor-element-c47ffc7 e-flex e-con-boxed e-con e-parent\" data-id=\"c47ffc7\" data-element_type=\"container\" data-settings=\"{&quot;background_background&quot;:&quot;classic&quot;,&quot;jet_parallax_layout_list&quot;:[]}\">\n\t\t\t\t\t<div class=\"e-con-inner\">\n\t\t\t\t<div class=\"elementor-element elementor-element-c1643d9 elementor-widget elementor-widget-heading\" data-id=\"c1643d9\" data-element_type=\"widget\" data-widget_type=\"heading.default\">\n\t\t\t\t<div class=\"elementor-widget-container\">\n\t\t\t\t\t<h2 class=\"elementor-heading-title elementor-size-default\">Aktiviteler<\/h2>\t\t\t\t<\/div>\n\t\t\t\t<\/div>\n\t\t\t\t\t<\/div>\n\t\t\t\t<\/div>\n\t\t<div class=\"elementor-element elementor-element-6f70794 e-flex e-con-boxed elementor-invisible e-con e-parent\" data-id=\"6f70794\" data-element_type=\"container\" data-settings=\"{&quot;jet_parallax_layout_list&quot;:[],&quot;animation&quot;:&quot;fadeInUp&quot;}\">\n\t\t\t\t\t<div class=\"e-con-inner\">\n\t\t\t\t<div class=\"elementor-element elementor-element-b11acda elementor-widget elementor-widget-jet-animated-text\" data-id=\"b11acda\" data-element_type=\"widget\" data-widget_type=\"jet-animated-text.default\">\n\t\t\t\t<div class=\"elementor-widget-container\">\n\t\t\t\t\t<div class=\"elementor-jet-animated-text jet-elements\">\n<div class=\"jet-animated-text jet-animated-text--effect-fx11\" data-settings='{\"effect\":\"fx11\",\"delay\":3000}'>\n\t<div class=\"jet-animated-text__before-text\">\n\t<span>Bir<\/span>&nbsp;<\/div>\n\t<div class=\"jet-animated-text__animated-text\">\n<div class=\"jet-animated-text__animated-text-item active visible\" dir=\"ltr\">\n\t<span><br><\/span>&nbsp;<span><\/span>&nbsp;<\/div>\n<div class=\"jet-animated-text__animated-text-item\" dir=\"ltr\">\n\t<span><br><\/span>&nbsp;<span><\/span>&nbsp;<\/div>\n<div class=\"jet-animated-text__animated-text-item\" dir=\"ltr\">\n\t<span><br><\/span>&nbsp;<span><\/span>&nbsp;<\/div>\n<div class=\"jet-animated-text__animated-text-item\" dir=\"ltr\">\n\t<span><br><\/span>&nbsp;<span><\/span>&nbsp;<\/div>\n<div class=\"jet-animated-text__animated-text-item\" dir=\"ltr\">\n\t<span><br><\/span>&nbsp;<span><\/span>&nbsp;<\/div>\n<\/div>\t<div class=\"jet-animated-text__after-text\">\n\t<span>Kraliyet<\/span>&nbsp;<span>Macera<\/span><\/div><\/div><\/div>\t\t\t\t<\/div>\n\t\t\t\t<\/div>\n\t\t\t\t\t<\/div>\n\t\t\t\t<\/div>\n\t\t<div class=\"elementor-element elementor-element-dee1327 e-flex e-con-boxed e-con e-parent\" data-id=\"dee1327\" data-element_type=\"container\" data-settings=\"{&quot;jet_parallax_layout_list&quot;:[]}\">\n\t\t\t\t\t<div class=\"e-con-inner\">\n\t\t<div class=\"elementor-element elementor-element-0f420d0 e-con-full e-flex elementor-invisible e-con e-child\" data-id=\"0f420d0\" data-element_type=\"container\" data-settings=\"{&quot;jet_parallax_layout_list&quot;:[],&quot;animation&quot;:&quot;fadeInLeft&quot;}\">\n\t\t\t\t<div class=\"elementor-element elementor-element-b7a5cac elementor-align-left elementor-widget elementor-widget-raven-heading\" data-id=\"b7a5cac\" data-element_type=\"widget\" data-widget_type=\"raven-heading.default\">\n\t\t\t\t<div class=\"elementor-widget-container\">\n\t\t\t\t\t\t\t<div class=\"raven-widget-wrapper\"><h2 class=\"raven-heading raven-heading-h2\"><span class=\"raven-heading-title\">Aktiviteler \u2013 E\u011flence ve Heyecan Dolu Bir D\u00fcnyay\u0131 Ke\u015ffedin\n\n<\/span><\/h2><\/div>\r\n\t\t\t\t\t\t<\/div>\n\t\t\t\t<\/div>\n\t\t\t\t<div class=\"elementor-element elementor-element-d3ae78d elementor-drop-cap-yes elementor-drop-cap-view-default elementor-widget elementor-widget-text-editor\" data-id=\"d3ae78d\" data-element_type=\"widget\" data-settings=\"{&quot;drop_cap&quot;:&quot;yes&quot;}\" data-widget_type=\"text-editor.default\">\n\t\t\t\t<div class=\"elementor-widget-container\">\n\t\t\t\t\t\t\t\t\t<p>Her ya\u015ftan misafir i\u00e7in e\u011flence ve ilham\u0131n bol oldu\u011fu Royal Garden Beach Hotel&#039;de canl\u0131 aktivite d\u00fcnyas\u0131na dal\u0131n. B\u00fcy\u00fcleyici animasyonlardan muhte\u015fem \u015fovlara kadar her etkinlik benzersiz ve unutulmaz an\u0131lar yaratmak i\u00e7in tasarlanm\u0131\u015ft\u0131r. \u00c7ocuklar, mutluluklar\u0131n\u0131 d\u00fc\u015f\u00fcnerek tasarlanm\u0131\u015f Mini Kul\u00fcb\u00fcm\u00fczde \u00f6zel olarak ayr\u0131lm\u0131\u015f bir alanda sonsuz e\u011flencenin tad\u0131n\u0131 \u00e7\u0131karabilirler. Royal Garden Beach Hotel&#039;de her aktivite, konaklaman\u0131za bir sihir dokunu\u015fu katmak i\u00e7in bir f\u0131rsatt\u0131r.<\/p><p>\u00a0<\/p>\t\t\t\t\t\t\t\t<\/div>\n\t\t\t\t<\/div>\n\t\t\t\t<\/div>\n\t\t<div class=\"elementor-element elementor-element-984dfbf e-con-full e-flex elementor-invisible e-con e-child\" data-id=\"984dfbf\" data-element_type=\"container\" data-settings=\"{&quot;jet_parallax_layout_list&quot;:[],&quot;animation&quot;:&quot;fadeInRight&quot;}\">\n\t\t\t\t<div class=\"elementor-element elementor-element-99b2f14 elementor-widget elementor-widget-image\" data-id=\"99b2f14\" data-element_type=\"widget\" data-widget_type=\"image.default\">\n\t\t\t\t<div class=\"elementor-widget-container\">\n\t\t\t\t\t\t\t\t\t\t\t\t\t\t\t<img fetchpriority=\"high\" decoding=\"async\" width=\"1024\" height=\"768\" src=\"https:\/\/royalgardenbeach.com\/wp-content\/uploads\/2025\/01\/WhatsApp-Image-2025-01-24-at-12.49.11-1024x768.jpeg\" class=\"attachment-large size-large wp-image-1619\" alt=\"\" srcset=\"https:\/\/royalgardenbeach.com\/wp-content\/uploads\/2025\/01\/WhatsApp-Image-2025-01-24-at-12.49.11-1024x768.jpeg 1024w, https:\/\/royalgardenbeach.com\/wp-content\/uploads\/2025\/01\/WhatsApp-Image-2025-01-24-at-12.49.11-300x225.jpeg 300w, https:\/\/royalgardenbeach.com\/wp-content\/uploads\/2025\/01\/WhatsApp-Image-2025-01-24-at-12.49.11-768x576.jpeg 768w, https:\/\/royalgardenbeach.com\/wp-content\/uploads\/2025\/01\/WhatsApp-Image-2025-01-24-at-12.49.11-1536x1152.jpeg 1536w, https:\/\/royalgardenbeach.com\/wp-content\/uploads\/2025\/01\/WhatsApp-Image-2025-01-24-at-12.49.11-2048x1536.jpeg 2048w, https:\/\/royalgardenbeach.com\/wp-content\/uploads\/2025\/01\/WhatsApp-Image-2025-01-24-at-12.49.11-16x12.jpeg 16w\" sizes=\"(max-width: 1024px) 100vw, 1024px\" \/>\t\t\t\t\t\t\t\t\t\t\t\t\t\t\t<\/div>\n\t\t\t\t<\/div>\n\t\t\t\t<\/div>\n\t\t\t\t\t<\/div>\n\t\t\t\t<\/div>\n\t\t<div class=\"elementor-element elementor-element-f901acc e-flex e-con-boxed e-con e-parent\" data-id=\"f901acc\" data-element_type=\"container\" data-settings=\"{&quot;jet_parallax_layout_list&quot;:[]}\">\n\t\t\t\t\t<div class=\"e-con-inner\">\n\t\t<div class=\"elementor-element elementor-element-3340af5 e-con-full e-flex elementor-invisible e-con e-child\" data-id=\"3340af5\" data-element_type=\"container\" data-settings=\"{&quot;jet_parallax_layout_list&quot;:[],&quot;animation&quot;:&quot;fadeInLeft&quot;}\">\n\t\t\t\t<div class=\"elementor-element elementor-element-76608d7 elementor-widget elementor-widget-image\" data-id=\"76608d7\" data-element_type=\"widget\" data-widget_type=\"image.default\">\n\t\t\t\t<div class=\"elementor-widget-container\">\n\t\t\t\t\t\t\t\t\t\t\t\t\t\t\t<img decoding=\"async\" width=\"1024\" height=\"683\" src=\"https:\/\/royalgardenbeach.com\/wp-content\/uploads\/2025\/01\/Activities9-1024x683.webp\" class=\"attachment-large size-large wp-image-1160\" alt=\"\" srcset=\"https:\/\/royalgardenbeach.com\/wp-content\/uploads\/2025\/01\/Activities9-1024x683.webp 1024w, https:\/\/royalgardenbeach.com\/wp-content\/uploads\/2025\/01\/Activities9-300x200.webp 300w, https:\/\/royalgardenbeach.com\/wp-content\/uploads\/2025\/01\/Activities9-768x512.webp 768w, https:\/\/royalgardenbeach.com\/wp-content\/uploads\/2025\/01\/Activities9-1536x1024.webp 1536w, https:\/\/royalgardenbeach.com\/wp-content\/uploads\/2025\/01\/Activities9-2048x1366.webp 2048w, https:\/\/royalgardenbeach.com\/wp-content\/uploads\/2025\/01\/Activities9-18x12.webp 18w\" sizes=\"(max-width: 1024px) 100vw, 1024px\" \/>\t\t\t\t\t\t\t\t\t\t\t\t\t\t\t<\/div>\n\t\t\t\t<\/div>\n\t\t\t\t<\/div>\n\t\t<div class=\"elementor-element elementor-element-9dec85b e-con-full e-flex elementor-invisible e-con e-child\" data-id=\"9dec85b\" data-element_type=\"container\" data-settings=\"{&quot;jet_parallax_layout_list&quot;:[],&quot;animation&quot;:&quot;fadeInRight&quot;}\">\n\t\t\t\t<div class=\"elementor-element elementor-element-5d75096 elementor-align-left elementor-widget elementor-widget-raven-heading\" data-id=\"5d75096\" data-element_type=\"widget\" data-widget_type=\"raven-heading.default\">\n\t\t\t\t<div class=\"elementor-widget-container\">\n\t\t\t\t\t\t\t<div class=\"raven-widget-wrapper\"><h2 class=\"raven-heading raven-heading-h2\"><span class=\"raven-heading-title\">Active Adventures \u2013 Unutulmaz Bir Tatil Deneyimine A\u00e7\u0131lan Kap\u0131n\u0131z\n\n<\/span><\/h2><\/div>\r\n\t\t\t\t\t\t<\/div>\n\t\t\t\t<\/div>\n\t\t\t\t<div class=\"elementor-element elementor-element-45d81d0 elementor-drop-cap-yes elementor-drop-cap-view-default elementor-widget elementor-widget-text-editor\" data-id=\"45d81d0\" data-element_type=\"widget\" data-settings=\"{&quot;drop_cap&quot;:&quot;yes&quot;}\" data-widget_type=\"text-editor.default\">\n\t\t\t\t<div class=\"elementor-widget-container\">\n\t\t\t\t\t\t\t\t\t<p>Royal Garden Beach Hotel&#039;de, ya\u015f\u0131n\u0131z ka\u00e7 olursa olsun tatilinizi unutulmaz k\u0131lmak i\u00e7in tasarlanm\u0131\u015f \u00e7ok \u00e7e\u015fitli aktiviteler sunuyoruz. Dinamik animasyon program\u0131m\u0131z, enerji ve heyecan dolu 16 ya\u015f ve \u00fczeri misafirlere hitap ediyor. \u0130ster plaj voleybolu, ister masa tenisi, su topu veya di\u011fer ilgi \u00e7ekici aktiviteler olsun, yeni arkada\u015fl\u0131klar ve kal\u0131c\u0131 an\u0131lar yaratma f\u0131rsatlar\u0131 bulacaks\u0131n\u0131z. Aksiyon dolu bir g\u00fcn\u00fcn ard\u0131ndan otelimizin dingin atmosferinde rahatlay\u0131n. Sizi aktif tutan ve tatilinizi canl\u0131 bir ritimle zenginle\u015ftiren g\u00fcnl\u00fck etkinlikler i\u00e7in deneyimli animat\u00f6rlerimize kat\u0131l\u0131n. Tesisimiz, konaklaman\u0131z\u0131n her an\u0131n\u0131 g\u00fczelle\u015ftirecek dinamik bir d\u00fcnya sunuyor.<\/p><p>\u00a0<\/p>\t\t\t\t\t\t\t\t<\/div>\n\t\t\t\t<\/div>\n\t\t\t\t<\/div>\n\t\t\t\t\t<\/div>\n\t\t\t\t<\/div>\n\t\t<div class=\"elementor-element elementor-element-fb3f4d2 e-flex e-con-boxed e-con e-parent\" data-id=\"fb3f4d2\" data-element_type=\"container\" data-settings=\"{&quot;jet_parallax_layout_list&quot;:[]}\">\n\t\t\t\t\t<div class=\"e-con-inner\">\n\t\t<div class=\"elementor-element elementor-element-fb8cb85 e-con-full e-flex elementor-invisible e-con e-child\" data-id=\"fb8cb85\" data-element_type=\"container\" data-settings=\"{&quot;jet_parallax_layout_list&quot;:[],&quot;animation&quot;:&quot;fadeInLeft&quot;}\">\n\t\t\t\t<div class=\"elementor-element elementor-element-75155ee elementor-align-left elementor-widget elementor-widget-raven-heading\" data-id=\"75155ee\" data-element_type=\"widget\" data-widget_type=\"raven-heading.default\">\n\t\t\t\t<div class=\"elementor-widget-container\">\n\t\t\t\t\t\t\t<div class=\"raven-widget-wrapper\"><h2 class=\"raven-heading raven-heading-h2\"><span class=\"raven-heading-title\">Animasyonlar \u2013 Unutulmaz Anlarla Dolu Ak\u015famlar\n\n<\/span><\/h2><\/div>\r\n\t\t\t\t\t\t<\/div>\n\t\t\t\t<\/div>\n\t\t\t\t<div class=\"elementor-element elementor-element-4422119 elementor-drop-cap-yes elementor-drop-cap-view-default elementor-widget elementor-widget-text-editor\" data-id=\"4422119\" data-element_type=\"widget\" data-settings=\"{&quot;drop_cap&quot;:&quot;yes&quot;}\" data-widget_type=\"text-editor.default\">\n\t\t\t\t<div class=\"elementor-widget-container\">\n\t\t\t\t\t\t\t\t\t<p>Canl\u0131 bir enerji g\u00fcn\u00fcn\u00fcn ard\u0131ndan, ak\u015famlar\u0131m\u0131z benzersiz ve unutulmaz deneyimler vaat ediyor. S\u0131cak ve misafirperver animasyon ekibimiz, kahkahalarla g\u00fcld\u00fcren komedi g\u00f6sterilerinden hayranl\u0131k uyand\u0131ran performanslara kadar uzanan gece \u015fovlar\u0131na ev sahipli\u011fi yaparak her zevke hitap eden e\u011flenceyi garantiliyor. Temal\u0131 partiler, s\u00fcr\u00fckleyici atmosferleri ve \u00e7arp\u0131c\u0131 sahne tasar\u0131mlar\u0131yla b\u00fcy\u00fcl\u00fcyor, karaoke geceleri ise mikrofonu al\u0131p di\u011fer tatilcilerle sesinizi payla\u015fman\u0131z\u0131 bekliyor.<\/p><p>\u00a0<\/p>\t\t\t\t\t\t\t\t<\/div>\n\t\t\t\t<\/div>\n\t\t\t\t<\/div>\n\t\t<div class=\"elementor-element elementor-element-832b336 e-con-full e-flex elementor-invisible e-con e-child\" data-id=\"832b336\" data-element_type=\"container\" data-settings=\"{&quot;jet_parallax_layout_list&quot;:[],&quot;animation&quot;:&quot;fadeInRight&quot;}\">\n\t\t\t\t<div class=\"elementor-element elementor-element-8d61269 elementor-widget elementor-widget-image\" data-id=\"8d61269\" data-element_type=\"widget\" data-widget_type=\"image.default\">\n\t\t\t\t<div class=\"elementor-widget-container\">\n\t\t\t\t\t\t\t\t\t\t\t\t\t\t\t<img decoding=\"async\" width=\"1024\" height=\"683\" src=\"https:\/\/royalgardenbeach.com\/wp-content\/uploads\/2025\/01\/Activities6-qzf5gza6sr7eo3l0wjy0ufqst9logx559mzhpeg6ps-1024x683.webp\" class=\"attachment-large size-large wp-image-1158\" alt=\"\" srcset=\"https:\/\/royalgardenbeach.com\/wp-content\/uploads\/2025\/01\/Activities6-qzf5gza6sr7eo3l0wjy0ufqst9logx559mzhpeg6ps-1024x683.webp 1024w, https:\/\/royalgardenbeach.com\/wp-content\/uploads\/2025\/01\/Activities6-qzf5gza6sr7eo3l0wjy0ufqst9logx559mzhpeg6ps-300x200.webp 300w, https:\/\/royalgardenbeach.com\/wp-content\/uploads\/2025\/01\/Activities6-qzf5gza6sr7eo3l0wjy0ufqst9logx559mzhpeg6ps-768x512.webp 768w, https:\/\/royalgardenbeach.com\/wp-content\/uploads\/2025\/01\/Activities6-qzf5gza6sr7eo3l0wjy0ufqst9logx559mzhpeg6ps-1536x1024.webp 1536w, https:\/\/royalgardenbeach.com\/wp-content\/uploads\/2025\/01\/Activities6-qzf5gza6sr7eo3l0wjy0ufqst9logx559mzhpeg6ps-2048x1366.webp 2048w, https:\/\/royalgardenbeach.com\/wp-content\/uploads\/2025\/01\/Activities6-qzf5gza6sr7eo3l0wjy0ufqst9logx559mzhpeg6ps-18x12.webp 18w\" sizes=\"(max-width: 1024px) 100vw, 1024px\" \/>\t\t\t\t\t\t\t\t\t\t\t\t\t\t\t<\/div>\n\t\t\t\t<\/div>\n\t\t\t\t<\/div>\n\t\t\t\t\t<\/div>\n\t\t\t\t<\/div>\n\t\t<div class=\"elementor-element elementor-element-22f5afb e-flex e-con-boxed e-con e-parent\" data-id=\"22f5afb\" data-element_type=\"container\" data-settings=\"{&quot;jet_parallax_layout_list&quot;:[]}\">\n\t\t\t\t\t<div class=\"e-con-inner\">\n\t\t<div class=\"elementor-element elementor-element-01d923f e-con-full e-flex elementor-invisible e-con e-child\" data-id=\"01d923f\" data-element_type=\"container\" data-settings=\"{&quot;jet_parallax_layout_list&quot;:[],&quot;animation&quot;:&quot;fadeInRight&quot;}\">\n\t\t\t\t<div class=\"elementor-element elementor-element-3cfa276 elementor-widget elementor-widget-image\" data-id=\"3cfa276\" data-element_type=\"widget\" data-widget_type=\"image.default\">\n\t\t\t\t<div class=\"elementor-widget-container\">\n\t\t\t\t\t\t\t\t\t\t\t\t\t\t\t<img loading=\"lazy\" decoding=\"async\" width=\"1024\" height=\"683\" src=\"https:\/\/royalgardenbeach.com\/wp-content\/uploads\/2025\/01\/Activities.2-1024x683.webp\" class=\"attachment-large size-large wp-image-1156\" alt=\"\" srcset=\"https:\/\/royalgardenbeach.com\/wp-content\/uploads\/2025\/01\/Activities.2-1024x683.webp 1024w, https:\/\/royalgardenbeach.com\/wp-content\/uploads\/2025\/01\/Activities.2-300x200.webp 300w, https:\/\/royalgardenbeach.com\/wp-content\/uploads\/2025\/01\/Activities.2-768x512.webp 768w, https:\/\/royalgardenbeach.com\/wp-content\/uploads\/2025\/01\/Activities.2-1536x1024.webp 1536w, https:\/\/royalgardenbeach.com\/wp-content\/uploads\/2025\/01\/Activities.2-2048x1366.webp 2048w, https:\/\/royalgardenbeach.com\/wp-content\/uploads\/2025\/01\/Activities.2-18x12.webp 18w\" sizes=\"(max-width: 1024px) 100vw, 1024px\" \/>\t\t\t\t\t\t\t\t\t\t\t\t\t\t\t<\/div>\n\t\t\t\t<\/div>\n\t\t\t\t<\/div>\n\t\t<div class=\"elementor-element elementor-element-b19376c e-con-full e-flex elementor-invisible e-con e-child\" data-id=\"b19376c\" data-element_type=\"container\" data-settings=\"{&quot;jet_parallax_layout_list&quot;:[],&quot;animation&quot;:&quot;fadeInLeft&quot;}\">\n\t\t\t\t<div class=\"elementor-element elementor-element-43ae67a elementor-align-left elementor-widget elementor-widget-raven-heading\" data-id=\"43ae67a\" data-element_type=\"widget\" data-widget_type=\"raven-heading.default\">\n\t\t\t\t<div class=\"elementor-widget-container\">\n\t\t\t\t\t\t\t<div class=\"raven-widget-wrapper\"><h2 class=\"raven-heading raven-heading-h2\"><span class=\"raven-heading-title\">G\u00f6steriler \u2013 Yetenek ve Enerjinin Bir G\u00f6sterisi\n\n<\/span><\/h2><\/div>\r\n\t\t\t\t\t\t<\/div>\n\t\t\t\t<\/div>\n\t\t\t\t<div class=\"elementor-element elementor-element-8934158 elementor-drop-cap-yes elementor-drop-cap-view-default elementor-widget elementor-widget-text-editor\" data-id=\"8934158\" data-element_type=\"widget\" data-settings=\"{&quot;drop_cap&quot;:&quot;yes&quot;}\" data-widget_type=\"text-editor.default\">\n\t\t\t\t<div class=\"elementor-widget-container\">\n\t\t\t\t\t\t\t\t\t<div class=\"flex-1 overflow-hidden @container\/thread\"><div class=\"h-full\"><div class=\"react-scroll-to-bottom--css-ccvzc-79elbk h-full\"><div class=\"react-scroll-to-bottom--css-ccvzc-1n7m0yu\"><div class=\"flex flex-col text-sm md:pb-9\"><article class=\"w-full scroll-mb-[var(--thread-trailing-height,150px)] text-token-text-primary focus-visible:outline-2 focus-visible:outline-offset-[-4px]\" dir=\"auto\" data-testid=\"conversation-turn-47\" data-scroll-anchor=\"true\"><div class=\"m-auto text-base py-[18px] px-3 md:px-4 w-full md:px-5 lg:px-4 xl:px-5\"><div class=\"mx-auto flex flex-1 gap-4 text-base md:gap-5 lg:gap-6 md:max-w-3xl lg:max-w-[40rem] xl:max-w-[48rem]\"><div class=\"group\/conversation-turn relative flex w-full min-w-0 flex-col agent-turn\"><div class=\"flex-col gap-1 md:gap-3\"><div class=\"flex max-w-full flex-col flex-grow\"><div class=\"min-h-8 text-message flex w-full flex-col items-end gap-2 whitespace-normal break-words text-start [.text-message+&amp;]:mt-5\" dir=\"auto\" data-message-author-role=\"assistant\" data-message-id=\"bd0a7f4f-d2de-4999-86b0-6275bbdd9b6b\" data-message-model-slug=\"gpt-4o-canmore\"><div class=\"flex w-full flex-col gap-1 empty:hidden first:pt-[3px]\"><div class=\"markdown prose w-full break-words dark:prose-invert dark\"><p>Profesyonel akrobatik performanslar ve yer\u00e7ekimine meydan okuyan hayranl\u0131k uyand\u0131r\u0131c\u0131 beceri g\u00f6sterileriyle b\u00fcy\u00fclenmeye haz\u0131r olun. Gece ilerledik\u00e7e yetenekli dans\u00e7\u0131lar\u0131m\u0131z g\u00f6z kama\u015ft\u0131r\u0131c\u0131 koreografilerle sahneyi ayd\u0131nlat\u0131rken, canl\u0131 m\u00fczik performanslar\u0131 da b\u00fcy\u00fcl\u00fc bir dokunu\u015f kat\u0131yor. \u0130ster ritme g\u00f6re dans edin, ister sadece romantik ambiyans\u0131n tad\u0131n\u0131 \u00e7\u0131kar\u0131n, gecenin melodileri kalbinizi b\u00fcy\u00fcleyecek.<\/p><p>Ak\u015fam\u0131n\u0131z\u0131, uzman DJ&#039;imizin d\u00fczenledi\u011fi nostaljik pop hitlerinin en son liste ba\u015f\u0131 \u015fark\u0131larla bulu\u015ftu\u011fu canl\u0131 disko gecelerimizle y\u00fcksek bir notla sonland\u0131r\u0131n. Bu e\u015fsiz atmosfer sizi ve sevdiklerinizi bekliyor ve ne\u015fe, enerji ve de\u011ferli an\u0131larla dolu bir tatilin kap\u0131lar\u0131n\u0131 a\u00e7\u0131yor.<\/p><\/div><\/div><\/div><\/div><\/div><\/div><\/div><\/div><\/article><\/div><\/div><\/div><\/div><\/div>\t\t\t\t\t\t\t\t<\/div>\n\t\t\t\t<\/div>\n\t\t\t\t<\/div>\n\t\t\t\t\t<\/div>\n\t\t\t\t<\/div>\n\t\t\t\t<\/div>","protected":false},"excerpt":{"rendered":"<p>Aktiviteler Bir Dans F\u0131s\u0131lt\u0131s\u0131 Yolculu\u011fu Macera Dolu Esintiler Aktiviteler \u2013 E\u011flence ve Heyecan Dolu Bir D\u00fcnyay\u0131 Ke\u015ffedin Royal Garden Beach Hotel&#039;de, her ya\u015ftan misafir i\u00e7in e\u011flence ve ilham dolu, hareketli aktivite d\u00fcnyas\u0131na dal\u0131n. B\u00fcy\u00fcleyici animasyonlardan muhte\u015fem g\u00f6sterilere kadar her etkinlik, benzersiz ve unutulmaz an\u0131lar yaratmak i\u00e7in tasarland\u0131. [\u2026]<\/p>","protected":false},"author":1,"featured_media":0,"parent":0,"menu_order":0,"comment_status":"closed","ping_status":"closed","template":"elementor_header_footer","meta":{"_acf_changed":false,"footnotes":""},"class_list":["post-1153","page","type-page","status-publish","hentry"],"acf":[],"_links":{"self":[{"href":"https:\/\/royalgardenbeach.com\/tr\/wp-json\/wp\/v2\/pages\/1153","targetHints":{"allow":["GET"]}}],"collection":[{"href":"https:\/\/royalgardenbeach.com\/tr\/wp-json\/wp\/v2\/pages"}],"about":[{"href":"https:\/\/royalgardenbeach.com\/tr\/wp-json\/wp\/v2\/types\/page"}],"author":[{"embeddable":true,"href":"https:\/\/royalgardenbeach.com\/tr\/wp-json\/wp\/v2\/users\/1"}],"replies":[{"embeddable":true,"href":"https:\/\/royalgardenbeach.com\/tr\/wp-json\/wp\/v2\/comments?post=1153"}],"version-history":[{"count":19,"href":"https:\/\/royalgardenbeach.com\/tr\/wp-json\/wp\/v2\/pages\/1153\/revisions"}],"predecessor-version":[{"id":2045,"href":"https:\/\/royalgardenbeach.com\/tr\/wp-json\/wp\/v2\/pages\/1153\/revisions\/2045"}],"wp:attachment":[{"href":"https:\/\/royalgardenbeach.com\/tr\/wp-json\/wp\/v2\/media?parent=1153"}],"curies":[{"name":"wp","href":"https:\/\/api.w.org\/{rel}","templated":true}]}}