{"id":1359,"date":"2025-01-13T23:39:49","date_gmt":"2025-01-13T20:39:49","guid":{"rendered":"https:\/\/royalgardenbeach.com\/?page_id=1359"},"modified":"2026-04-15T16:13:30","modified_gmt":"2026-04-15T13:13:30","slug":"corporate-documents","status":"publish","type":"page","link":"https:\/\/royalgardenbeach.com\/tr\/corporate-documents\/","title":{"rendered":"Kurumsal Belgeler"},"content":{"rendered":"<div data-elementor-type=\"wp-page\" data-elementor-id=\"1359\" class=\"elementor elementor-1359\">\n\t\t\t\t<div class=\"elementor-element elementor-element-b16a379 e-flex e-con-boxed e-con e-parent\" data-id=\"b16a379\" data-element_type=\"container\" data-settings=\"{&quot;background_background&quot;:&quot;classic&quot;,&quot;jet_parallax_layout_list&quot;:[]}\">\n\t\t\t\t\t<div class=\"e-con-inner\">\n\t\t\t\t<div class=\"elementor-element elementor-element-68ebd49 elementor-widget elementor-widget-heading\" data-id=\"68ebd49\" data-element_type=\"widget\" data-widget_type=\"heading.default\">\n\t\t\t\t<div class=\"elementor-widget-container\">\n\t\t\t\t\t<h2 class=\"elementor-heading-title elementor-size-default\">Kurumsal Belgeler<\/h2>\t\t\t\t<\/div>\n\t\t\t\t<\/div>\n\t\t\t\t\t<\/div>\n\t\t\t\t<\/div>\n\t\t<div class=\"elementor-element elementor-element-ab0e2eb e-flex e-con-boxed e-con e-parent\" data-id=\"ab0e2eb\" data-element_type=\"container\" data-settings=\"{&quot;jet_parallax_layout_list&quot;:[]}\">\n\t\t\t\t\t<div class=\"e-con-inner\">\n\t\t<div class=\"elementor-element elementor-element-a7a61db e-con-full e-flex elementor-invisible e-con e-child\" data-id=\"a7a61db\" data-element_type=\"container\" data-settings=\"{&quot;jet_parallax_layout_list&quot;:[],&quot;animation&quot;:&quot;fadeInLeft&quot;}\">\n\t\t\t\t<div class=\"elementor-element elementor-element-b1b4d57 elementor-widget elementor-widget-image\" data-id=\"b1b4d57\" data-element_type=\"widget\" data-widget_type=\"image.default\">\n\t\t\t\t<div class=\"elementor-widget-container\">\n\t\t\t\t\t\t\t\t\t\t\t\t\t\t\t\t<a href=\"https:\/\/royalgardenbeach.com\/wp-content\/uploads\/2026\/04\/ROYAL-GARDEN-BEACH-OTEL-Sertifika.pdf\" target=\"_blank\">\n\t\t\t\t\t\t\t<img fetchpriority=\"high\" decoding=\"async\" width=\"595\" height=\"842\" src=\"https:\/\/royalgardenbeach.com\/wp-content\/uploads\/2025\/01\/Surdurulebilir-turizm-Sertifikasi.png\" class=\"elementor-animation-bob attachment-large size-large wp-image-1414\" alt=\"\" srcset=\"https:\/\/royalgardenbeach.com\/wp-content\/uploads\/2025\/01\/Surdurulebilir-turizm-Sertifikasi.png 595w, https:\/\/royalgardenbeach.com\/wp-content\/uploads\/2025\/01\/Surdurulebilir-turizm-Sertifikasi-212x300.png 212w, https:\/\/royalgardenbeach.com\/wp-content\/uploads\/2025\/01\/Surdurulebilir-turizm-Sertifikasi-8x12.png 8w\" sizes=\"(max-width: 595px) 100vw, 595px\" \/>\t\t\t\t\t\t\t\t<\/a>\n\t\t\t\t\t\t\t\t\t\t\t\t\t\t\t<\/div>\n\t\t\t\t<\/div>\n\t\t\t\t<\/div>\n\t\t<div class=\"elementor-element elementor-element-2ff14a7 e-con-full e-flex elementor-invisible e-con e-child\" data-id=\"2ff14a7\" data-element_type=\"container\" data-settings=\"{&quot;jet_parallax_layout_list&quot;:[],&quot;animation&quot;:&quot;fadeInUp&quot;}\">\n\t\t\t\t<div class=\"elementor-element elementor-element-f9e998c elementor-widget elementor-widget-image\" data-id=\"f9e998c\" data-element_type=\"widget\" data-widget_type=\"image.default\">\n\t\t\t\t<div class=\"elementor-widget-container\">\n\t\t\t\t\t\t\t\t\t\t\t\t\t\t\t\t<a href=\"https:\/\/royalgardenbeach.com\/wp-content\/uploads\/2026\/04\/ROYAL-GARDEN-BEACH-OTEL-Sertifika.pdf\" target=\"_blank\">\n\t\t\t\t\t\t\t<img decoding=\"async\" width=\"595\" height=\"842\" src=\"https:\/\/royalgardenbeach.com\/wp-content\/uploads\/2025\/01\/Surdurulebilir-turizm-Sertifikasi-1.png\" class=\"elementor-animation-bob attachment-large size-large wp-image-1415\" alt=\"\" srcset=\"https:\/\/royalgardenbeach.com\/wp-content\/uploads\/2025\/01\/Surdurulebilir-turizm-Sertifikasi-1.png 595w, https:\/\/royalgardenbeach.com\/wp-content\/uploads\/2025\/01\/Surdurulebilir-turizm-Sertifikasi-1-212x300.png 212w, https:\/\/royalgardenbeach.com\/wp-content\/uploads\/2025\/01\/Surdurulebilir-turizm-Sertifikasi-1-8x12.png 8w\" sizes=\"(max-width: 595px) 100vw, 595px\" \/>\t\t\t\t\t\t\t\t<\/a>\n\t\t\t\t\t\t\t\t\t\t\t\t\t\t\t<\/div>\n\t\t\t\t<\/div>\n\t\t\t\t<\/div>\n\t\t<div class=\"elementor-element elementor-element-f3fc284 e-con-full e-flex elementor-invisible e-con e-child\" data-id=\"f3fc284\" data-element_type=\"container\" data-settings=\"{&quot;jet_parallax_layout_list&quot;:[],&quot;animation&quot;:&quot;fadeInRight&quot;}\">\n\t\t\t\t<div class=\"elementor-element elementor-element-4aabc83 elementor-widget elementor-widget-image\" data-id=\"4aabc83\" data-element_type=\"widget\" data-widget_type=\"image.default\">\n\t\t\t\t<div class=\"elementor-widget-container\">\n\t\t\t\t\t\t\t\t\t\t\t\t\t\t\t<img decoding=\"async\" width=\"595\" height=\"842\" src=\"https:\/\/royalgardenbeach.com\/wp-content\/uploads\/2025\/01\/ISO-9001.png\" class=\"elementor-animation-bob attachment-large size-large wp-image-1408\" alt=\"\" srcset=\"https:\/\/royalgardenbeach.com\/wp-content\/uploads\/2025\/01\/ISO-9001.png 595w, https:\/\/royalgardenbeach.com\/wp-content\/uploads\/2025\/01\/ISO-9001-212x300.png 212w, https:\/\/royalgardenbeach.com\/wp-content\/uploads\/2025\/01\/ISO-9001-8x12.png 8w\" sizes=\"(max-width: 595px) 100vw, 595px\" \/>\t\t\t\t\t\t\t\t\t\t\t\t\t\t\t<\/div>\n\t\t\t\t<\/div>\n\t\t\t\t<\/div>\n\t\t\t\t\t<\/div>\n\t\t\t\t<\/div>\n\t\t<div class=\"elementor-element elementor-element-bc8cb12 e-flex e-con-boxed e-con e-parent\" data-id=\"bc8cb12\" data-element_type=\"container\" data-settings=\"{&quot;jet_parallax_layout_list&quot;:[]}\">\n\t\t\t\t\t<div class=\"e-con-inner\">\n\t\t<div class=\"elementor-element elementor-element-ecb7add e-con-full e-flex elementor-invisible e-con e-child\" data-id=\"ecb7add\" data-element_type=\"container\" data-settings=\"{&quot;jet_parallax_layout_list&quot;:[],&quot;animation&quot;:&quot;fadeInLeft&quot;}\">\n\t\t\t\t<div class=\"elementor-element elementor-element-5828cc2 elementor-widget elementor-widget-image\" data-id=\"5828cc2\" data-element_type=\"widget\" data-widget_type=\"image.default\">\n\t\t\t\t<div class=\"elementor-widget-container\">\n\t\t\t\t\t\t\t\t\t\t\t\t\t\t\t<img loading=\"lazy\" decoding=\"async\" width=\"595\" height=\"842\" src=\"https:\/\/royalgardenbeach.com\/wp-content\/uploads\/2025\/01\/ISO-50001.png\" class=\"elementor-animation-bob attachment-large size-large wp-image-1410\" alt=\"\" srcset=\"https:\/\/royalgardenbeach.com\/wp-content\/uploads\/2025\/01\/ISO-50001.png 595w, https:\/\/royalgardenbeach.com\/wp-content\/uploads\/2025\/01\/ISO-50001-212x300.png 212w, https:\/\/royalgardenbeach.com\/wp-content\/uploads\/2025\/01\/ISO-50001-8x12.png 8w\" sizes=\"(max-width: 595px) 100vw, 595px\" \/>\t\t\t\t\t\t\t\t\t\t\t\t\t\t\t<\/div>\n\t\t\t\t<\/div>\n\t\t\t\t<\/div>\n\t\t<div class=\"elementor-element elementor-element-87e0444 e-con-full e-flex elementor-invisible e-con e-child\" data-id=\"87e0444\" data-element_type=\"container\" data-settings=\"{&quot;jet_parallax_layout_list&quot;:[],&quot;animation&quot;:&quot;fadeInUp&quot;}\">\n\t\t\t\t<div class=\"elementor-element elementor-element-840ed09 elementor-widget elementor-widget-image\" data-id=\"840ed09\" data-element_type=\"widget\" data-widget_type=\"image.default\">\n\t\t\t\t<div class=\"elementor-widget-container\">\n\t\t\t\t\t\t\t\t\t\t\t\t\t\t\t<img loading=\"lazy\" decoding=\"async\" width=\"595\" height=\"842\" src=\"https:\/\/royalgardenbeach.com\/wp-content\/uploads\/2025\/01\/ISO-140001.png\" class=\"elementor-animation-bob attachment-large size-large wp-image-1411\" alt=\"\" srcset=\"https:\/\/royalgardenbeach.com\/wp-content\/uploads\/2025\/01\/ISO-140001.png 595w, https:\/\/royalgardenbeach.com\/wp-content\/uploads\/2025\/01\/ISO-140001-212x300.png 212w, https:\/\/royalgardenbeach.com\/wp-content\/uploads\/2025\/01\/ISO-140001-8x12.png 8w\" sizes=\"(max-width: 595px) 100vw, 595px\" \/>\t\t\t\t\t\t\t\t\t\t\t\t\t\t\t<\/div>\n\t\t\t\t<\/div>\n\t\t\t\t<\/div>\n\t\t<div class=\"elementor-element elementor-element-01fc860 e-con-full e-flex elementor-invisible e-con e-child\" data-id=\"01fc860\" data-element_type=\"container\" data-settings=\"{&quot;jet_parallax_layout_list&quot;:[],&quot;animation&quot;:&quot;fadeInRight&quot;}\">\n\t\t\t\t<div class=\"elementor-element elementor-element-9895b63 elementor-widget elementor-widget-image\" data-id=\"9895b63\" data-element_type=\"widget\" data-widget_type=\"image.default\">\n\t\t\t\t<div class=\"elementor-widget-container\">\n\t\t\t\t\t\t\t\t\t\t\t\t\t\t\t<img loading=\"lazy\" decoding=\"async\" width=\"595\" height=\"842\" src=\"https:\/\/royalgardenbeach.com\/wp-content\/uploads\/2025\/01\/ISO-22000.png\" class=\"elementor-animation-bob attachment-large size-large wp-image-1409\" alt=\"\" srcset=\"https:\/\/royalgardenbeach.com\/wp-content\/uploads\/2025\/01\/ISO-22000.png 595w, https:\/\/royalgardenbeach.com\/wp-content\/uploads\/2025\/01\/ISO-22000-212x300.png 212w, https:\/\/royalgardenbeach.com\/wp-content\/uploads\/2025\/01\/ISO-22000-8x12.png 8w\" sizes=\"(max-width: 595px) 100vw, 595px\" \/>\t\t\t\t\t\t\t\t\t\t\t\t\t\t\t<\/div>\n\t\t\t\t<\/div>\n\t\t\t\t<\/div>\n\t\t\t\t\t<\/div>\n\t\t\t\t<\/div>\n\t\t<div class=\"elementor-element elementor-element-f9de156 elementor-hidden-desktop elementor-hidden-tablet elementor-hidden-mobile e-flex e-con-boxed e-con e-parent\" data-id=\"f9de156\" data-element_type=\"container\" data-settings=\"{&quot;jet_parallax_layout_list&quot;:[]}\">\n\t\t\t\t\t<div class=\"e-con-inner\">\n\t\t<div class=\"elementor-element elementor-element-1ee70f8 e-con-full e-flex elementor-invisible e-con e-child\" data-id=\"1ee70f8\" data-element_type=\"container\" data-settings=\"{&quot;jet_parallax_layout_list&quot;:[],&quot;animation&quot;:&quot;fadeInLeft&quot;}\">\n\t\t\t\t<\/div>\n\t\t<div class=\"elementor-element elementor-element-8c0c2fc e-con-full e-flex elementor-invisible e-con e-child\" data-id=\"8c0c2fc\" data-element_type=\"container\" data-settings=\"{&quot;jet_parallax_layout_list&quot;:[],&quot;animation&quot;:&quot;fadeInUp&quot;}\">\n\t\t\t\t<div class=\"elementor-element elementor-element-7e10ab0 elementor-widget elementor-widget-image\" data-id=\"7e10ab0\" data-element_type=\"widget\" data-widget_type=\"image.default\">\n\t\t\t\t<div class=\"elementor-widget-container\">\n\t\t\t\t\t\t\t\t\t\t\t\t\t\t\t\t<a href=\"https:\/\/qr.tga.gov.tr\/sertifika\/3745ec\" target=\"_blank\">\n\t\t\t\t\t\t\t<img loading=\"lazy\" decoding=\"async\" width=\"189\" height=\"207\" src=\"https:\/\/royalgardenbeach.com\/wp-content\/uploads\/2025\/03\/WhatsApp-Image-2025-03-25-at-09.23.56.jpeg\" class=\"elementor-animation-bob attachment-large size-large wp-image-1958\" alt=\"\" srcset=\"https:\/\/royalgardenbeach.com\/wp-content\/uploads\/2025\/03\/WhatsApp-Image-2025-03-25-at-09.23.56.jpeg 189w, https:\/\/royalgardenbeach.com\/wp-content\/uploads\/2025\/03\/WhatsApp-Image-2025-03-25-at-09.23.56-11x12.jpeg 11w\" sizes=\"(max-width: 189px) 100vw, 189px\" \/>\t\t\t\t\t\t\t\t<\/a>\n\t\t\t\t\t\t\t\t\t\t\t\t\t\t\t<\/div>\n\t\t\t\t<\/div>\n\t\t\t\t<\/div>\n\t\t<div class=\"elementor-element elementor-element-4e8af17 e-con-full e-flex elementor-invisible e-con e-child\" data-id=\"4e8af17\" data-element_type=\"container\" data-settings=\"{&quot;jet_parallax_layout_list&quot;:[],&quot;animation&quot;:&quot;fadeInRight&quot;}\">\n\t\t\t\t<\/div>\n\t\t\t\t\t<\/div>\n\t\t\t\t<\/div>\n\t\t<div class=\"elementor-element elementor-element-3e7c28f e-flex e-con-boxed elementor-invisible e-con e-parent\" data-id=\"3e7c28f\" data-element_type=\"container\" data-settings=\"{&quot;jet_parallax_layout_list&quot;:[],&quot;animation&quot;:&quot;fadeInUp&quot;}\">\n\t\t\t\t\t<div class=\"e-con-inner\">\n\t\t<div class=\"elementor-element elementor-element-ef6d99e e-con-full e-flex e-con e-child\" data-id=\"ef6d99e\" data-element_type=\"container\" data-settings=\"{&quot;jet_parallax_layout_list&quot;:[]}\">\n\t\t\t\t<div class=\"elementor-element elementor-element-a00248e elementor-drop-cap-yes elementor-drop-cap-view-default elementor-widget elementor-widget-text-editor\" data-id=\"a00248e\" data-element_type=\"widget\" data-settings=\"{&quot;drop_cap&quot;:&quot;yes&quot;}\" data-widget_type=\"text-editor.default\">\n\t\t\t\t<div class=\"elementor-widget-container\">\n\t\t\t\t\t\t\t\t\t<p>Royal Garden Beach Hotel&#039;de, t\u00fcm kurumsal s\u00fcre\u00e7lerin \u015feffaf bir \u015fekilde ve ge\u00e7erli yasal ve d\u00fczenleyici gerekliliklere uygun olarak y\u00fcr\u00fct\u00fclmesini sa\u011fl\u0131yoruz. A\u015fa\u011f\u0131da, operasyonlar\u0131m\u0131z\u0131 y\u00f6nlendiren temel kurumsal belgeler ve politikalara genel bir bak\u0131\u015f bulacaks\u0131n\u0131z:<\/p><p><strong>1. \u015eirket Kurulu\u015f Belgeleri<\/strong><br \/>Kurulu\u015f belgelerimiz, Royal Garden Beach Hotel&#039;in yasal \u00e7er\u00e7evesini olu\u015fturur ve misyonumuzu, vizyonumuzu ve kurumsal de\u011ferlerimizi ana hatlar\u0131yla belirtir. Bu belgeler, hizmetlerimizin temelini ve kaliteye olan ba\u011fl\u0131l\u0131\u011f\u0131m\u0131z\u0131 tan\u0131mlar.<\/p><p><strong>2. Davran\u0131\u015f Kurallar\u0131<\/strong><br \/>T\u00fcm operasyonlar\u0131m\u0131zda etik i\u015f uygulamalar\u0131, d\u00fcr\u00fcstl\u00fck ve adaleti garanti eden kat\u0131 bir davran\u0131\u015f kurallar\u0131na ba\u011fl\u0131 kal\u0131yoruz. Davran\u0131\u015f kurallar\u0131m\u0131z, misafirlerimiz, \u00e7al\u0131\u015fanlar\u0131m\u0131z ve i\u015f ortaklar\u0131m\u0131zla olan ili\u015fkimizin temel ta\u015f\u0131d\u0131r.<\/p><p><strong>3. Gizlilik Politikas\u0131<\/strong><br \/>Veri g\u00fcvenli\u011fine olan ba\u011fl\u0131l\u0131\u011f\u0131m\u0131z\u0131n bir par\u00e7as\u0131 olarak, misafirlerimizin ve ortaklar\u0131m\u0131z\u0131n ki\u015fisel bilgilerini korumak i\u00e7in kapsaml\u0131 bir gizlilik politikas\u0131 uygulad\u0131k. Ayr\u0131nt\u0131lar &quot;Gizlilik Politikas\u0131&quot; b\u00f6l\u00fcm\u00fcnde bulunabilir.<\/p><p><strong>4. \u00c7evre Politikas\u0131<\/strong><br \/>Royal Garden Beach Hotel s\u00fcrd\u00fcr\u00fclebilirli\u011fe kendini adam\u0131\u015ft\u0131r. \u00c7evre politikam\u0131z, en y\u00fcksek misafirperverlik standartlar\u0131n\u0131 korurken at\u0131klar\u0131 en aza indirme, enerji tasarrufu yapma ve \u00e7evreyi koruma uygulamalar\u0131n\u0131 i\u00e7erir.<\/p><p><strong>5. Sa\u011fl\u0131k ve G\u00fcvenlik Politikas\u0131<\/strong><br \/>Misafirlerimizin ve \u00e7al\u0131\u015fanlar\u0131m\u0131z\u0131n sa\u011fl\u0131\u011f\u0131na ve g\u00fcvenli\u011fine \u00f6ncelik veriyoruz. Politikam\u0131z uluslararas\u0131 g\u00fcvenlik standartlar\u0131na uyumu sa\u011flayarak herkes i\u00e7in g\u00fcvenli ve konforlu bir ortam yarat\u0131r.<\/p><p><strong>6. Finansal Raporlar<\/strong><br \/>\u015eeffafl\u0131\u011f\u0131 korumak i\u00e7in muhasebe standartlar\u0131na ve d\u00fczenleyici gerekliliklere uyan ayr\u0131nt\u0131l\u0131 mali raporlar haz\u0131rl\u0131yor ve payla\u015f\u0131yoruz. Bu raporlar, i\u015f operasyonlar\u0131m\u0131z ve finansal istikrar\u0131m\u0131z hakk\u0131nda fikir veriyor.<\/p><p><strong>7. Tedarik\u00e7i Davran\u0131\u015f Kurallar\u0131<\/strong><br \/>Etik uygulamalara, s\u00fcrd\u00fcr\u00fclebilirli\u011fe ve kaliteye olan ba\u011fl\u0131l\u0131\u011f\u0131m\u0131z\u0131 payla\u015fan tedarik\u00e7ilerle i\u015f birli\u011fi yap\u0131yoruz. Tedarik\u00e7i davran\u0131\u015f kurallar\u0131m\u0131z, i\u015f\u00e7ilik, g\u00fcvenlik ve \u00e7evre uygulamalar\u0131yla ilgili beklentileri ana hatlar\u0131yla belirtir.<\/p><p><strong>8. Uyumluluk ve Yasal Politikalar<\/strong><br \/>Uyumluluk ve yasal politikalar\u0131m\u0131z, payda\u015flar\u0131m\u0131z\u0131n \u00e7\u0131karlar\u0131n\u0131 koruyarak yerel ve uluslararas\u0131 yasalar \u00e7er\u00e7evesinde faaliyet g\u00f6stermemizi sa\u011flar.<\/p><p><strong>9. \u00c7al\u0131\u015fan El Kitab\u0131<\/strong><br \/>\u00c7al\u0131\u015fan el kitab\u0131m\u0131z, ekip \u00fcyelerimizin hak ve sorumluluklar\u0131n\u0131 ana hatlar\u0131yla a\u00e7\u0131klayarak, sayg\u0131l\u0131 ve kapsay\u0131c\u0131 bir i\u015f yeri k\u00fclt\u00fcr\u00fc olu\u015fturulmas\u0131n\u0131 sa\u011flar.<\/p><p><strong>Bize Ula\u015f\u0131n<\/strong><br \/>Kurumsal belgelerimizle ilgili sorular\u0131n\u0131z veya daha fazla bilgi i\u00e7in l\u00fctfen bizimle ileti\u015fime ge\u00e7in:<\/p><ul><li><strong>Adres:<\/strong> Konakl\u0131, G\u00fc\u00e7o\u011flu Sokak 5\/A, 07490 Alanya\/Antalya, T\u00fcrkiye<\/li><li><strong>E-posta:<\/strong> <a rel=\"noopener\">info@royalgardenbeach.com<\/a><\/li><li><strong>Telefon:<\/strong> +90 (242) 268 07 70<\/li><\/ul><p>Royal Garden Beach Hotel, operasyonlar\u0131m\u0131z\u0131n t\u00fcm y\u00f6nlerinde \u015feffafl\u0131\u011fa ve m\u00fckemmelli\u011fe adanm\u0131\u015ft\u0131r. Geri bildirimlerinizi memnuniyetle kar\u015f\u0131l\u0131yoruz ve talep \u00fczerine daha fazla belge sa\u011flamaktan mutluluk duyar\u0131z.<\/p>\t\t\t\t\t\t\t\t<\/div>\n\t\t\t\t<\/div>\n\t\t\t\t<\/div>\n\t\t\t\t\t<\/div>\n\t\t\t\t<\/div>\n\t\t\t\t<\/div>","protected":false},"excerpt":{"rendered":"<p>Kurumsal Belgeler Royal Garden Beach Hotel&#039;de, t\u00fcm kurumsal s\u00fcre\u00e7lerin \u015feffaf bir \u015fekilde ve y\u00fcr\u00fcrl\u00fckteki yasal ve d\u00fczenleyici gerekliliklere uygun olarak y\u00fcr\u00fct\u00fclmesini sa\u011fl\u0131yoruz. A\u015fa\u011f\u0131da, faaliyetlerimizi y\u00f6nlendiren temel kurumsal belge ve politikalara genel bir bak\u0131\u015f bulacaks\u0131n\u0131z: 1. Kurulu\u015f Belgeleri Kurulu\u015f belgelerimiz, Royal Garden Beach Hotel&#039;in yasal \u00e7er\u00e7evesini olu\u015fturur [\u2026]<\/p>","protected":false},"author":1,"featured_media":0,"parent":0,"menu_order":0,"comment_status":"closed","ping_status":"closed","template":"elementor_header_footer","meta":{"_acf_changed":false,"footnotes":""},"class_list":["post-1359","page","type-page","status-publish","hentry"],"acf":[],"_links":{"self":[{"href":"https:\/\/royalgardenbeach.com\/tr\/wp-json\/wp\/v2\/pages\/1359","targetHints":{"allow":["GET"]}}],"collection":[{"href":"https:\/\/royalgardenbeach.com\/tr\/wp-json\/wp\/v2\/pages"}],"about":[{"href":"https:\/\/royalgardenbeach.com\/tr\/wp-json\/wp\/v2\/types\/page"}],"author":[{"embeddable":true,"href":"https:\/\/royalgardenbeach.com\/tr\/wp-json\/wp\/v2\/users\/1"}],"replies":[{"embeddable":true,"href":"https:\/\/royalgardenbeach.com\/tr\/wp-json\/wp\/v2\/comments?post=1359"}],"version-history":[{"count":46,"href":"https:\/\/royalgardenbeach.com\/tr\/wp-json\/wp\/v2\/pages\/1359\/revisions"}],"predecessor-version":[{"id":2227,"href":"https:\/\/royalgardenbeach.com\/tr\/wp-json\/wp\/v2\/pages\/1359\/revisions\/2227"}],"wp:attachment":[{"href":"https:\/\/royalgardenbeach.com\/tr\/wp-json\/wp\/v2\/media?parent=1359"}],"curies":[{"name":"wp","href":"https:\/\/api.w.org\/{rel}","templated":true}]}}