{"id":2087,"date":"2025-08-09T13:49:13","date_gmt":"2025-08-09T10:49:13","guid":{"rendered":"https:\/\/royalgardenbeach.com\/?page_id=2087"},"modified":"2025-08-09T23:12:43","modified_gmt":"2025-08-09T20:12:43","slug":"accessible-room-disabled-friendly","status":"publish","type":"page","link":"https:\/\/royalgardenbeach.com\/tr\/accessible-room-disabled-friendly\/","title":{"rendered":"Engelli Odas\u0131 (Engelli Dostu)"},"content":{"rendered":"<div data-elementor-type=\"wp-page\" data-elementor-id=\"2087\" class=\"elementor elementor-2087\">\n\t\t\t\t<div class=\"elementor-element elementor-element-cc84fa3 e-flex e-con-boxed e-con e-parent\" data-id=\"cc84fa3\" data-element_type=\"container\" data-settings=\"{&quot;background_background&quot;:&quot;classic&quot;,&quot;jet_parallax_layout_list&quot;:[]}\">\n\t\t\t\t\t<div class=\"e-con-inner\">\n\t\t\t\t<div class=\"elementor-element elementor-element-c8f9f24 elementor-widget elementor-widget-heading\" data-id=\"c8f9f24\" data-element_type=\"widget\" data-widget_type=\"heading.default\">\n\t\t\t\t<div class=\"elementor-widget-container\">\n\t\t\t\t\t<h2 class=\"elementor-heading-title elementor-size-default\">Eri\u015filebilir Oda<\/h2>\t\t\t\t<\/div>\n\t\t\t\t<\/div>\n\t\t\t\t\t<\/div>\n\t\t\t\t<\/div>\n\t\t<div class=\"elementor-element elementor-element-fc89442 e-flex e-con-boxed elementor-invisible e-con e-parent\" data-id=\"fc89442\" data-element_type=\"container\" data-settings=\"{&quot;jet_parallax_layout_list&quot;:[],&quot;animation&quot;:&quot;fadeInUp&quot;}\">\n\t\t\t\t\t<div class=\"e-con-inner\">\n\t\t\t\t<div class=\"elementor-element elementor-element-1b89ef8 raven-heading--style-rotate elementor-widget elementor-widget-raven-animated-heading\" data-id=\"1b89ef8\" data-element_type=\"widget\" data-settings=\"{&quot;heading_style&quot;:&quot;rotate&quot;,&quot;rotating_text&quot;:&quot;touch\\nfeeling\\nessence\\ncharm\\naura&quot;,&quot;animation_type&quot;:&quot;clip&quot;,&quot;loop&quot;:&quot;yes&quot;,&quot;rotate_iteration_delay&quot;:2500}\" data-widget_type=\"raven-animated-heading.default\">\n\t\t\t\t<div class=\"elementor-widget-container\">\n\t\t\t\t\t\t\t<h3 class=\"raven-heading raven-heading-animation-type-clip\">\r\n\t\t\t\t\t<span class=\"raven-heading-plain-text raven-heading-text-wrapper\">Kraliyet deneyimini ya\u015fay\u0131n<\/span>\r\n\t\t\t\t<span class=\"raven-heading-dynamic-wrapper raven-heading-text-wrapper\">\r\n\t\t\t\t\t\t<span class=\"raven-heading-dynamic-text raven-heading-text-active\">\r\n\t\t\t\t\t<br>\t\t\t\t<\/span>\r\n\t\t\t\t\t\t\t<span class=\"raven-heading-dynamic-text\">\r\n\t\t\t\t\t<br>\t\t\t\t<\/span>\r\n\t\t\t\t\t\t\t<span class=\"raven-heading-dynamic-text\">\r\n\t\t\t\t\t<br>\t\t\t\t<\/span>\r\n\t\t\t\t\t\t\t<span class=\"raven-heading-dynamic-text\">\r\n\t\t\t\t\t<br>\t\t\t\t<\/span>\r\n\t\t\t\t\t\t\t<span class=\"raven-heading-dynamic-text\">\r\n\t\t\t\t\t<br>\t\t\t\t<\/span>\r\n\t\t\t\t\t\t\t<\/span>\r\n\t\t\t\t\t<span class=\"raven-heading-plain-text raven-heading-text-wrapper\">her ayr\u0131nt\u0131s\u0131yla.<\/span>\r\n\t\t\t\t<\/h3>\r\n\t\t\t\t\t\t<\/div>\n\t\t\t\t<\/div>\n\t\t\t\t\t<\/div>\n\t\t\t\t<\/div>\n\t\t<div class=\"elementor-element elementor-element-86aa21c e-flex e-con-boxed e-con e-parent\" data-id=\"86aa21c\" data-element_type=\"container\" data-settings=\"{&quot;jet_parallax_layout_list&quot;:[]}\">\n\t\t\t\t\t<div class=\"e-con-inner\">\n\t\t<div class=\"elementor-element elementor-element-5dc64ff e-con-full e-flex elementor-invisible e-con e-child\" data-id=\"5dc64ff\" data-element_type=\"container\" data-settings=\"{&quot;jet_parallax_layout_list&quot;:[],&quot;animation&quot;:&quot;fadeInRight&quot;}\">\n\t\t\t\t<div class=\"elementor-element elementor-element-53f5631 elementor-widget elementor-widget-image\" data-id=\"53f5631\" data-element_type=\"widget\" data-widget_type=\"image.default\">\n\t\t\t\t<div class=\"elementor-widget-container\">\n\t\t\t\t\t\t\t\t\t\t\t\t\t\t\t<img fetchpriority=\"high\" decoding=\"async\" width=\"1024\" height=\"683\" src=\"https:\/\/royalgardenbeach.com\/wp-content\/uploads\/2025\/01\/Premium-Bina-Standart-Oda-03-Orta_Boyut-1024x683.webp\" class=\"attachment-large size-large wp-image-941\" alt=\"\" srcset=\"https:\/\/royalgardenbeach.com\/wp-content\/uploads\/2025\/01\/Premium-Bina-Standart-Oda-03-Orta_Boyut-1024x683.webp 1024w, https:\/\/royalgardenbeach.com\/wp-content\/uploads\/2025\/01\/Premium-Bina-Standart-Oda-03-Orta_Boyut-300x200.webp 300w, https:\/\/royalgardenbeach.com\/wp-content\/uploads\/2025\/01\/Premium-Bina-Standart-Oda-03-Orta_Boyut-768x512.webp 768w, https:\/\/royalgardenbeach.com\/wp-content\/uploads\/2025\/01\/Premium-Bina-Standart-Oda-03-Orta_Boyut-1536x1024.webp 1536w, https:\/\/royalgardenbeach.com\/wp-content\/uploads\/2025\/01\/Premium-Bina-Standart-Oda-03-Orta_Boyut-2048x1366.webp 2048w, https:\/\/royalgardenbeach.com\/wp-content\/uploads\/2025\/01\/Premium-Bina-Standart-Oda-03-Orta_Boyut-18x12.webp 18w\" sizes=\"(max-width: 1024px) 100vw, 1024px\" \/>\t\t\t\t\t\t\t\t\t\t\t\t\t\t\t<\/div>\n\t\t\t\t<\/div>\n\t\t\t\t<\/div>\n\t\t<div class=\"elementor-element elementor-element-9765f53 e-con-full e-flex elementor-invisible e-con e-child\" data-id=\"9765f53\" data-element_type=\"container\" data-settings=\"{&quot;jet_parallax_layout_list&quot;:[],&quot;animation&quot;:&quot;fadeInLeft&quot;}\">\n\t\t\t\t<div class=\"elementor-element elementor-element-5f39273 elementor-widget elementor-widget-text-editor\" data-id=\"5f39273\" data-element_type=\"widget\" data-widget_type=\"text-editor.default\">\n\t\t\t\t<div class=\"elementor-widget-container\">\n\t\t\t\t\t\t\t\t\t<h3>Premium Engelli Odas\u0131 (Engelli Dostu)<\/h3><p data-start=\"185\" data-end=\"496\">Eri\u015filebilirlik ve konfor d\u00fc\u015f\u00fcn\u00fclerek tasarlanan Engelli Odam\u0131z, hareket kabiliyeti k\u0131s\u0131tl\u0131 konuklar\u0131n ihtiya\u00e7lar\u0131n\u0131 kar\u015f\u0131lamak \u00fczere tasarlanm\u0131\u015f, ferah ve i\u015flevsel 42 metrekarelik bir d\u00fczen sunmaktad\u0131r. Kolay eri\u015fim i\u00e7in elveri\u015fli bir konumda bulunan oda, stil veya konfordan \u00f6d\u00fcn vermeden engelsiz bir ortam sunmaktad\u0131r.<\/p><p data-start=\"498\" data-end=\"823\">\u00d6zenle d\u00fczenlenmi\u015f bu alan, iki ki\u015fiye kadar konaklama imkan\u0131 sunmakta olup geni\u015f bir giri\u015f kap\u0131s\u0131, geni\u015f manevra alan\u0131 ve \u00f6zel mobilyalarla donat\u0131lm\u0131\u015ft\u0131r. Yatak odas\u0131nda konforlu bir \u00e7ift ki\u015filik yatak (veya talep \u00fczerine iki ayr\u0131 yatak se\u00e7ene\u011fi) bulunurken, banyoda tekerlekli sandalye ile girilebilen du\u015f, tutunma barlar\u0131 ve kullan\u0131m kolayl\u0131\u011f\u0131 sa\u011flayan bir alt lavabo bulunmaktad\u0131r.<\/p>\t\t\t\t\t\t\t\t<\/div>\n\t\t\t\t<\/div>\n\t\t\t\t<\/div>\n\t\t\t\t\t<\/div>\n\t\t\t\t<\/div>\n\t\t<div class=\"elementor-element elementor-element-edc9875 e-flex e-con-boxed e-con e-parent\" data-id=\"edc9875\" data-element_type=\"container\" data-settings=\"{&quot;jet_parallax_layout_list&quot;:[]}\">\n\t\t\t\t\t<div class=\"e-con-inner\">\n\t\t<div class=\"elementor-element elementor-element-3881c76 e-con-full e-flex elementor-invisible e-con e-child\" data-id=\"3881c76\" data-element_type=\"container\" data-settings=\"{&quot;jet_parallax_layout_list&quot;:[],&quot;animation&quot;:&quot;fadeInLeft&quot;}\">\n\t\t\t\t<div class=\"elementor-element elementor-element-ff05ba5 elementor-widget elementor-widget-text-editor\" data-id=\"ff05ba5\" data-element_type=\"widget\" data-widget_type=\"text-editor.default\">\n\t\t\t\t<div class=\"elementor-widget-container\">\n\t\t\t\t\t\t\t\t\t<p>Kaymayan zemin, eri\u015filebilir \u0131\u015f\u0131k anahtarlar\u0131 ve a\u00e7\u0131k plan d\u00fczeni gibi ek \u00f6zellikler hem g\u00fcvenli\u011fi hem de rahatl\u0131\u011f\u0131 garanti ediyor. Her ayr\u0131nt\u0131, konaklaman\u0131z\u0131 olabildi\u011fince rahatlat\u0131c\u0131 ve keyifli hale getirmek i\u00e7in ba\u011f\u0131ms\u0131zl\u0131k ve g\u00f6n\u00fcl rahatl\u0131\u011f\u0131 sa\u011flayacak \u015fekilde tasarland\u0131.<\/p><p>Odada daha fazla ba\u011f\u0131ms\u0131zl\u0131k i\u00e7in geni\u015fletilmi\u015f kap\u0131lar ve balkon\/teras dahil t\u00fcm alanlar aras\u0131nda basamaks\u0131z ge\u00e7i\u015fler bulunmaktad\u0131r. Banyoda katlan\u0131r oturma yeri olan tekerlekli du\u015f, stratejik olarak yerle\u015ftirilmi\u015f tutma \u00e7ubuklar\u0131, el du\u015fu ba\u015fl\u0131\u011f\u0131 ve al\u00e7alt\u0131lm\u0131\u015f bir makyaj aynas\u0131 bulunmaktad\u0131r. Kaymaz seramik zemin ve anahtarlar, prizler ve kulplar etraf\u0131ndaki belirgin kontrastlar, konaklaman\u0131z boyunca g\u00fcvenli ve sezgisel hareket etmenizi sa\u011flar.<\/p>\t\t\t\t\t\t\t\t<\/div>\n\t\t\t\t<\/div>\n\t\t\t\t<\/div>\n\t\t<div class=\"elementor-element elementor-element-570b792 e-con-full e-flex elementor-invisible e-con e-child\" data-id=\"570b792\" data-element_type=\"container\" data-settings=\"{&quot;jet_parallax_layout_list&quot;:[],&quot;animation&quot;:&quot;fadeInRight&quot;}\">\n\t\t\t\t<div class=\"elementor-element elementor-element-ff6bd6a elementor-widget elementor-widget-image\" data-id=\"ff6bd6a\" data-element_type=\"widget\" data-widget_type=\"image.default\">\n\t\t\t\t<div class=\"elementor-widget-container\">\n\t\t\t\t\t\t\t\t\t\t\t\t\t\t\t<img decoding=\"async\" width=\"1024\" height=\"683\" src=\"https:\/\/royalgardenbeach.com\/wp-content\/uploads\/2025\/08\/IMG_7586-1024x683.png\" class=\"attachment-large size-large wp-image-2091\" alt=\"\" srcset=\"https:\/\/royalgardenbeach.com\/wp-content\/uploads\/2025\/08\/IMG_7586-1024x683.png 1024w, https:\/\/royalgardenbeach.com\/wp-content\/uploads\/2025\/08\/IMG_7586-300x200.png 300w, https:\/\/royalgardenbeach.com\/wp-content\/uploads\/2025\/08\/IMG_7586-768x512.png 768w, https:\/\/royalgardenbeach.com\/wp-content\/uploads\/2025\/08\/IMG_7586-1536x1024.png 1536w, https:\/\/royalgardenbeach.com\/wp-content\/uploads\/2025\/08\/IMG_7586-2048x1366.png 2048w, https:\/\/royalgardenbeach.com\/wp-content\/uploads\/2025\/08\/IMG_7586-18x12.png 18w\" sizes=\"(max-width: 1024px) 100vw, 1024px\" \/>\t\t\t\t\t\t\t\t\t\t\t\t\t\t\t<\/div>\n\t\t\t\t<\/div>\n\t\t\t\t<\/div>\n\t\t\t\t\t<\/div>\n\t\t\t\t<\/div>\n\t\t<div class=\"elementor-element elementor-element-0b7a29d e-flex e-con-boxed e-con e-parent\" data-id=\"0b7a29d\" data-element_type=\"container\" data-settings=\"{&quot;jet_parallax_layout_list&quot;:[]}\">\n\t\t\t\t\t<div class=\"e-con-inner\">\n\t\t<div class=\"elementor-element elementor-element-ca3cbdb e-con-full e-flex elementor-invisible e-con e-child\" data-id=\"ca3cbdb\" data-element_type=\"container\" data-settings=\"{&quot;jet_parallax_layout_list&quot;:[],&quot;animation&quot;:&quot;fadeInLeft&quot;}\">\n\t\t\t\t<div class=\"elementor-element elementor-element-85c84c8 elementor-widget elementor-widget-image\" data-id=\"85c84c8\" data-element_type=\"widget\" data-widget_type=\"image.default\">\n\t\t\t\t<div class=\"elementor-widget-container\">\n\t\t\t\t\t\t\t\t\t\t\t\t\t\t\t<img decoding=\"async\" width=\"1024\" height=\"683\" src=\"https:\/\/royalgardenbeach.com\/wp-content\/uploads\/2025\/08\/IMG_7591-1024x683.png\" class=\"attachment-large size-large wp-image-2092\" alt=\"\" srcset=\"https:\/\/royalgardenbeach.com\/wp-content\/uploads\/2025\/08\/IMG_7591-1024x683.png 1024w, https:\/\/royalgardenbeach.com\/wp-content\/uploads\/2025\/08\/IMG_7591-300x200.png 300w, https:\/\/royalgardenbeach.com\/wp-content\/uploads\/2025\/08\/IMG_7591-768x512.png 768w, https:\/\/royalgardenbeach.com\/wp-content\/uploads\/2025\/08\/IMG_7591-1536x1024.png 1536w, https:\/\/royalgardenbeach.com\/wp-content\/uploads\/2025\/08\/IMG_7591-2048x1366.png 2048w, https:\/\/royalgardenbeach.com\/wp-content\/uploads\/2025\/08\/IMG_7591-18x12.png 18w\" sizes=\"(max-width: 1024px) 100vw, 1024px\" \/>\t\t\t\t\t\t\t\t\t\t\t\t\t\t\t<\/div>\n\t\t\t\t<\/div>\n\t\t\t\t<\/div>\n\t\t<div class=\"elementor-element elementor-element-85f7059 e-con-full e-flex elementor-invisible e-con e-child\" data-id=\"85f7059\" data-element_type=\"container\" data-settings=\"{&quot;jet_parallax_layout_list&quot;:[],&quot;animation&quot;:&quot;fadeInRight&quot;}\">\n\t\t\t\t<div class=\"elementor-element elementor-element-32c24a6 elementor-widget elementor-widget-text-editor\" data-id=\"32c24a6\" data-element_type=\"widget\" data-widget_type=\"text-editor.default\">\n\t\t\t\t<div class=\"elementor-widget-container\">\n\t\t\t\t\t\t\t\t\t<p data-start=\"503\" data-end=\"889\">Eri\u015fim, odan\u0131n \u00f6tesine uzan\u0131r: Basamaks\u0131z yollar sizi lobiye, restorana, havuz alan\u0131na ve asans\u00f6re ba\u011flar. Giri\u015fin yak\u0131n\u0131nda \u00f6ncelikli park yerleri ve eri\u015filebilir bir b\u0131rakma noktas\u0131 mevcuttur. G\u00f6rsel ve sesli alarmlar, ba\u015fucu acil durum \u00e7a\u011fr\u0131 sistemi ve al\u00e7alt\u0131lm\u0131\u015f resepsiyon ve b\u00fcfe b\u00f6l\u00fcmleri (mevcut olan yerlerde), t\u00fcm \u00f6nemli temas noktalar\u0131nda konfor ve g\u00fcven sa\u011flar.<\/p><p data-start=\"891\" data-end=\"1315\" data-is-last-node=\"\" data-is-only-node=\"\">Talep \u00fczerine, m\u00fcsaitlik durumuna ba\u011fl\u0131 olarak du\u015f sandalyesi, y\u00fckseltilmi\u015f klozet kapa\u011f\u0131, portatif rampa, titre\u015fimli alarm\/kap\u0131 zili ve tekerlekli sandalye dostu \u00e7al\u0131\u015fma sandalyesi gibi yard\u0131mc\u0131 ekipmanlar sa\u011flayabiliriz. Ekibimiz, bagaj ve oda d\u00fczenleme konusunda gizli yard\u0131m sunmak \u00fczere e\u011fitilmi\u015ftir ve var\u0131\u015f\u0131n\u0131zdan \u00f6nce \u00f6zel gereksinimlerinizi \u00f6nceden ayarlamaktan memnuniyet duyar\u0131z. Her ayr\u0131nt\u0131y\u0131 ihtiya\u00e7lar\u0131n\u0131za g\u00f6re ayarlayabilmemiz i\u00e7in tercihlerinizi bize bildirmeniz yeterlidir.<\/p>\t\t\t\t\t\t\t\t<\/div>\n\t\t\t\t<\/div>\n\t\t\t\t<\/div>\n\t\t\t\t\t<\/div>\n\t\t\t\t<\/div>\n\t\t<div class=\"elementor-element elementor-element-5f6f8f5 e-flex e-con-boxed elementor-invisible e-con e-parent\" data-id=\"5f6f8f5\" data-element_type=\"container\" data-settings=\"{&quot;jet_parallax_layout_list&quot;:[],&quot;animation&quot;:&quot;fadeInUp&quot;}\">\n\t\t\t\t\t<div class=\"e-con-inner\">\n\t\t\t\t<div class=\"elementor-element elementor-element-6c6447e elementor-icon-list--layout-inline elementor-align-center elementor-list-item-link-full_width elementor-widget elementor-widget-icon-list\" data-id=\"6c6447e\" data-element_type=\"widget\" data-widget_type=\"icon-list.default\">\n\t\t\t\t<div class=\"elementor-widget-container\">\n\t\t\t\t\t\t\t<ul class=\"elementor-icon-list-items elementor-inline-items\">\n\t\t\t\t\t\t\t<li class=\"elementor-icon-list-item elementor-inline-item\">\n\t\t\t\t\t\t\t\t\t\t\t<span class=\"elementor-icon-list-icon\">\n\t\t\t\t\t\t\t<svg aria-hidden=\"true\" class=\"e-font-icon-svg e-fas-archway\" viewbox=\"0 0 576 512\" xmlns=\"http:\/\/www.w3.org\/2000\/svg\"><path d=\"M560 448h-16V96H32v352H16.02c-8.84 0-16 7.16-16 16v32c0 8.84 7.16 16 16 16H176c8.84 0 16-7.16 16-16V320c0-53.02 42.98-96 96-96s96 42.98 96 96l.02 160v16c0 8.84 7.16 16 16 16H560c8.84 0 16-7.16 16-16v-32c0-8.84-7.16-16-16-16zm0-448H16C7.16 0 0 7.16 0 16v32c0 8.84 7.16 16 16 16h544c8.84 0 16-7.16 16-16V16c0-8.84-7.16-16-16-16z\"><\/path><\/svg>\t\t\t\t\t\t<\/span>\n\t\t\t\t\t\t\t\t\t\t<span class=\"elementor-icon-list-text\">Balkon<\/span>\n\t\t\t\t\t\t\t\t\t<\/li>\n\t\t\t\t\t\t\t\t<li class=\"elementor-icon-list-item elementor-inline-item\">\n\t\t\t\t\t\t\t\t\t\t\t<span class=\"elementor-icon-list-icon\">\n\t\t\t\t\t\t\t<svg aria-hidden=\"true\" class=\"e-font-icon-svg e-fas-fan\" viewbox=\"0 0 512 512\" xmlns=\"http:\/\/www.w3.org\/2000\/svg\"><path d=\"M352.57 128c-28.09 0-54.09 4.52-77.06 12.86l12.41-123.11C289 7.31 279.81-1.18 269.33.13 189.63 10.13 128 77.64 128 159.43c0 28.09 4.52 54.09 12.86 77.06L17.75 224.08C7.31 223-1.18 232.19.13 242.67c10 79.7 77.51 141.33 159.3 141.33 28.09 0 54.09-4.52 77.06-12.86l-12.41 123.11c-1.05 10.43 8.11 18.93 18.59 17.62 79.7-10 141.33-77.51 141.33-159.3 0-28.09-4.52-54.09-12.86-77.06l123.11 12.41c10.44 1.05 18.93-8.11 17.62-18.59-10-79.7-77.51-141.33-159.3-141.33zM256 288a32 32 0 1 1 32-32 32 32 0 0 1-32 32z\"><\/path><\/svg>\t\t\t\t\t\t<\/span>\n\t\t\t\t\t\t\t\t\t\t<span class=\"elementor-icon-list-text\">Klima<\/span>\n\t\t\t\t\t\t\t\t\t<\/li>\n\t\t\t\t\t\t\t\t<li class=\"elementor-icon-list-item elementor-inline-item\">\n\t\t\t\t\t\t\t\t\t\t\t<span class=\"elementor-icon-list-icon\">\n\t\t\t\t\t\t\t<svg aria-hidden=\"true\" class=\"e-font-icon-svg e-fas-wifi\" viewbox=\"0 0 640 512\" xmlns=\"http:\/\/www.w3.org\/2000\/svg\"><path d=\"M634.91 154.88C457.74-8.99 182.19-8.93 5.09 154.88c-6.66 6.16-6.79 16.59-.35 22.98l34.24 33.97c6.14 6.1 16.02 6.23 22.4.38 145.92-133.68 371.3-133.71 517.25 0 6.38 5.85 16.26 5.71 22.4-.38l34.24-33.97c6.43-6.39 6.3-16.82-.36-22.98zM320 352c-35.35 0-64 28.65-64 64s28.65 64 64 64 64-28.65 64-64-28.65-64-64-64zm202.67-83.59c-115.26-101.93-290.21-101.82-405.34 0-6.9 6.1-7.12 16.69-.57 23.15l34.44 33.99c6 5.92 15.66 6.32 22.05.8 83.95-72.57 209.74-72.41 293.49 0 6.39 5.52 16.05 5.13 22.05-.8l34.44-33.99c6.56-6.46 6.33-17.06-.56-23.15z\"><\/path><\/svg>\t\t\t\t\t\t<\/span>\n\t\t\t\t\t\t\t\t\t\t<span class=\"elementor-icon-list-text\">Kablosuz<\/span>\n\t\t\t\t\t\t\t\t\t<\/li>\n\t\t\t\t\t\t\t\t<li class=\"elementor-icon-list-item elementor-inline-item\">\n\t\t\t\t\t\t\t\t\t\t\t<span class=\"elementor-icon-list-icon\">\n\t\t\t\t\t\t\t<svg aria-hidden=\"true\" class=\"e-font-icon-svg e-fas-coffee\" viewbox=\"0 0 640 512\" xmlns=\"http:\/\/www.w3.org\/2000\/svg\"><path d=\"M192 384h192c53 0 96-43 96-96h32c70.6 0 128-57.4 128-128S582.6 32 512 32H120c-13.3 0-24 10.7-24 24v232c0 53 43 96 96 96zM512 96c35.3 0 64 28.7 64 64s-28.7 64-64 64h-32V96h32zm47.7 384H48.3c-47.6 0-61-64-36-64h583.3c25 0 11.8 64-35.9 64z\"><\/path><\/svg>\t\t\t\t\t\t<\/span>\n\t\t\t\t\t\t\t\t\t\t<span class=\"elementor-icon-list-text\">Kahve<\/span>\n\t\t\t\t\t\t\t\t\t<\/li>\n\t\t\t\t\t\t\t\t<li class=\"elementor-icon-list-item elementor-inline-item\">\n\t\t\t\t\t\t\t\t\t\t\t<span class=\"elementor-icon-list-icon\">\n\t\t\t\t\t\t\t<svg aria-hidden=\"true\" class=\"e-font-icon-svg e-fas-toilet\" viewbox=\"0 0 384 512\" xmlns=\"http:\/\/www.w3.org\/2000\/svg\"><path d=\"M368 48c8.8 0 16-7.2 16-16V16c0-8.8-7.2-16-16-16H16C7.2 0 0 7.2 0 16v16c0 8.8 7.2 16 16 16h16v156.7C11.8 214.8 0 226.9 0 240c0 67.2 34.6 126.2 86.8 160.5l-21.4 70.2C59.1 491.2 74.5 512 96 512h192c21.5 0 36.9-20.8 30.6-41.3l-21.4-70.2C349.4 366.2 384 307.2 384 240c0-13.1-11.8-25.2-32-35.3V48h16zM80 72c0-4.4 3.6-8 8-8h48c4.4 0 8 3.6 8 8v16c0 4.4-3.6 8-8 8H88c-4.4 0-8-3.6-8-8V72zm112 200c-77.1 0-139.6-14.3-139.6-32s62.5-32 139.6-32 139.6 14.3 139.6 32-62.5 32-139.6 32z\"><\/path><\/svg>\t\t\t\t\t\t<\/span>\n\t\t\t\t\t\t\t\t\t\t<span class=\"elementor-icon-list-text\">WC<\/span>\n\t\t\t\t\t\t\t\t\t<\/li>\n\t\t\t\t\t\t<\/ul>\n\t\t\t\t\t\t<\/div>\n\t\t\t\t<\/div>\n\t\t\t\t\t<\/div>\n\t\t\t\t<\/div>\n\t\t\t\t<\/div>","protected":false},"excerpt":{"rendered":"<p>Engelli Odas\u0131 Her ayr\u0131nt\u0131da kraliyet dokunu\u015funu hissedin ve cazibeli bir atmosfer yarat\u0131n. Premium Engelli Odas\u0131 (Engelli Dostu) Eri\u015filebilirlik ve konfor d\u00fc\u015f\u00fcn\u00fclerek tasarlanan Engelli Odam\u0131z, hareket kabiliyeti k\u0131s\u0131tl\u0131 konuklar\u0131n ihtiya\u00e7lar\u0131n\u0131 kar\u015f\u0131lamak \u00fczere tasarlanm\u0131\u015f, ferah ve i\u015flevsel 42 metrekarelik bir alan sunmaktad\u0131r. Kolay eri\u015fim i\u00e7in elveri\u015fli bir konumda bulunan oda, engelsiz bir [\u2026]<\/p>","protected":false},"author":1,"featured_media":0,"parent":0,"menu_order":0,"comment_status":"closed","ping_status":"closed","template":"elementor_header_footer","meta":{"_acf_changed":false,"footnotes":""},"class_list":["post-2087","page","type-page","status-publish","hentry"],"acf":[],"_links":{"self":[{"href":"https:\/\/royalgardenbeach.com\/tr\/wp-json\/wp\/v2\/pages\/2087","targetHints":{"allow":["GET"]}}],"collection":[{"href":"https:\/\/royalgardenbeach.com\/tr\/wp-json\/wp\/v2\/pages"}],"about":[{"href":"https:\/\/royalgardenbeach.com\/tr\/wp-json\/wp\/v2\/types\/page"}],"author":[{"embeddable":true,"href":"https:\/\/royalgardenbeach.com\/tr\/wp-json\/wp\/v2\/users\/1"}],"replies":[{"embeddable":true,"href":"https:\/\/royalgardenbeach.com\/tr\/wp-json\/wp\/v2\/comments?post=2087"}],"version-history":[{"count":7,"href":"https:\/\/royalgardenbeach.com\/tr\/wp-json\/wp\/v2\/pages\/2087\/revisions"}],"predecessor-version":[{"id":2115,"href":"https:\/\/royalgardenbeach.com\/tr\/wp-json\/wp\/v2\/pages\/2087\/revisions\/2115"}],"wp:attachment":[{"href":"https:\/\/royalgardenbeach.com\/tr\/wp-json\/wp\/v2\/media?parent=2087"}],"curies":[{"name":"wp","href":"https:\/\/api.w.org\/{rel}","templated":true}]}}