{"id":2118,"date":"2025-08-09T23:15:24","date_gmt":"2025-08-09T20:15:24","guid":{"rendered":"https:\/\/royalgardenbeach.com\/?page_id=2118"},"modified":"2025-08-09T23:20:08","modified_gmt":"2025-08-09T20:20:08","slug":"family-1-accessible-room-disabled-friendly","status":"publish","type":"page","link":"https:\/\/royalgardenbeach.com\/tr\/family-1-accessible-room-disabled-friendly\/","title":{"rendered":"Aile 1 Engelli Odas\u0131 (Engelli Dostu)"},"content":{"rendered":"<div data-elementor-type=\"wp-page\" data-elementor-id=\"2118\" class=\"elementor elementor-2118\">\n\t\t\t\t<div class=\"elementor-element elementor-element-fd5ef11 e-flex e-con-boxed e-con e-parent\" data-id=\"fd5ef11\" data-element_type=\"container\" data-settings=\"{&quot;background_background&quot;:&quot;classic&quot;,&quot;jet_parallax_layout_list&quot;:[]}\">\n\t\t\t\t\t<div class=\"e-con-inner\">\n\t\t\t\t<div class=\"elementor-element elementor-element-f4933f8 elementor-widget elementor-widget-heading\" data-id=\"f4933f8\" data-element_type=\"widget\" data-widget_type=\"heading.default\">\n\t\t\t\t<div class=\"elementor-widget-container\">\n\t\t\t\t\t<h2 class=\"elementor-heading-title elementor-size-default\">Aile 1 Engelli Odas\u0131 (Engelli Dostu)<\/h2>\t\t\t\t<\/div>\n\t\t\t\t<\/div>\n\t\t\t\t\t<\/div>\n\t\t\t\t<\/div>\n\t\t<div class=\"elementor-element elementor-element-99b4a38 e-flex e-con-boxed elementor-invisible e-con e-parent\" data-id=\"99b4a38\" data-element_type=\"container\" data-settings=\"{&quot;jet_parallax_layout_list&quot;:[],&quot;animation&quot;:&quot;fadeInUp&quot;}\">\n\t\t\t\t\t<div class=\"e-con-inner\">\n\t\t\t\t<div class=\"elementor-element elementor-element-0009ee6 raven-heading--style-rotate elementor-widget elementor-widget-raven-animated-heading\" data-id=\"0009ee6\" data-element_type=\"widget\" data-settings=\"{&quot;heading_style&quot;:&quot;rotate&quot;,&quot;rotating_text&quot;:&quot;touch\\nfeeling\\nessence\\ncharm\\naura&quot;,&quot;animation_type&quot;:&quot;clip&quot;,&quot;loop&quot;:&quot;yes&quot;,&quot;rotate_iteration_delay&quot;:2500}\" data-widget_type=\"raven-animated-heading.default\">\n\t\t\t\t<div class=\"elementor-widget-container\">\n\t\t\t\t\t\t\t<h3 class=\"raven-heading raven-heading-animation-type-clip\">\r\n\t\t\t\t\t<span class=\"raven-heading-plain-text raven-heading-text-wrapper\">Kraliyet deneyimini ya\u015fay\u0131n<\/span>\r\n\t\t\t\t<span class=\"raven-heading-dynamic-wrapper raven-heading-text-wrapper\">\r\n\t\t\t\t\t\t<span class=\"raven-heading-dynamic-text raven-heading-text-active\">\r\n\t\t\t\t\t<br>\t\t\t\t<\/span>\r\n\t\t\t\t\t\t\t<span class=\"raven-heading-dynamic-text\">\r\n\t\t\t\t\t<br>\t\t\t\t<\/span>\r\n\t\t\t\t\t\t\t<span class=\"raven-heading-dynamic-text\">\r\n\t\t\t\t\t<br>\t\t\t\t<\/span>\r\n\t\t\t\t\t\t\t<span class=\"raven-heading-dynamic-text\">\r\n\t\t\t\t\t<br>\t\t\t\t<\/span>\r\n\t\t\t\t\t\t\t<span class=\"raven-heading-dynamic-text\">\r\n\t\t\t\t\t<br>\t\t\t\t<\/span>\r\n\t\t\t\t\t\t\t<\/span>\r\n\t\t\t\t\t<span class=\"raven-heading-plain-text raven-heading-text-wrapper\">her ayr\u0131nt\u0131s\u0131yla.<\/span>\r\n\t\t\t\t<\/h3>\r\n\t\t\t\t\t\t<\/div>\n\t\t\t\t<\/div>\n\t\t\t\t\t<\/div>\n\t\t\t\t<\/div>\n\t\t<div class=\"elementor-element elementor-element-7d17c7a e-flex e-con-boxed e-con e-parent\" data-id=\"7d17c7a\" data-element_type=\"container\" data-settings=\"{&quot;jet_parallax_layout_list&quot;:[]}\">\n\t\t\t\t\t<div class=\"e-con-inner\">\n\t\t<div class=\"elementor-element elementor-element-24f991e e-con-full e-flex elementor-invisible e-con e-child\" data-id=\"24f991e\" data-element_type=\"container\" data-settings=\"{&quot;jet_parallax_layout_list&quot;:[],&quot;animation&quot;:&quot;fadeInRight&quot;}\">\n\t\t\t\t<div class=\"elementor-element elementor-element-7a85244 elementor-widget elementor-widget-image\" data-id=\"7a85244\" data-element_type=\"widget\" data-widget_type=\"image.default\">\n\t\t\t\t<div class=\"elementor-widget-container\">\n\t\t\t\t\t\t\t\t\t\t\t\t\t\t\t<img fetchpriority=\"high\" decoding=\"async\" width=\"1024\" height=\"683\" src=\"https:\/\/royalgardenbeach.com\/wp-content\/uploads\/2025\/08\/IMG_7595-1-1024x683.png\" class=\"attachment-large size-large wp-image-2126\" alt=\"\" srcset=\"https:\/\/royalgardenbeach.com\/wp-content\/uploads\/2025\/08\/IMG_7595-1-1024x683.png 1024w, https:\/\/royalgardenbeach.com\/wp-content\/uploads\/2025\/08\/IMG_7595-1-300x200.png 300w, https:\/\/royalgardenbeach.com\/wp-content\/uploads\/2025\/08\/IMG_7595-1-768x512.png 768w, https:\/\/royalgardenbeach.com\/wp-content\/uploads\/2025\/08\/IMG_7595-1-1536x1024.png 1536w, https:\/\/royalgardenbeach.com\/wp-content\/uploads\/2025\/08\/IMG_7595-1-2048x1366.png 2048w, https:\/\/royalgardenbeach.com\/wp-content\/uploads\/2025\/08\/IMG_7595-1-18x12.png 18w\" sizes=\"(max-width: 1024px) 100vw, 1024px\" \/>\t\t\t\t\t\t\t\t\t\t\t\t\t\t\t<\/div>\n\t\t\t\t<\/div>\n\t\t\t\t<\/div>\n\t\t<div class=\"elementor-element elementor-element-c3a52b3 e-con-full e-flex elementor-invisible e-con e-child\" data-id=\"c3a52b3\" data-element_type=\"container\" data-settings=\"{&quot;jet_parallax_layout_list&quot;:[],&quot;animation&quot;:&quot;fadeInLeft&quot;}\">\n\t\t\t\t<div class=\"elementor-element elementor-element-f699ee9 elementor-widget elementor-widget-text-editor\" data-id=\"f699ee9\" data-element_type=\"widget\" data-widget_type=\"text-editor.default\">\n\t\t\t\t<div class=\"elementor-widget-container\">\n\t\t\t\t\t\t\t\t\t<h3>Aile 1 Engelli Odas\u0131 (Engelli Dostu)<\/h3><p data-start=\"185\" data-end=\"496\">Mek\u00e2n, konfor ve eri\u015filebilirli\u011fi m\u00fckemmel bir \u015fekilde bir araya getiren Aile 1 Engelli Odam\u0131z, engelli misafirler de dahil olmak \u00fczere aileler veya k\u00fc\u00e7\u00fck gruplar i\u00e7in tasarlanm\u0131\u015ft\u0131r. 50 metrekarelik geni\u015f bir alana yay\u0131lan bu oda, hem mahremiyet hem de birliktelik sunarak herkesin konforlu ve stressiz bir konaklama ge\u00e7irmesini sa\u011flar. Kolay eri\u015fim i\u00e7in ana binaya yak\u0131n bir konumda bulunan bu oda, giri\u015finden t\u00fcm ya\u015fam alanlar\u0131na kadar engelsiz bir tasar\u0131ma sahiptir.<\/p>\t\t\t\t\t\t\t\t<\/div>\n\t\t\t\t<\/div>\n\t\t\t\t<\/div>\n\t\t\t\t\t<\/div>\n\t\t\t\t<\/div>\n\t\t<div class=\"elementor-element elementor-element-f5f0178 e-flex e-con-boxed e-con e-parent\" data-id=\"f5f0178\" data-element_type=\"container\" data-settings=\"{&quot;jet_parallax_layout_list&quot;:[]}\">\n\t\t\t\t\t<div class=\"e-con-inner\">\n\t\t<div class=\"elementor-element elementor-element-4cb608f e-con-full e-flex elementor-invisible e-con e-child\" data-id=\"4cb608f\" data-element_type=\"container\" data-settings=\"{&quot;jet_parallax_layout_list&quot;:[],&quot;animation&quot;:&quot;fadeInLeft&quot;}\">\n\t\t\t\t<div class=\"elementor-element elementor-element-a634165 elementor-widget elementor-widget-text-editor\" data-id=\"a634165\" data-element_type=\"widget\" data-widget_type=\"text-editor.default\">\n\t\t\t\t<div class=\"elementor-widget-container\">\n\t\t\t\t\t\t\t\t\t<p data-start=\"635\" data-end=\"1070\">Konaklama birimi, ana yatak odas\u0131nda bir \u00e7ift ki\u015filik yatak veya iki tek ki\u015filik yatak ve ayr\u0131 oturma alan\u0131nda iki rahat \u00e7ekyat se\u00e7ene\u011fiyle d\u00f6rt ki\u015fiye kadar konforlu bir \u015fekilde konaklama imkan\u0131 sunar. Geni\u015f kap\u0131lar, a\u00e7\u0131k planl\u0131 yollar ve basamaks\u0131z ge\u00e7i\u015fler, odalar aras\u0131nda ge\u00e7i\u015fi kolayla\u015ft\u0131r\u0131r. Banyo, tekerlekli du\u015f, katlan\u0131r koltuk, tutunma barlar\u0131, al\u00e7alt\u0131lm\u0131\u015f lavabo ve kaymaz seramik zeminle tamamen donat\u0131lm\u0131\u015ft\u0131r ve g\u00fcvenlik ve kullan\u0131m kolayl\u0131\u011f\u0131 sa\u011flar.<\/p><p data-start=\"1072\" data-end=\"1545\">Oturma odas\u0131, t\u00fcm misafirlerin kullan\u0131m\u0131na uygun, eri\u015filebilir mobilya d\u00fczenlemeleri ve al\u00e7ak y\u00fczeylerle donat\u0131lm\u0131\u015f, dinlenmek i\u00e7in davetkar bir alan sunar. Geni\u015f pencereler ve varsa balkon veya teras, do\u011fal \u0131\u015f\u0131\u011f\u0131n odaya dolmas\u0131n\u0131 sa\u011flayarak ayd\u0131nl\u0131k ve davetkar bir atmosfer yarat\u0131r. Perdeler, \u0131\u015f\u0131k anahtarlar\u0131 ve prizler kolayca eri\u015filebilecek \u015fekilde konumland\u0131r\u0131l\u0131rken, kulp ve armat\u00fcrlerdeki kontrast renkler gibi ince tasar\u0131m detaylar\u0131 g\u00f6r\u00fcn\u00fcrl\u00fc\u011f\u00fc ve gezinmeyi kolayla\u015ft\u0131r\u0131r.<\/p>\t\t\t\t\t\t\t\t<\/div>\n\t\t\t\t<\/div>\n\t\t\t\t<\/div>\n\t\t<div class=\"elementor-element elementor-element-f0a39e1 e-con-full e-flex elementor-invisible e-con e-child\" data-id=\"f0a39e1\" data-element_type=\"container\" data-settings=\"{&quot;jet_parallax_layout_list&quot;:[],&quot;animation&quot;:&quot;fadeInRight&quot;}\">\n\t\t\t\t<div class=\"elementor-element elementor-element-d8ec553 elementor-widget elementor-widget-image\" data-id=\"d8ec553\" data-element_type=\"widget\" data-widget_type=\"image.default\">\n\t\t\t\t<div class=\"elementor-widget-container\">\n\t\t\t\t\t\t\t\t\t\t\t\t\t\t\t<img decoding=\"async\" width=\"1024\" height=\"683\" src=\"https:\/\/royalgardenbeach.com\/wp-content\/uploads\/2025\/08\/IMG_7603-1024x683.png\" class=\"attachment-large size-large wp-image-2128\" alt=\"\" srcset=\"https:\/\/royalgardenbeach.com\/wp-content\/uploads\/2025\/08\/IMG_7603-1024x683.png 1024w, https:\/\/royalgardenbeach.com\/wp-content\/uploads\/2025\/08\/IMG_7603-300x200.png 300w, https:\/\/royalgardenbeach.com\/wp-content\/uploads\/2025\/08\/IMG_7603-768x512.png 768w, https:\/\/royalgardenbeach.com\/wp-content\/uploads\/2025\/08\/IMG_7603-1536x1024.png 1536w, https:\/\/royalgardenbeach.com\/wp-content\/uploads\/2025\/08\/IMG_7603-2048x1366.png 2048w, https:\/\/royalgardenbeach.com\/wp-content\/uploads\/2025\/08\/IMG_7603-18x12.png 18w\" sizes=\"(max-width: 1024px) 100vw, 1024px\" \/>\t\t\t\t\t\t\t\t\t\t\t\t\t\t\t<\/div>\n\t\t\t\t<\/div>\n\t\t\t\t<\/div>\n\t\t\t\t\t<\/div>\n\t\t\t\t<\/div>\n\t\t<div class=\"elementor-element elementor-element-655e0d3 e-flex e-con-boxed e-con e-parent\" data-id=\"655e0d3\" data-element_type=\"container\" data-settings=\"{&quot;jet_parallax_layout_list&quot;:[]}\">\n\t\t\t\t\t<div class=\"e-con-inner\">\n\t\t<div class=\"elementor-element elementor-element-1d699ab e-con-full e-flex elementor-invisible e-con e-child\" data-id=\"1d699ab\" data-element_type=\"container\" data-settings=\"{&quot;jet_parallax_layout_list&quot;:[],&quot;animation&quot;:&quot;fadeInLeft&quot;}\">\n\t\t\t\t<div class=\"elementor-element elementor-element-4a452c6 elementor-widget elementor-widget-image\" data-id=\"4a452c6\" data-element_type=\"widget\" data-widget_type=\"image.default\">\n\t\t\t\t<div class=\"elementor-widget-container\">\n\t\t\t\t\t\t\t\t\t\t\t\t\t\t\t<img decoding=\"async\" width=\"1024\" height=\"683\" src=\"https:\/\/royalgardenbeach.com\/wp-content\/uploads\/2025\/08\/IMG_7602-1024x683.png\" class=\"attachment-large size-large wp-image-2129\" alt=\"\" srcset=\"https:\/\/royalgardenbeach.com\/wp-content\/uploads\/2025\/08\/IMG_7602-1024x683.png 1024w, https:\/\/royalgardenbeach.com\/wp-content\/uploads\/2025\/08\/IMG_7602-300x200.png 300w, https:\/\/royalgardenbeach.com\/wp-content\/uploads\/2025\/08\/IMG_7602-768x512.png 768w, https:\/\/royalgardenbeach.com\/wp-content\/uploads\/2025\/08\/IMG_7602-1536x1024.png 1536w, https:\/\/royalgardenbeach.com\/wp-content\/uploads\/2025\/08\/IMG_7602-2048x1366.png 2048w, https:\/\/royalgardenbeach.com\/wp-content\/uploads\/2025\/08\/IMG_7602-18x12.png 18w\" sizes=\"(max-width: 1024px) 100vw, 1024px\" \/>\t\t\t\t\t\t\t\t\t\t\t\t\t\t\t<\/div>\n\t\t\t\t<\/div>\n\t\t\t\t<\/div>\n\t\t<div class=\"elementor-element elementor-element-5ca2061 e-con-full e-flex elementor-invisible e-con e-child\" data-id=\"5ca2061\" data-element_type=\"container\" data-settings=\"{&quot;jet_parallax_layout_list&quot;:[],&quot;animation&quot;:&quot;fadeInRight&quot;}\">\n\t\t\t\t<div class=\"elementor-element elementor-element-4da138b elementor-widget elementor-widget-text-editor\" data-id=\"4da138b\" data-element_type=\"widget\" data-widget_type=\"text-editor.default\">\n\t\t\t\t<div class=\"elementor-widget-container\">\n\t\t\t\t\t\t\t\t\t<p data-start=\"1547\" data-end=\"1991\">Otelin her yerinde eri\u015filebilirlik mevcuttur: Basamaks\u0131z eri\u015fim, oday\u0131 resepsiyon, yemek alanlar\u0131, havuz ve otopark gibi \u00f6nemli alanlara ba\u011flar. Engelli konuklar i\u00e7in ayr\u0131lm\u0131\u015f park yerleri, giri\u015fin yak\u0131n\u0131nda uygun bir konumdad\u0131r. Oda i\u00e7i olanaklar aras\u0131nda yatak ba\u015f\u0131 acil durum \u00e7a\u011fr\u0131 d\u00fc\u011fmesi, g\u00f6rsel ve sesli alarmlar ve talep \u00fczerine du\u015f sandalyesi veya y\u00fckseltilmi\u015f klozet kapa\u011f\u0131 gibi ek eri\u015filebilirlik ekipmanlar\u0131 se\u00e7enekleri yer almaktad\u0131r.<\/p><p data-start=\"1993\" data-end=\"2362\">Personelimiz, bagaj ta\u015f\u0131maya yard\u0131mc\u0131 olmak, var\u0131\u015ftan \u00f6nce odan\u0131zda \u00f6zel d\u00fczenlemeler yapmak veya eri\u015filebilir yerel turistik yerler hakk\u0131nda \u00f6nerilerde bulunmak gibi, gizli ve sayg\u0131l\u0131 bir \u015fekilde yard\u0131mc\u0131 olmak \u00fczere e\u011fitilmi\u015ftir. \u00d6zenli tasar\u0131m\u0131 \u00f6zenli hizmetle birle\u015ftiren Family 1 Engelli Odas\u0131, grubunuzun her \u00fcyesi i\u00e7in kusursuz ve keyifli bir tatil sa\u011flar.<\/p>\t\t\t\t\t\t\t\t<\/div>\n\t\t\t\t<\/div>\n\t\t\t\t<\/div>\n\t\t\t\t\t<\/div>\n\t\t\t\t<\/div>\n\t\t<div class=\"elementor-element elementor-element-c989f83 e-flex e-con-boxed elementor-invisible e-con e-parent\" data-id=\"c989f83\" data-element_type=\"container\" data-settings=\"{&quot;jet_parallax_layout_list&quot;:[],&quot;animation&quot;:&quot;fadeInUp&quot;}\">\n\t\t\t\t\t<div class=\"e-con-inner\">\n\t\t\t\t<div class=\"elementor-element elementor-element-ff86315 elementor-icon-list--layout-inline elementor-align-center elementor-list-item-link-full_width elementor-widget elementor-widget-icon-list\" data-id=\"ff86315\" data-element_type=\"widget\" data-widget_type=\"icon-list.default\">\n\t\t\t\t<div class=\"elementor-widget-container\">\n\t\t\t\t\t\t\t<ul class=\"elementor-icon-list-items elementor-inline-items\">\n\t\t\t\t\t\t\t<li class=\"elementor-icon-list-item elementor-inline-item\">\n\t\t\t\t\t\t\t\t\t\t\t<span class=\"elementor-icon-list-icon\">\n\t\t\t\t\t\t\t<svg aria-hidden=\"true\" class=\"e-font-icon-svg e-fas-archway\" viewbox=\"0 0 576 512\" xmlns=\"http:\/\/www.w3.org\/2000\/svg\"><path d=\"M560 448h-16V96H32v352H16.02c-8.84 0-16 7.16-16 16v32c0 8.84 7.16 16 16 16H176c8.84 0 16-7.16 16-16V320c0-53.02 42.98-96 96-96s96 42.98 96 96l.02 160v16c0 8.84 7.16 16 16 16H560c8.84 0 16-7.16 16-16v-32c0-8.84-7.16-16-16-16zm0-448H16C7.16 0 0 7.16 0 16v32c0 8.84 7.16 16 16 16h544c8.84 0 16-7.16 16-16V16c0-8.84-7.16-16-16-16z\"><\/path><\/svg>\t\t\t\t\t\t<\/span>\n\t\t\t\t\t\t\t\t\t\t<span class=\"elementor-icon-list-text\">Balkon<\/span>\n\t\t\t\t\t\t\t\t\t<\/li>\n\t\t\t\t\t\t\t\t<li class=\"elementor-icon-list-item elementor-inline-item\">\n\t\t\t\t\t\t\t\t\t\t\t<span class=\"elementor-icon-list-icon\">\n\t\t\t\t\t\t\t<svg aria-hidden=\"true\" class=\"e-font-icon-svg e-fas-fan\" viewbox=\"0 0 512 512\" xmlns=\"http:\/\/www.w3.org\/2000\/svg\"><path d=\"M352.57 128c-28.09 0-54.09 4.52-77.06 12.86l12.41-123.11C289 7.31 279.81-1.18 269.33.13 189.63 10.13 128 77.64 128 159.43c0 28.09 4.52 54.09 12.86 77.06L17.75 224.08C7.31 223-1.18 232.19.13 242.67c10 79.7 77.51 141.33 159.3 141.33 28.09 0 54.09-4.52 77.06-12.86l-12.41 123.11c-1.05 10.43 8.11 18.93 18.59 17.62 79.7-10 141.33-77.51 141.33-159.3 0-28.09-4.52-54.09-12.86-77.06l123.11 12.41c10.44 1.05 18.93-8.11 17.62-18.59-10-79.7-77.51-141.33-159.3-141.33zM256 288a32 32 0 1 1 32-32 32 32 0 0 1-32 32z\"><\/path><\/svg>\t\t\t\t\t\t<\/span>\n\t\t\t\t\t\t\t\t\t\t<span class=\"elementor-icon-list-text\">Klima<\/span>\n\t\t\t\t\t\t\t\t\t<\/li>\n\t\t\t\t\t\t\t\t<li class=\"elementor-icon-list-item elementor-inline-item\">\n\t\t\t\t\t\t\t\t\t\t\t<span class=\"elementor-icon-list-icon\">\n\t\t\t\t\t\t\t<svg aria-hidden=\"true\" class=\"e-font-icon-svg e-fas-wifi\" viewbox=\"0 0 640 512\" xmlns=\"http:\/\/www.w3.org\/2000\/svg\"><path d=\"M634.91 154.88C457.74-8.99 182.19-8.93 5.09 154.88c-6.66 6.16-6.79 16.59-.35 22.98l34.24 33.97c6.14 6.1 16.02 6.23 22.4.38 145.92-133.68 371.3-133.71 517.25 0 6.38 5.85 16.26 5.71 22.4-.38l34.24-33.97c6.43-6.39 6.3-16.82-.36-22.98zM320 352c-35.35 0-64 28.65-64 64s28.65 64 64 64 64-28.65 64-64-28.65-64-64-64zm202.67-83.59c-115.26-101.93-290.21-101.82-405.34 0-6.9 6.1-7.12 16.69-.57 23.15l34.44 33.99c6 5.92 15.66 6.32 22.05.8 83.95-72.57 209.74-72.41 293.49 0 6.39 5.52 16.05 5.13 22.05-.8l34.44-33.99c6.56-6.46 6.33-17.06-.56-23.15z\"><\/path><\/svg>\t\t\t\t\t\t<\/span>\n\t\t\t\t\t\t\t\t\t\t<span class=\"elementor-icon-list-text\">Kablosuz<\/span>\n\t\t\t\t\t\t\t\t\t<\/li>\n\t\t\t\t\t\t\t\t<li class=\"elementor-icon-list-item elementor-inline-item\">\n\t\t\t\t\t\t\t\t\t\t\t<span class=\"elementor-icon-list-icon\">\n\t\t\t\t\t\t\t<svg aria-hidden=\"true\" class=\"e-font-icon-svg e-fas-coffee\" viewbox=\"0 0 640 512\" xmlns=\"http:\/\/www.w3.org\/2000\/svg\"><path d=\"M192 384h192c53 0 96-43 96-96h32c70.6 0 128-57.4 128-128S582.6 32 512 32H120c-13.3 0-24 10.7-24 24v232c0 53 43 96 96 96zM512 96c35.3 0 64 28.7 64 64s-28.7 64-64 64h-32V96h32zm47.7 384H48.3c-47.6 0-61-64-36-64h583.3c25 0 11.8 64-35.9 64z\"><\/path><\/svg>\t\t\t\t\t\t<\/span>\n\t\t\t\t\t\t\t\t\t\t<span class=\"elementor-icon-list-text\">Kahve<\/span>\n\t\t\t\t\t\t\t\t\t<\/li>\n\t\t\t\t\t\t\t\t<li class=\"elementor-icon-list-item elementor-inline-item\">\n\t\t\t\t\t\t\t\t\t\t\t<span class=\"elementor-icon-list-icon\">\n\t\t\t\t\t\t\t<svg aria-hidden=\"true\" class=\"e-font-icon-svg e-fas-toilet\" viewbox=\"0 0 384 512\" xmlns=\"http:\/\/www.w3.org\/2000\/svg\"><path d=\"M368 48c8.8 0 16-7.2 16-16V16c0-8.8-7.2-16-16-16H16C7.2 0 0 7.2 0 16v16c0 8.8 7.2 16 16 16h16v156.7C11.8 214.8 0 226.9 0 240c0 67.2 34.6 126.2 86.8 160.5l-21.4 70.2C59.1 491.2 74.5 512 96 512h192c21.5 0 36.9-20.8 30.6-41.3l-21.4-70.2C349.4 366.2 384 307.2 384 240c0-13.1-11.8-25.2-32-35.3V48h16zM80 72c0-4.4 3.6-8 8-8h48c4.4 0 8 3.6 8 8v16c0 4.4-3.6 8-8 8H88c-4.4 0-8-3.6-8-8V72zm112 200c-77.1 0-139.6-14.3-139.6-32s62.5-32 139.6-32 139.6 14.3 139.6 32-62.5 32-139.6 32z\"><\/path><\/svg>\t\t\t\t\t\t<\/span>\n\t\t\t\t\t\t\t\t\t\t<span class=\"elementor-icon-list-text\">WC<\/span>\n\t\t\t\t\t\t\t\t\t<\/li>\n\t\t\t\t\t\t<\/ul>\n\t\t\t\t\t\t<\/div>\n\t\t\t\t<\/div>\n\t\t\t\t\t<\/div>\n\t\t\t\t<\/div>\n\t\t\t\t<\/div>","protected":false},"excerpt":{"rendered":"<p>Family 1 Accessible Room (Disabled Friendly) Experience the royal touch feeling essence charm aura in every detail. Family 1 Accessible Room (Disabled Friendly) Perfectly combining space, comfort, and accessibility, our Family 1 Accessible Room is designed to accommodate families or small groups that include guests with reduced mobility. Spanning a generous 50 square meters, the [&hellip;]<\/p>","protected":false},"author":1,"featured_media":0,"parent":0,"menu_order":0,"comment_status":"closed","ping_status":"closed","template":"elementor_header_footer","meta":{"_acf_changed":false,"footnotes":""},"class_list":["post-2118","page","type-page","status-publish","hentry"],"acf":[],"_links":{"self":[{"href":"https:\/\/royalgardenbeach.com\/tr\/wp-json\/wp\/v2\/pages\/2118","targetHints":{"allow":["GET"]}}],"collection":[{"href":"https:\/\/royalgardenbeach.com\/tr\/wp-json\/wp\/v2\/pages"}],"about":[{"href":"https:\/\/royalgardenbeach.com\/tr\/wp-json\/wp\/v2\/types\/page"}],"author":[{"embeddable":true,"href":"https:\/\/royalgardenbeach.com\/tr\/wp-json\/wp\/v2\/users\/1"}],"replies":[{"embeddable":true,"href":"https:\/\/royalgardenbeach.com\/tr\/wp-json\/wp\/v2\/comments?post=2118"}],"version-history":[{"count":4,"href":"https:\/\/royalgardenbeach.com\/tr\/wp-json\/wp\/v2\/pages\/2118\/revisions"}],"predecessor-version":[{"id":2132,"href":"https:\/\/royalgardenbeach.com\/tr\/wp-json\/wp\/v2\/pages\/2118\/revisions\/2132"}],"wp:attachment":[{"href":"https:\/\/royalgardenbeach.com\/tr\/wp-json\/wp\/v2\/media?parent=2118"}],"curies":[{"name":"wp","href":"https:\/\/api.w.org\/{rel}","templated":true}]}}